{"id":734593,"date":"2025-03-03T16:24:32","date_gmt":"2025-03-03T15:24:32","guid":{"rendered":"https:\/\/stoic-curie.212-227-153-4.plesk.page\/producto\/fernbedienung-led-suchscheinwerfer-12-24v\/"},"modified":"2026-02-24T23:34:55","modified_gmt":"2026-02-24T23:34:55","slug":"fernbedienung-led-suchscheinwerfer-12-24v","status":"publish","type":"product","link":"https:\/\/stoic-curie.212-227-153-4.plesk.page\/de\/product\/fernbedienung-led-suchscheinwerfer-12-24v\/","title":{"rendered":"Fernbedienung LED-Suchscheinwerfer 12-24V"},"content":{"rendered":"<p>Fernbedienung LED-Suchscheinwerfer 12-24V &#8211; <\/p>\n<p>Fernbedienung LED-Suchscheinwerfer, der bis zu 50 Meter gesteuert werden kann, mit drahtlosem Bedienfeld. Wasserdichtes Kunststoffgeh\u00e4use, verst\u00e4rkter Nylonfu\u00df. Mit 4-Meter-Kabel, universeller Spannung von 12\/24V. 27W Verbrauch.<\/p>\n","protected":false},"excerpt":{"rendered":"<p>Fernbedienung LED-Suchscheinwerfer 12-24V &#8211; Fernbedienung LED-Suchscheinwerfer, der bis zu 50 Meter gesteuert werden kann, mit drahtlosem Bedienfeld. Wasserdichtes Kunststoffgeh\u00e4use, verst\u00e4rkter<\/p>\n","protected":false},"featured_media":5941067,"comment_status":"open","ping_status":"closed","template":"","meta":[],"product_brand":[3140],"product_cat":[1447],"product_tag":[],"class_list":{"0":"post-734593","1":"product","2":"type-product","3":"status-publish","4":"has-post-thumbnail","6":"product_brand-matromarine-de","7":"product_cat-suchscheinwerfer-und-spotlights","9":"first","10":"instock","11":"shipping-taxable","12":"purchasable","13":"product-type-simple"},"_links":{"self":[{"href":"https:\/\/stoic-curie.212-227-153-4.plesk.page\/de\/wp-json\/wp\/v2\/product\/734593","targetHints":{"allow":["GET"]}}],"collection":[{"href":"https:\/\/stoic-curie.212-227-153-4.plesk.page\/de\/wp-json\/wp\/v2\/product"}],"about":[{"href":"https:\/\/stoic-curie.212-227-153-4.plesk.page\/de\/wp-json\/wp\/v2\/types\/product"}],"replies":[{"embeddable":true,"href":"https:\/\/stoic-curie.212-227-153-4.plesk.page\/de\/wp-json\/wp\/v2\/comments?post=734593"}],"version-history":[{"count":0,"href":"https:\/\/stoic-curie.212-227-153-4.plesk.page\/de\/wp-json\/wp\/v2\/product\/734593\/revisions"}],"wp:featuredmedia":[{"embeddable":true,"href":"https:\/\/stoic-curie.212-227-153-4.plesk.page\/de\/wp-json\/wp\/v2\/media\/5941067"}],"wp:attachment":[{"href":"https:\/\/stoic-curie.212-227-153-4.plesk.page\/de\/wp-json\/wp\/v2\/media?parent=734593"}],"wp:term":[{"taxonomy":"product_brand","embeddable":true,"href":"https:\/\/stoic-curie.212-227-153-4.plesk.page\/de\/wp-json\/wp\/v2\/product_brand?post=734593"},{"taxonomy":"product_cat","embeddable":true,"href":"https:\/\/stoic-curie.212-227-153-4.plesk.page\/de\/wp-json\/wp\/v2\/product_cat?post=734593"},{"taxonomy":"product_tag","embeddable":true,"href":"https:\/\/stoic-curie.212-227-153-4.plesk.page\/de\/wp-json\/wp\/v2\/product_tag?post=734593"}],"curies":[{"name":"wp","href":"https:\/\/api.w.org\/{rel}","templated":true}]}}