{"id":734600,"date":"2025-03-03T16:24:34","date_gmt":"2025-03-03T15:24:34","guid":{"rendered":"https:\/\/stoic-curie.212-227-153-4.plesk.page\/producto\/holzreinigungsbuerste-star-brite-gelb-weich\/"},"modified":"2026-02-24T23:34:55","modified_gmt":"2026-02-24T23:34:55","slug":"holzreinigungsbuerste-star-brite-gelb-weich","status":"publish","type":"product","link":"https:\/\/stoic-curie.212-227-153-4.plesk.page\/de\/product\/holzreinigungsbuerste-star-brite-gelb-weich\/","title":{"rendered":"Holzreinigungsb\u00fcrste Star Brite Gelb Weich"},"content":{"rendered":"<p>Holzreinigungsb\u00fcrste Star Brite Gelb Weich &#8211; <\/p>\n<p>Star-Prene-Faser-Waschb\u00fcrsten mit synthetischem Holzgriff und Sto\u00dfschutz. Drei verschiedene Farb- und Faserarten entsprechend ihrer Anwendung:<br \/>Gelb &#8211; weiche Art: h\u00e4lt Wasser und ist perfekt zum Reinigen von Fenstern und Fiberglasoberfl\u00e4chen.<br \/>Blau &#8211; mittlere Art: ideal f\u00fcr die allgemeine Reinigung.<br \/>Wei\u00df &#8211; harte Art: perfekt f\u00fcr die Deckreinigung, raue und besonders schmutzige Oberfl\u00e4chen.<br \/>Sie passen perfekt zu allen ausziehbaren Griffen von Star Brite.<\/p>\n","protected":false},"excerpt":{"rendered":"<p>Holzreinigungsb\u00fcrste Star Brite Gelb Weich &#8211; Star-Prene-Faser-Waschb\u00fcrsten mit synthetischem Holzgriff und Sto\u00dfschutz. Drei verschiedene Farb- und Faserarten entsprechend ihrer Anwendung:Gelb<\/p>\n","protected":false},"featured_media":5941132,"comment_status":"open","ping_status":"closed","template":"","meta":[],"product_brand":[3435],"product_cat":[1346],"product_tag":[],"class_list":{"0":"post-734600","1":"product","2":"type-product","3":"status-publish","4":"has-post-thumbnail","6":"product_brand-starbrite-de","7":"product_cat-reinigungsbuersten","9":"first","10":"instock","11":"shipping-taxable","12":"purchasable","13":"product-type-simple"},"_links":{"self":[{"href":"https:\/\/stoic-curie.212-227-153-4.plesk.page\/de\/wp-json\/wp\/v2\/product\/734600","targetHints":{"allow":["GET"]}}],"collection":[{"href":"https:\/\/stoic-curie.212-227-153-4.plesk.page\/de\/wp-json\/wp\/v2\/product"}],"about":[{"href":"https:\/\/stoic-curie.212-227-153-4.plesk.page\/de\/wp-json\/wp\/v2\/types\/product"}],"replies":[{"embeddable":true,"href":"https:\/\/stoic-curie.212-227-153-4.plesk.page\/de\/wp-json\/wp\/v2\/comments?post=734600"}],"version-history":[{"count":0,"href":"https:\/\/stoic-curie.212-227-153-4.plesk.page\/de\/wp-json\/wp\/v2\/product\/734600\/revisions"}],"wp:featuredmedia":[{"embeddable":true,"href":"https:\/\/stoic-curie.212-227-153-4.plesk.page\/de\/wp-json\/wp\/v2\/media\/5941132"}],"wp:attachment":[{"href":"https:\/\/stoic-curie.212-227-153-4.plesk.page\/de\/wp-json\/wp\/v2\/media?parent=734600"}],"wp:term":[{"taxonomy":"product_brand","embeddable":true,"href":"https:\/\/stoic-curie.212-227-153-4.plesk.page\/de\/wp-json\/wp\/v2\/product_brand?post=734600"},{"taxonomy":"product_cat","embeddable":true,"href":"https:\/\/stoic-curie.212-227-153-4.plesk.page\/de\/wp-json\/wp\/v2\/product_cat?post=734600"},{"taxonomy":"product_tag","embeddable":true,"href":"https:\/\/stoic-curie.212-227-153-4.plesk.page\/de\/wp-json\/wp\/v2\/product_tag?post=734600"}],"curies":[{"name":"wp","href":"https:\/\/api.w.org\/{rel}","templated":true}]}}