{"id":734601,"date":"2025-03-03T16:24:34","date_gmt":"2025-03-03T15:24:34","guid":{"rendered":"https:\/\/stoic-curie.212-227-153-4.plesk.page\/producto\/deluxe-holzdeckenbuerste-star-brite-blau-medium\/"},"modified":"2026-02-24T23:34:55","modified_gmt":"2026-02-24T23:34:55","slug":"deluxe-holzdeckenbuerste-star-brite-blau-medium","status":"publish","type":"product","link":"https:\/\/stoic-curie.212-227-153-4.plesk.page\/de\/product\/deluxe-holzdeckenbuerste-star-brite-blau-medium\/","title":{"rendered":"Deluxe-Holzdeckenb\u00fcrste Star Brite Blau Medium"},"content":{"rendered":"<p>Deluxe-Holzdeckenb\u00fcrste Star Brite Blau Medium &#8211; <\/p>\n<p>Star-Prene-Faserwaschb\u00fcrsten mit synthetischem Holzgriff und Sto\u00dfschutz. 3 verschiedene Farben und Faserarten je nach Verwendung: <br \/> Gelb &#8211; weiche Art: h\u00e4lt Wasser und ist perfekt zum Reinigen von Fenstern und Fiberglasoberfl\u00e4chen. <br \/> Blau &#8211; mittlere Art: perfekt f\u00fcr allgemeine Reinigung. <br \/> Wei\u00df &#8211; harte Art: perfekt zum Waschen von Decks, rauen und besonders schmutzigen Oberfl\u00e4chen. <br \/> Sie passen perfekt zu allen Star Brite Teleskopgriffen.<\/p>\n","protected":false},"excerpt":{"rendered":"<p>Deluxe-Holzdeckenb\u00fcrste Star Brite Blau Medium &#8211; Star-Prene-Faserwaschb\u00fcrsten mit synthetischem Holzgriff und Sto\u00dfschutz. 3 verschiedene Farben und Faserarten je nach Verwendung:<\/p>\n","protected":false},"featured_media":5941132,"comment_status":"open","ping_status":"closed","template":"","meta":[],"product_brand":[3435],"product_cat":[1346],"product_tag":[],"class_list":{"0":"post-734601","1":"product","2":"type-product","3":"status-publish","4":"has-post-thumbnail","6":"product_brand-starbrite-de","7":"product_cat-reinigungsbuersten","9":"first","10":"instock","11":"shipping-taxable","12":"purchasable","13":"product-type-simple"},"_links":{"self":[{"href":"https:\/\/stoic-curie.212-227-153-4.plesk.page\/de\/wp-json\/wp\/v2\/product\/734601","targetHints":{"allow":["GET"]}}],"collection":[{"href":"https:\/\/stoic-curie.212-227-153-4.plesk.page\/de\/wp-json\/wp\/v2\/product"}],"about":[{"href":"https:\/\/stoic-curie.212-227-153-4.plesk.page\/de\/wp-json\/wp\/v2\/types\/product"}],"replies":[{"embeddable":true,"href":"https:\/\/stoic-curie.212-227-153-4.plesk.page\/de\/wp-json\/wp\/v2\/comments?post=734601"}],"version-history":[{"count":0,"href":"https:\/\/stoic-curie.212-227-153-4.plesk.page\/de\/wp-json\/wp\/v2\/product\/734601\/revisions"}],"wp:featuredmedia":[{"embeddable":true,"href":"https:\/\/stoic-curie.212-227-153-4.plesk.page\/de\/wp-json\/wp\/v2\/media\/5941132"}],"wp:attachment":[{"href":"https:\/\/stoic-curie.212-227-153-4.plesk.page\/de\/wp-json\/wp\/v2\/media?parent=734601"}],"wp:term":[{"taxonomy":"product_brand","embeddable":true,"href":"https:\/\/stoic-curie.212-227-153-4.plesk.page\/de\/wp-json\/wp\/v2\/product_brand?post=734601"},{"taxonomy":"product_cat","embeddable":true,"href":"https:\/\/stoic-curie.212-227-153-4.plesk.page\/de\/wp-json\/wp\/v2\/product_cat?post=734601"},{"taxonomy":"product_tag","embeddable":true,"href":"https:\/\/stoic-curie.212-227-153-4.plesk.page\/de\/wp-json\/wp\/v2\/product_tag?post=734601"}],"curies":[{"name":"wp","href":"https:\/\/api.w.org\/{rel}","templated":true}]}}