{"id":734606,"date":"2025-03-03T16:24:36","date_gmt":"2025-03-03T15:24:36","guid":{"rendered":"https:\/\/stoic-curie.212-227-153-4.plesk.page\/producto\/eva-stossstange-b95-gebogen-95x18x12cm\/"},"modified":"2026-02-24T23:34:55","modified_gmt":"2026-02-24T23:34:55","slug":"eva-stossstange-b95-gebogen-95x18x12cm","status":"publish","type":"product","link":"https:\/\/stoic-curie.212-227-153-4.plesk.page\/de\/product\/eva-stossstange-b95-gebogen-95x18x12cm\/","title":{"rendered":"EVA Sto\u00dfstange B95 Gebogen &#8211; 95x18x12cm"},"content":{"rendered":"<p>EVA Sto\u00dfstange B95 Gebogen &#8211; 95x18x12cm &#8211; <\/p>\n<p>B80\/90 langer und schmaler Puffer f\u00fcr Liegepl\u00e4tze, Pontons, Fingerstege und Transportdocks. Hergestellt aus extra starkem E.V.A. Weichschaum, der seine urspr\u00fcngliche Form selbst bei starker Biegung zur\u00fcckgewinnt. Wetterfest, \u00f6l- und l\u00f6semittelbest\u00e4ndig.<\/p>\n","protected":false},"excerpt":{"rendered":"<p>EVA Sto\u00dfstange B95 Gebogen &#8211; 95x18x12cm &#8211; B80\/90 langer und schmaler Puffer f\u00fcr Liegepl\u00e4tze, Pontons, Fingerstege und Transportdocks. Hergestellt aus<\/p>\n","protected":false},"featured_media":5940065,"comment_status":"open","ping_status":"closed","template":"","meta":[],"product_brand":[3090],"product_cat":[1562],"product_tag":[],"class_list":{"0":"post-734606","1":"product","2":"type-product","3":"status-publish","4":"has-post-thumbnail","6":"product_brand-majoni-de","7":"product_cat-anlegestossdaempfer","9":"first","10":"instock","11":"shipping-taxable","12":"purchasable","13":"product-type-simple"},"_links":{"self":[{"href":"https:\/\/stoic-curie.212-227-153-4.plesk.page\/de\/wp-json\/wp\/v2\/product\/734606","targetHints":{"allow":["GET"]}}],"collection":[{"href":"https:\/\/stoic-curie.212-227-153-4.plesk.page\/de\/wp-json\/wp\/v2\/product"}],"about":[{"href":"https:\/\/stoic-curie.212-227-153-4.plesk.page\/de\/wp-json\/wp\/v2\/types\/product"}],"replies":[{"embeddable":true,"href":"https:\/\/stoic-curie.212-227-153-4.plesk.page\/de\/wp-json\/wp\/v2\/comments?post=734606"}],"version-history":[{"count":0,"href":"https:\/\/stoic-curie.212-227-153-4.plesk.page\/de\/wp-json\/wp\/v2\/product\/734606\/revisions"}],"wp:featuredmedia":[{"embeddable":true,"href":"https:\/\/stoic-curie.212-227-153-4.plesk.page\/de\/wp-json\/wp\/v2\/media\/5940065"}],"wp:attachment":[{"href":"https:\/\/stoic-curie.212-227-153-4.plesk.page\/de\/wp-json\/wp\/v2\/media?parent=734606"}],"wp:term":[{"taxonomy":"product_brand","embeddable":true,"href":"https:\/\/stoic-curie.212-227-153-4.plesk.page\/de\/wp-json\/wp\/v2\/product_brand?post=734606"},{"taxonomy":"product_cat","embeddable":true,"href":"https:\/\/stoic-curie.212-227-153-4.plesk.page\/de\/wp-json\/wp\/v2\/product_cat?post=734606"},{"taxonomy":"product_tag","embeddable":true,"href":"https:\/\/stoic-curie.212-227-153-4.plesk.page\/de\/wp-json\/wp\/v2\/product_tag?post=734606"}],"curies":[{"name":"wp","href":"https:\/\/api.w.org\/{rel}","templated":true}]}}