{"id":734608,"date":"2025-03-03T16:24:36","date_gmt":"2025-03-03T15:24:36","guid":{"rendered":"https:\/\/stoic-curie.212-227-153-4.plesk.page\/producto\/ankerwinde-quick-dp1-500w-12v-niedriges-profil-6mm-kette\/"},"modified":"2026-02-24T23:34:55","modified_gmt":"2026-02-24T23:34:55","slug":"ankerwinde-quick-dp1-500w-12v-niedriges-profil-6mm-kette","status":"publish","type":"product","link":"https:\/\/stoic-curie.212-227-153-4.plesk.page\/de\/product\/ankerwinde-quick-dp1-500w-12v-niedriges-profil-6mm-kette\/","title":{"rendered":"Ankerwinde Quick DP1 500W 12v niedriges Profil &#8211; 6mm Kette"},"content":{"rendered":"<p>Ankerwinde Quick DP1 500W 12v niedriges Profil &#8211; 6mm Kette &#8211; <\/p>\n<p style=\"color: rgb(34, 34, 34); font-family: Arial, Helvetica, sans-serif; font-size: small;\">Wir stellen den Prince DP1 512 Vertical Windlass vor, einen Anker-Windlass aus Italien mit langlebigen Komponenten aus Bronze und Edelstahl.<\/p>\n<p style=\"color: rgb(34, 34, 34); font-family: Arial, Helvetica, sans-serif; font-size: small;\">Dieser Windlass beinhaltet einen Kettenz\u00e4hler-Sensor und ein manuelles Freifall-Kettensystem. Er hat eine Edelstahlbasis und -geh\u00e4use mit einer inneren Verbundstruktur, und sein Motor ist nach IP67 wasserdicht.<\/p>\n<p style=\"color: rgb(34, 34, 34); font-family: Arial, Helvetica, sans-serif; font-size: small;\">Das Paket enth\u00e4lt eine Steuerbox und einen Griff.<\/p>\n<p style=\"color: rgb(34, 34, 34); font-family: Arial, Helvetica, sans-serif; font-size: small;\">Die Edelstahl 316 Basis ist mit einem integrierten Kettenrohr ausgestattet. Die Gypsy eignet sich f\u00fcr eine 6 mm Kette, die den DIN766 oder ISO Standards entspricht, und ist mit einem Kettenz\u00e4hler-Sensor ausgestattet. Sie wird mit einer Relaisbox und einer Gypsy geliefert, die mit oder ohne Trommel erh\u00e4ltlich ist. Der Motor ist mit IP66 f\u00fcr wasserdichte Protection bewertet.<\/p>\n<p style=\"color: rgb(34, 34, 34); font-family: Arial, Helvetica, sans-serif; font-size: small;\"><strong>Prince DP1 512 &#8211; Nur Gypsy<\/strong><\/p>\n<p style=\"color: rgb(34, 34, 34); font-family: Arial, Helvetica, sans-serif; font-size: small;\">Dieser Windlass ist f\u00fcr Boote von 5 m bis 8,5 m (16-28 ft) geeignet.<\/p>\n<ul style=\"color: rgb(34, 34, 34); font-family: Arial, Helvetica, sans-serif; font-size: small;\">\n<li><strong>Trommel:<\/strong>&nbsp;Nein<\/li>\n<li><strong>Motorleistung:<\/strong>&nbsp;500 W<\/li>\n<li><strong>Eingangsspannung:<\/strong>&nbsp;12 V<\/li>\n<li><strong>Maximale Zugkraft:<\/strong>&nbsp;660 kg<\/li>\n<li><strong>Maximale Arbeitslast:<\/strong>&nbsp;200 kg<\/li>\n<li><strong>Arbeitslast:<\/strong>&nbsp;65 kg<\/li>\n<li><strong>Kettengeschwindigkeit bei Arbeitslast:<\/strong>&nbsp;18,5 m\/min<\/li>\n<li><strong>Stromaufnahme bei Arbeitslast:<\/strong>&nbsp;80 A<\/li>\n<li><strong>Deckdicke:<\/strong>&nbsp;20-30 mm<\/li>\n<li><strong>Gewicht:<\/strong>&nbsp;7,4 kg<\/li>\n<li><strong>Gypsy-Gr\u00f6\u00dfe:<\/strong>&nbsp;6 mm<\/li>\n<\/ul>\n<p style=\"color: rgb(34, 34, 34); font-family: Arial, Helvetica, sans-serif; font-size: small;\">Dieser Windlass kombiniert Qualit\u00e4t und Leistung und ist damit eine ausgezeichnete Wahl f\u00fcr Ihre Bootbed\u00fcrfnisse.<\/p>\n","protected":false},"excerpt":{"rendered":"<p>Ankerwinde Quick DP1 500W 12v niedriges Profil &#8211; 6mm Kette &#8211; Wir stellen den Prince DP1 512 Vertical Windlass vor,<\/p>\n","protected":false},"featured_media":5941147,"comment_status":"open","ping_status":"closed","template":"","meta":[],"product_brand":[3280],"product_cat":[1324],"product_tag":[],"class_list":{"0":"post-734608","1":"product","2":"type-product","3":"status-publish","4":"has-post-thumbnail","6":"product_brand-quick-de","7":"product_cat-ankerwinden-quick","9":"first","10":"instock","11":"shipping-taxable","12":"purchasable","13":"product-type-simple"},"_links":{"self":[{"href":"https:\/\/stoic-curie.212-227-153-4.plesk.page\/de\/wp-json\/wp\/v2\/product\/734608","targetHints":{"allow":["GET"]}}],"collection":[{"href":"https:\/\/stoic-curie.212-227-153-4.plesk.page\/de\/wp-json\/wp\/v2\/product"}],"about":[{"href":"https:\/\/stoic-curie.212-227-153-4.plesk.page\/de\/wp-json\/wp\/v2\/types\/product"}],"replies":[{"embeddable":true,"href":"https:\/\/stoic-curie.212-227-153-4.plesk.page\/de\/wp-json\/wp\/v2\/comments?post=734608"}],"version-history":[{"count":0,"href":"https:\/\/stoic-curie.212-227-153-4.plesk.page\/de\/wp-json\/wp\/v2\/product\/734608\/revisions"}],"wp:featuredmedia":[{"embeddable":true,"href":"https:\/\/stoic-curie.212-227-153-4.plesk.page\/de\/wp-json\/wp\/v2\/media\/5941147"}],"wp:attachment":[{"href":"https:\/\/stoic-curie.212-227-153-4.plesk.page\/de\/wp-json\/wp\/v2\/media?parent=734608"}],"wp:term":[{"taxonomy":"product_brand","embeddable":true,"href":"https:\/\/stoic-curie.212-227-153-4.plesk.page\/de\/wp-json\/wp\/v2\/product_brand?post=734608"},{"taxonomy":"product_cat","embeddable":true,"href":"https:\/\/stoic-curie.212-227-153-4.plesk.page\/de\/wp-json\/wp\/v2\/product_cat?post=734608"},{"taxonomy":"product_tag","embeddable":true,"href":"https:\/\/stoic-curie.212-227-153-4.plesk.page\/de\/wp-json\/wp\/v2\/product_tag?post=734608"}],"curies":[{"name":"wp","href":"https:\/\/api.w.org\/{rel}","templated":true}]}}