{"id":734611,"date":"2025-03-03T16:24:37","date_gmt":"2025-03-03T15:24:37","guid":{"rendered":"https:\/\/stoic-curie.212-227-153-4.plesk.page\/producto\/ankerwinde-quick-prince-dp2-700w-12v-niedriges-profil-6mm-kette\/"},"modified":"2026-02-24T23:34:55","modified_gmt":"2026-02-24T23:34:55","slug":"ankerwinde-quick-prince-dp2-700w-12v-niedriges-profil-6mm-kette","status":"publish","type":"product","link":"https:\/\/stoic-curie.212-227-153-4.plesk.page\/de\/product\/ankerwinde-quick-prince-dp2-700w-12v-niedriges-profil-6mm-kette\/","title":{"rendered":"Windlass Quick Prince DP2 700W 12V Niedrigprofil &#8211; 6mm Kette"},"content":{"rendered":"<p>Windlass Quick Prince DP2 700W 12V Niedrigprofil &#8211; 6mm Kette &#8211; <\/p>\n<p style=\"color: rgb(34, 34, 34); font-family: Arial, Helvetica, sans-serif; font-size: small;\">Windlass Prince DP2 712 &#8211; Gypsy nur (6 mm Kette)<\/p>\n<p style=\"color: rgb(34, 34, 34); font-family: Arial, Helvetica, sans-serif; font-size: small;\">Diese Ankerwinde ist f\u00fcr Boote von 7 bis 12 Metern (23 bis 40 Fu\u00df) konzipiert und bietet langlebige Komponenten aus Bronze und Edelstahl.<\/p>\n<p style=\"color: rgb(34, 34, 34); font-family: Arial, Helvetica, sans-serif; font-size: small;\">Sie enth\u00e4lt einen Kettenz\u00e4hler-Sensor und ein manuelles Freifall-Kettensystem, sowie ein Notfall-Handhebesystem und einen Druckhebel. Die Einheit wird mit einem Steuerkasten und einem Griff geliefert. Der Sockel und das Geh\u00e4use bestehen aus Edelstahl und verf\u00fcgen \u00fcber eine innere Verbundstruktur, w\u00e4hrend der Motor eine IP67-Zertifizierung f\u00fcr Wasserdichtigkeit aufweist.<\/p>\n<p style=\"color: rgb(34, 34, 34); font-family: Arial, Helvetica, sans-serif; font-size: small;\">Die Winde hat einen Edelstahl 316 Sockel mit einem integrierten Kettenrohr. Die Seil\/Kette Gypsy ist mit einem Kettenz\u00e4hler-Sensor ausgestattet und wird mit einem Relaiskasten geliefert. Sie k\u00f6nnen die Gypsy mit oder ohne Trommel w\u00e4hlen. Der Motor hat ebenfalls eine IP67-Zertifizierung f\u00fcr wasserdichte Leistung.<\/p>\n<p style=\"color: rgb(34, 34, 34); font-family: Arial, Helvetica, sans-serif; font-size: small;\">Spezifikationen:<\/p>\n<ul style=\"color: rgb(34, 34, 34); font-family: Arial, Helvetica, sans-serif; font-size: small;\">\n<li>Trommel: Nein<\/li>\n<li>Motorleistung: 700 W<\/li>\n<li>Eingangsspannung: 12 V<\/li>\n<li>Maximale Zugkraft: 680 kg<\/li>\n<li>Maximaler Arbeitslast: 300 kg<\/li>\n<li>Arbeitslast: 100 kg<\/li>\n<li>Kettengeschwindigkeit bei Arbeitslast: 11,6 m\/min<\/li>\n<li>Stromaufnahme bei Arbeitslast: 95 A<\/li>\n<li>Deckst\u00e4rke: 25-50 mm<\/li>\n<li>Gewicht: 15,6 kg<\/li>\n<li>Gypsy-Gr\u00f6\u00dfe: 6 mm<\/li>\n<\/ul>\n","protected":false},"excerpt":{"rendered":"<p>Windlass Quick Prince DP2 700W 12V Niedrigprofil &#8211; 6mm Kette &#8211; Windlass Prince DP2 712 &#8211; Gypsy nur (6 mm<\/p>\n","protected":false},"featured_media":5941154,"comment_status":"open","ping_status":"closed","template":"","meta":[],"product_brand":[3280],"product_cat":[1324],"product_tag":[],"class_list":{"0":"post-734611","1":"product","2":"type-product","3":"status-publish","4":"has-post-thumbnail","6":"product_brand-quick-de","7":"product_cat-ankerwinden-quick","9":"first","10":"instock","11":"shipping-taxable","12":"purchasable","13":"product-type-simple"},"_links":{"self":[{"href":"https:\/\/stoic-curie.212-227-153-4.plesk.page\/de\/wp-json\/wp\/v2\/product\/734611","targetHints":{"allow":["GET"]}}],"collection":[{"href":"https:\/\/stoic-curie.212-227-153-4.plesk.page\/de\/wp-json\/wp\/v2\/product"}],"about":[{"href":"https:\/\/stoic-curie.212-227-153-4.plesk.page\/de\/wp-json\/wp\/v2\/types\/product"}],"replies":[{"embeddable":true,"href":"https:\/\/stoic-curie.212-227-153-4.plesk.page\/de\/wp-json\/wp\/v2\/comments?post=734611"}],"version-history":[{"count":0,"href":"https:\/\/stoic-curie.212-227-153-4.plesk.page\/de\/wp-json\/wp\/v2\/product\/734611\/revisions"}],"wp:featuredmedia":[{"embeddable":true,"href":"https:\/\/stoic-curie.212-227-153-4.plesk.page\/de\/wp-json\/wp\/v2\/media\/5941154"}],"wp:attachment":[{"href":"https:\/\/stoic-curie.212-227-153-4.plesk.page\/de\/wp-json\/wp\/v2\/media?parent=734611"}],"wp:term":[{"taxonomy":"product_brand","embeddable":true,"href":"https:\/\/stoic-curie.212-227-153-4.plesk.page\/de\/wp-json\/wp\/v2\/product_brand?post=734611"},{"taxonomy":"product_cat","embeddable":true,"href":"https:\/\/stoic-curie.212-227-153-4.plesk.page\/de\/wp-json\/wp\/v2\/product_cat?post=734611"},{"taxonomy":"product_tag","embeddable":true,"href":"https:\/\/stoic-curie.212-227-153-4.plesk.page\/de\/wp-json\/wp\/v2\/product_tag?post=734611"}],"curies":[{"name":"wp","href":"https:\/\/api.w.org\/{rel}","templated":true}]}}