{"id":734612,"date":"2025-03-03T16:24:37","date_gmt":"2025-03-03T15:24:37","guid":{"rendered":"https:\/\/stoic-curie.212-227-153-4.plesk.page\/producto\/ankerwinde-quick-prince-dp2-700w-12v-ohne-trommel-8mm-kette\/"},"modified":"2026-02-24T23:34:55","modified_gmt":"2026-02-24T23:34:55","slug":"ankerwinde-quick-prince-dp2-700w-12v-ohne-trommel-8mm-kette","status":"publish","type":"product","link":"https:\/\/stoic-curie.212-227-153-4.plesk.page\/de\/product\/ankerwinde-quick-prince-dp2-700w-12v-ohne-trommel-8mm-kette\/","title":{"rendered":"Ankerwinde Quick Prince DP2 700W 12v ohne Trommel &#8211; 8mm Kette"},"content":{"rendered":"<p>Ankerwinde Quick Prince DP2 700W 12v ohne Trommel &#8211; 8mm Kette &#8211; <\/p>\n<p>Windlass Prince DP2 712 &#8211; Nur Gypsy (8mm Kette)<\/p>\n<p>Diese Ankerwinde wurde speziell f\u00fcr Schiffe mit einer L\u00e4nge von 7 bis 12 Metern (23 bis 40 Fu\u00df) entwickelt und besteht aus robusten Materialien wie Bronze und Edelstahl.<\/p>\n<p>Sie verf\u00fcgt \u00fcber einen Kettenz\u00e4hler-Sensor und einen manuellen Free-Fall-Kettenmechanismus sowie ein manuelles Nothebelsystem und einen Druckhebel. Die Einheit wird mit einem Steuerkasten und einem Handgriff geliefert. Der Sockel und das Geh\u00e4use bestehen aus Edelstahl und integrieren ein inneres Verbunddesign, w\u00e4hrend der Motor nach IP67 f\u00fcr wasserdichten Schutz bewertet ist.<\/p>\n<p>Die Winde enth\u00e4lt eine Edelstahl 316 Basis mit integriertem Kettenrohr. Die Seil\/Ketten-Gypsy kommt mit einem Kettenz\u00e4hler-Sensor und wird mit einer Relay-Box geliefert. Sie haben die M\u00f6glichkeit, die Gypsy mit oder ohne Trommel auszuw\u00e4hlen. Der Motor ist ebenfalls nach IP67 f\u00fcr wasserdichte Funktionalit\u00e4t bewertet.<\/p>\n<p>Technische Daten:<\/p>\n<ul>\n<li>Trommel: Nein<\/li>\n<li>Motorleistung: 700 W<\/li>\n<li>Eingangsspannung: 12 V<\/li>\n<li>Maximale Zugkraft: 680 kg<\/li>\n<li>Maximale Arbeitslast: 300 kg<\/li>\n<li>Arbeitslast: 100 kg<\/li>\n<li>Kettengeschwindigkeit bei Arbeitslast: 11,6 m\/min<\/li>\n<li>Stromaufnahme bei Arbeitslast: 95 A<\/li>\n<li>Deckdicke: 25-50 mm<\/li>\n<li>Gewicht: 15,6 kg<\/li>\n<li>Gypsy Gr\u00f6\u00dfe: 6 mm<\/li>\n<\/ul>\n","protected":false},"excerpt":{"rendered":"<p>Ankerwinde Quick Prince DP2 700W 12v ohne Trommel &#8211; 8mm Kette &#8211; Windlass Prince DP2 712 &#8211; Nur Gypsy (8mm<\/p>\n","protected":false},"featured_media":5941154,"comment_status":"open","ping_status":"closed","template":"","meta":[],"product_brand":[3280],"product_cat":[1324],"product_tag":[],"class_list":{"0":"post-734612","1":"product","2":"type-product","3":"status-publish","4":"has-post-thumbnail","6":"product_brand-quick-de","7":"product_cat-ankerwinden-quick","9":"first","10":"instock","11":"shipping-taxable","12":"purchasable","13":"product-type-simple"},"_links":{"self":[{"href":"https:\/\/stoic-curie.212-227-153-4.plesk.page\/de\/wp-json\/wp\/v2\/product\/734612","targetHints":{"allow":["GET"]}}],"collection":[{"href":"https:\/\/stoic-curie.212-227-153-4.plesk.page\/de\/wp-json\/wp\/v2\/product"}],"about":[{"href":"https:\/\/stoic-curie.212-227-153-4.plesk.page\/de\/wp-json\/wp\/v2\/types\/product"}],"replies":[{"embeddable":true,"href":"https:\/\/stoic-curie.212-227-153-4.plesk.page\/de\/wp-json\/wp\/v2\/comments?post=734612"}],"version-history":[{"count":0,"href":"https:\/\/stoic-curie.212-227-153-4.plesk.page\/de\/wp-json\/wp\/v2\/product\/734612\/revisions"}],"wp:featuredmedia":[{"embeddable":true,"href":"https:\/\/stoic-curie.212-227-153-4.plesk.page\/de\/wp-json\/wp\/v2\/media\/5941154"}],"wp:attachment":[{"href":"https:\/\/stoic-curie.212-227-153-4.plesk.page\/de\/wp-json\/wp\/v2\/media?parent=734612"}],"wp:term":[{"taxonomy":"product_brand","embeddable":true,"href":"https:\/\/stoic-curie.212-227-153-4.plesk.page\/de\/wp-json\/wp\/v2\/product_brand?post=734612"},{"taxonomy":"product_cat","embeddable":true,"href":"https:\/\/stoic-curie.212-227-153-4.plesk.page\/de\/wp-json\/wp\/v2\/product_cat?post=734612"},{"taxonomy":"product_tag","embeddable":true,"href":"https:\/\/stoic-curie.212-227-153-4.plesk.page\/de\/wp-json\/wp\/v2\/product_tag?post=734612"}],"curies":[{"name":"wp","href":"https:\/\/api.w.org\/{rel}","templated":true}]}}