{"id":734614,"date":"2025-03-03T16:24:38","date_gmt":"2025-03-03T15:24:38","guid":{"rendered":"https:\/\/stoic-curie.212-227-153-4.plesk.page\/producto\/ankerwinde-quick-prince-dp2-1000w-d-12v-mit-trommel-8mm-kette\/"},"modified":"2026-02-24T23:34:55","modified_gmt":"2026-02-24T23:34:55","slug":"ankerwinde-quick-prince-dp2-1000w-d-12v-mit-trommel-8mm-kette","status":"publish","type":"product","link":"https:\/\/stoic-curie.212-227-153-4.plesk.page\/de\/product\/ankerwinde-quick-prince-dp2-1000w-d-12v-mit-trommel-8mm-kette\/","title":{"rendered":"Ankerwinde Quick Prince DP2 1000W-D 12v &#8211; mit Trommel &#8211; 8mm Kette"},"content":{"rendered":"<p>Ankerwinde Quick Prince DP2 1000W-D 12v &#8211; mit Trommel &#8211; 8mm Kette &#8211; <\/p>\n<p style=\"color: rgb(34, 34, 34); font-family: Arial, Helvetica, sans-serif; font-size: small;\">Wir stellen den Quick Prince DP2 1012D Ankerwinde vor, eine robuste und zuverl\u00e4ssige L\u00f6sung f\u00fcr Ihre Ankerbed\u00fcrfnisse. Diese Winde verf\u00fcgt \u00fcber Traktionskomponenten aus hochwertigem Bronze und Edelstahl, die Langlebigkeit und Leistung gew\u00e4hrleisten. Sie ist mit einem Kettenz\u00e4hler-Sensor und einem manuellen Freifall-Kettensystem ausgestattet, das Ihnen sowohl Komfort als auch Kontrolle bietet. Dar\u00fcber hinaus enth\u00e4lt die Winde ein manuelles Nothebelsystem und einen Druckhebel f\u00fcr zus\u00e4tzliche Sicherheit. Das Paket enth\u00e4lt eine Steuerbox und einen Griff, die alle auf einer Edelstahlbasis und -geh\u00e4use mit innerer Verbundstruktur montiert sind. Der Motor ist mit IP67 f\u00fcr wasserdichte Schutzklasse bewertet, was ihn f\u00fcr verschiedene maritime Umgebungen geeignet macht.<\/p>\n<p style=\"color: rgb(34, 34, 34); font-family: Arial, Helvetica, sans-serif; font-size: small;\">Die Winde verf\u00fcgt \u00fcber eine Edelstahlbasis 316 mit einem integrierten Kettenrohr und einer Edelstahl-Trommel 316. Die Seil-\/Ketten-Winde ist mit einem Kettenz\u00e4hler-Sensor ausgestattet, der eine genaue \u00dcberwachung Ihrer Ankerleine gew\u00e4hrleistet. Das System wird mit einer Relaisbox und einer Winde geliefert, die mit oder ohne Trommel erh\u00e4ltlich ist, um Ihren spezifischen Anforderungen gerecht zu werden.<\/p>\n<p style=\"color: rgb(34, 34, 34); font-family: Arial, Helvetica, sans-serif; font-size: small;\">Die Quick DP2 1012D ist f\u00fcr Boote mit einer L\u00e4nge von 8 bis 13 Metern (26 bis 43 Fu\u00df) konzipiert.<\/p>\n<p style=\"color: rgb(34, 34, 34); font-family: Arial, Helvetica, sans-serif; font-size: small;\">Technische Daten:<\/p>\n<ul style=\"color: rgb(34, 34, 34); font-family: Arial, Helvetica, sans-serif; font-size: small;\">\n<li>Trommel: Ja<\/li>\n<li>Motorleistung: 1000 W<\/li>\n<li>Eingangsspannung: 12 V<\/li>\n<li>Maximale Zugkraft: 930 kg<\/li>\n<li>Maximale Arbeitslast: 420 kg<\/li>\n<li>Arbeitslast: 140 kg<\/li>\n<li>Kettengeschwindigkeit bei Arbeitslast: 16,5 m\/min<\/li>\n<li>Stromaufnahme bei Arbeitslast: 130 A<\/li>\n<li>Deckdicke: 25-50 mm<\/li>\n<li>Gewicht: 17,4 kg<\/li>\n<li>Winde Gr\u00f6\u00dfe: 8 mm<\/li>\n<\/ul>\n<p style=\"color: rgb(34, 34, 34); font-family: Arial, Helvetica, sans-serif; font-size: small;\">Diese Winde kombiniert Funktionalit\u00e4t mit Qualit\u00e4t und ist somit eine hervorragende Wahl f\u00fcr Bootseigent\u00fcmer, die zuverl\u00e4ssige Ankerl\u00f6sungen suchen.<\/p>\n","protected":false},"excerpt":{"rendered":"<p>Ankerwinde Quick Prince DP2 1000W-D 12v &#8211; mit Trommel &#8211; 8mm Kette &#8211; Wir stellen den Quick Prince DP2 1012D<\/p>\n","protected":false},"featured_media":5941161,"comment_status":"open","ping_status":"closed","template":"","meta":[],"product_brand":[3280],"product_cat":[1324],"product_tag":[],"class_list":{"0":"post-734614","1":"product","2":"type-product","3":"status-publish","4":"has-post-thumbnail","6":"product_brand-quick-de","7":"product_cat-ankerwinden-quick","9":"first","10":"instock","11":"shipping-taxable","12":"purchasable","13":"product-type-simple"},"_links":{"self":[{"href":"https:\/\/stoic-curie.212-227-153-4.plesk.page\/de\/wp-json\/wp\/v2\/product\/734614","targetHints":{"allow":["GET"]}}],"collection":[{"href":"https:\/\/stoic-curie.212-227-153-4.plesk.page\/de\/wp-json\/wp\/v2\/product"}],"about":[{"href":"https:\/\/stoic-curie.212-227-153-4.plesk.page\/de\/wp-json\/wp\/v2\/types\/product"}],"replies":[{"embeddable":true,"href":"https:\/\/stoic-curie.212-227-153-4.plesk.page\/de\/wp-json\/wp\/v2\/comments?post=734614"}],"version-history":[{"count":0,"href":"https:\/\/stoic-curie.212-227-153-4.plesk.page\/de\/wp-json\/wp\/v2\/product\/734614\/revisions"}],"wp:featuredmedia":[{"embeddable":true,"href":"https:\/\/stoic-curie.212-227-153-4.plesk.page\/de\/wp-json\/wp\/v2\/media\/5941161"}],"wp:attachment":[{"href":"https:\/\/stoic-curie.212-227-153-4.plesk.page\/de\/wp-json\/wp\/v2\/media?parent=734614"}],"wp:term":[{"taxonomy":"product_brand","embeddable":true,"href":"https:\/\/stoic-curie.212-227-153-4.plesk.page\/de\/wp-json\/wp\/v2\/product_brand?post=734614"},{"taxonomy":"product_cat","embeddable":true,"href":"https:\/\/stoic-curie.212-227-153-4.plesk.page\/de\/wp-json\/wp\/v2\/product_cat?post=734614"},{"taxonomy":"product_tag","embeddable":true,"href":"https:\/\/stoic-curie.212-227-153-4.plesk.page\/de\/wp-json\/wp\/v2\/product_tag?post=734614"}],"curies":[{"name":"wp","href":"https:\/\/api.w.org\/{rel}","templated":true}]}}