{"id":734615,"date":"2025-03-03T16:24:38","date_gmt":"2025-03-03T15:24:38","guid":{"rendered":"https:\/\/stoic-curie.212-227-153-4.plesk.page\/producto\/ankerwinde-quick-prince-dp3-1500w-12v-ohne-trommel-10mm-kette\/"},"modified":"2026-02-24T23:34:55","modified_gmt":"2026-02-24T23:34:55","slug":"ankerwinde-quick-prince-dp3-1500w-12v-ohne-trommel-10mm-kette","status":"publish","type":"product","link":"https:\/\/stoic-curie.212-227-153-4.plesk.page\/de\/product\/ankerwinde-quick-prince-dp3-1500w-12v-ohne-trommel-10mm-kette\/","title":{"rendered":"Ankerwinde Quick Prince DP3 1500W 12V ohne Trommel &#8211; 10mm Kette"},"content":{"rendered":"<p>Ankerwinde Quick Prince DP3 1500W 12V ohne Trommel &#8211; 10mm Kette &#8211; <\/p>\n<p style=\"color: rgb(34, 34, 34); font-family: Arial, Helvetica, sans-serif; font-size: small;\"><strong>Prince DP3 1512 Vertikaler Windlass Niedrig Profil<\/strong><\/p>\n<p style=\"color: rgb(34, 34, 34); font-family: Arial, Helvetica, sans-serif; font-size: small;\">Der Prince DP3 1512 ist ein kompakter Ankerwindlass, der f\u00fcr Widerstandsf\u00e4higkeit und Effizienz konzipiert ist und Traktionskomponenten aus Bronze und Edelstahl enth\u00e4lt. Dieses Modell verf\u00fcgt \u00fcber einen Kettenz\u00e4hler-Sensor und einen manuellen Freifall-Kettenmechanismus, der eine benutzerfreundliche Bedienung erm\u00f6glicht. Dar\u00fcber hinaus ist es mit einem Notfall-Handhebesystem und einem Druckhebel ausgestattet, um die Sicherheit zu erh\u00f6hen. Das Windlass wird mit einer Steuerbox und einem Handgriff geliefert, w\u00e4hrend seine Edelstahlbasis und -verkleidung betr\u00e4chtlichen Schutz bieten. Der Motor hat die Schutzart IP67, was eine wasserdichte Funktionalit\u00e4t gew\u00e4hrleistet.<\/p>\n<p style=\"color: rgb(34, 34, 34); font-family: Arial, Helvetica, sans-serif; font-size: small;\"><strong>Hauptmerkmale:<\/strong><\/p>\n<ul style=\"color: rgb(34, 34, 34); font-family: Arial, Helvetica, sans-serif; font-size: small;\">\n<li><strong>Basismaterial:<\/strong>&nbsp;Aus Edelstahl 316, ausgestattet mit einem integrierten Kettenrohr.<\/li>\n<li><strong>Gypsy:<\/strong>&nbsp;Der Seil-\/Ketten-Gypsy ist mit einem Kettenz\u00e4hler-Sensor ausgestattet.<\/li>\n<li><strong>Relaisbox:<\/strong>&nbsp;Lieferung mit einer Relaisbox und einem Gypsy, erh\u00e4ltlich mit oder ohne Trommel.<\/li>\n<li><strong>Motorbewertung:<\/strong>&nbsp;IP67 wasserdichter Motor.<\/li>\n<\/ul>\n<p style=\"color: rgb(34, 34, 34); font-family: Arial, Helvetica, sans-serif; font-size: small;\"><strong>Spezifikationen:<\/strong><\/p>\n<ul style=\"color: rgb(34, 34, 34); font-family: Arial, Helvetica, sans-serif; font-size: small;\">\n<li><strong>Modell:<\/strong>&nbsp;Prince DP3 1512 &#8211; Nur Gypsy<\/li>\n<li><strong>Empfohlene Bootsgr\u00f6\u00dfe:<\/strong>&nbsp;Ideal f\u00fcr Schiffe von 12 m bis 15 m (39-49 ft)<\/li>\n<li><strong>Trommel:<\/strong>&nbsp;Nicht im Lieferumfang enthalten<\/li>\n<li><strong>Motorleistung:<\/strong>&nbsp;1500 W<\/li>\n<li><strong>Eingangsspannung:<\/strong>&nbsp;12 V<\/li>\n<li><strong>Maximale Zugkraft:<\/strong>&nbsp;1100 kg<\/li>\n<li><strong>Maximale Arbeitslast:<\/strong>&nbsp;470 kg<\/li>\n<li><strong>Arbeitslast:<\/strong>&nbsp;160 kg<\/li>\n<li><strong>Ketten Geschwindigkeit bei Arbeitslast:<\/strong>&nbsp;16,3 m\/min<\/li>\n<li><strong>Stromaufnahme bei Arbeitslast:<\/strong>&nbsp;155 A<\/li>\n<li><strong>Deckdicke:<\/strong>&nbsp;30-50 mm<\/li>\n<li><strong>Gewicht:<\/strong>&nbsp;20,4 kg<\/li>\n<li><strong>Gypsy Gr\u00f6\u00dfe:<\/strong>&nbsp;10 mm<\/li>\n<\/ul>\n<p style=\"color: rgb(34, 34, 34); font-family: Arial, Helvetica, sans-serif; font-size: small;\">Dieses Windlass stellt eine hervorragende Option f\u00fcr Bootsbesitzer dar, die nach einer zuverl\u00e4ssigen und hochwertigen Ankerl\u00f6sung suchen.<\/p>\n","protected":false},"excerpt":{"rendered":"<p>Ankerwinde Quick Prince DP3 1500W 12V ohne Trommel &#8211; 10mm Kette &#8211; Prince DP3 1512 Vertikaler Windlass Niedrig Profil Der<\/p>\n","protected":false},"featured_media":5941164,"comment_status":"open","ping_status":"closed","template":"","meta":[],"product_brand":[3280],"product_cat":[1324],"product_tag":[],"class_list":{"0":"post-734615","1":"product","2":"type-product","3":"status-publish","4":"has-post-thumbnail","6":"product_brand-quick-de","7":"product_cat-ankerwinden-quick","9":"first","10":"instock","11":"shipping-taxable","12":"purchasable","13":"product-type-simple"},"_links":{"self":[{"href":"https:\/\/stoic-curie.212-227-153-4.plesk.page\/de\/wp-json\/wp\/v2\/product\/734615","targetHints":{"allow":["GET"]}}],"collection":[{"href":"https:\/\/stoic-curie.212-227-153-4.plesk.page\/de\/wp-json\/wp\/v2\/product"}],"about":[{"href":"https:\/\/stoic-curie.212-227-153-4.plesk.page\/de\/wp-json\/wp\/v2\/types\/product"}],"replies":[{"embeddable":true,"href":"https:\/\/stoic-curie.212-227-153-4.plesk.page\/de\/wp-json\/wp\/v2\/comments?post=734615"}],"version-history":[{"count":0,"href":"https:\/\/stoic-curie.212-227-153-4.plesk.page\/de\/wp-json\/wp\/v2\/product\/734615\/revisions"}],"wp:featuredmedia":[{"embeddable":true,"href":"https:\/\/stoic-curie.212-227-153-4.plesk.page\/de\/wp-json\/wp\/v2\/media\/5941164"}],"wp:attachment":[{"href":"https:\/\/stoic-curie.212-227-153-4.plesk.page\/de\/wp-json\/wp\/v2\/media?parent=734615"}],"wp:term":[{"taxonomy":"product_brand","embeddable":true,"href":"https:\/\/stoic-curie.212-227-153-4.plesk.page\/de\/wp-json\/wp\/v2\/product_brand?post=734615"},{"taxonomy":"product_cat","embeddable":true,"href":"https:\/\/stoic-curie.212-227-153-4.plesk.page\/de\/wp-json\/wp\/v2\/product_cat?post=734615"},{"taxonomy":"product_tag","embeddable":true,"href":"https:\/\/stoic-curie.212-227-153-4.plesk.page\/de\/wp-json\/wp\/v2\/product_tag?post=734615"}],"curies":[{"name":"wp","href":"https:\/\/api.w.org\/{rel}","templated":true}]}}