{"id":734616,"date":"2025-03-03T16:24:38","date_gmt":"2025-03-03T15:24:38","guid":{"rendered":"https:\/\/stoic-curie.212-227-153-4.plesk.page\/producto\/ankerwinde-quick-prince-dp3-1500w-d-mit-trommel-12v-10mm-kette\/"},"modified":"2026-02-24T23:34:55","modified_gmt":"2026-02-24T23:34:55","slug":"ankerwinde-quick-prince-dp3-1500w-d-mit-trommel-12v-10mm-kette","status":"publish","type":"product","link":"https:\/\/stoic-curie.212-227-153-4.plesk.page\/de\/product\/ankerwinde-quick-prince-dp3-1500w-d-mit-trommel-12v-10mm-kette\/","title":{"rendered":"Ankerwinde Quick Prince DP3 1500W-D mit Trommel 12V &#8211; 10mm Kette"},"content":{"rendered":"<p>Ankerwinde Quick Prince DP3 1500W-D mit Trommel 12V &#8211; 10mm Kette &#8211; <\/p>\n<p style=\"color: rgb(34, 34, 34); font-family: Arial, Helvetica, sans-serif; font-size: small;\">Pr\u00e4sentation des Prince DP3 1512D Vertikal-Windsystems, einer robusten Ankerwinde mit Traktionskomponenten aus Bronze und rostfreiem Stahl. Dieses Modell ist mit einem Kettenz\u00e4hler-Sensor und einem manuellen Freifallkettensystem ausgestattet, das eine einfache Bedienung gew\u00e4hrleistet. Es umfasst auch ein Notfall-Handhebesystem und einen Druckhebel f\u00fcr zus\u00e4tzliche Sicherheit. Die Winde wird mit einer Steuerbox und einem Handgriff geliefert, die alle auf einer langlebigen Basis und einem Geh\u00e4use aus rostfreiem Stahl montiert sind. Der Motor ist mit IP67 f\u00fcr wasserdichte Schutzklassifizierung bewertet.<\/p>\n<p style=\"color: rgb(34, 34, 34); font-family: Arial, Helvetica, sans-serif; font-size: small;\">Die Winde verf\u00fcgt \u00fcber eine Basis aus rostfreiem Stahl 316 mit einem integrierten Kettenrohr. Sie ist mit einer Seil\/Ketten-Gypsy ausgestattet, die einen Kettenz\u00e4hler-Sensor enth\u00e4lt. Das Ger\u00e4t wird mit einer Relaisbox und einer Gypsy geliefert, die mit oder ohne Trommel konfiguriert werden kann. Der Motor hat eine IP67 wasserdichte Klassifizierung.<\/p>\n<p style=\"color: rgb(34, 34, 34); font-family: Arial, Helvetica, sans-serif; font-size: small;\">Der Prince DP3 1512D ist f\u00fcr Boote von 12 bis 15 Metern (39 bis 49 Fu\u00df) L\u00e4nge geeignet.<\/p>\n<p style=\"color: rgb(34, 34, 34); font-family: Arial, Helvetica, sans-serif; font-size: small;\">Spezifikationen:<\/p>\n<ul style=\"color: rgb(34, 34, 34); font-family: Arial, Helvetica, sans-serif; font-size: small;\">\n<li> Trommel: Ja<\/li>\n<li> Motorleistung: 1500 W<\/li>\n<li> Eingangsspannung: 12 V<\/li>\n<li> Maximale Zugkraft: 1100 kg<\/li>\n<li> Maximale Arbeitslast: 470 kg<\/li>\n<li> Arbeitslast: 160 kg<\/li>\n<li> Ketten Geschwindigkeit bei Arbeitslast: 16,3 m\/min<\/li>\n<li> Stromaufnahme bei Arbeitslast: 155 A<\/li>\n<li> Deckst\u00e4rke: 30-50 mm<\/li>\n<li> Gewicht: 21,4 kg<\/li>\n<li> Gypsy Gr\u00f6\u00dfe: 10 mm<\/li>\n<\/ul>\n<p style=\"color: rgb(34, 34, 34); font-family: Arial, Helvetica, sans-serif; font-size: small;\">Diese Winde kombiniert Qualit\u00e4tskonstruktion mit fortschrittlichen Funktionen und ist eine ausgezeichnete Wahl f\u00fcr Bootsbesitzer, die Zuverl\u00e4ssigkeit und Leistung suchen.<\/p>\n","protected":false},"excerpt":{"rendered":"<p>Ankerwinde Quick Prince DP3 1500W-D mit Trommel 12V &#8211; 10mm Kette &#8211; Pr\u00e4sentation des Prince DP3 1512D Vertikal-Windsystems, einer robusten<\/p>\n","protected":false},"featured_media":5941169,"comment_status":"open","ping_status":"closed","template":"","meta":[],"product_brand":[3280],"product_cat":[1324],"product_tag":[],"class_list":{"0":"post-734616","1":"product","2":"type-product","3":"status-publish","4":"has-post-thumbnail","6":"product_brand-quick-de","7":"product_cat-ankerwinden-quick","9":"first","10":"instock","11":"shipping-taxable","12":"purchasable","13":"product-type-simple"},"_links":{"self":[{"href":"https:\/\/stoic-curie.212-227-153-4.plesk.page\/de\/wp-json\/wp\/v2\/product\/734616","targetHints":{"allow":["GET"]}}],"collection":[{"href":"https:\/\/stoic-curie.212-227-153-4.plesk.page\/de\/wp-json\/wp\/v2\/product"}],"about":[{"href":"https:\/\/stoic-curie.212-227-153-4.plesk.page\/de\/wp-json\/wp\/v2\/types\/product"}],"replies":[{"embeddable":true,"href":"https:\/\/stoic-curie.212-227-153-4.plesk.page\/de\/wp-json\/wp\/v2\/comments?post=734616"}],"version-history":[{"count":0,"href":"https:\/\/stoic-curie.212-227-153-4.plesk.page\/de\/wp-json\/wp\/v2\/product\/734616\/revisions"}],"wp:featuredmedia":[{"embeddable":true,"href":"https:\/\/stoic-curie.212-227-153-4.plesk.page\/de\/wp-json\/wp\/v2\/media\/5941169"}],"wp:attachment":[{"href":"https:\/\/stoic-curie.212-227-153-4.plesk.page\/de\/wp-json\/wp\/v2\/media?parent=734616"}],"wp:term":[{"taxonomy":"product_brand","embeddable":true,"href":"https:\/\/stoic-curie.212-227-153-4.plesk.page\/de\/wp-json\/wp\/v2\/product_brand?post=734616"},{"taxonomy":"product_cat","embeddable":true,"href":"https:\/\/stoic-curie.212-227-153-4.plesk.page\/de\/wp-json\/wp\/v2\/product_cat?post=734616"},{"taxonomy":"product_tag","embeddable":true,"href":"https:\/\/stoic-curie.212-227-153-4.plesk.page\/de\/wp-json\/wp\/v2\/product_tag?post=734616"}],"curies":[{"name":"wp","href":"https:\/\/api.w.org\/{rel}","templated":true}]}}