{"id":734619,"date":"2025-03-03T16:24:39","date_gmt":"2025-03-03T15:24:39","guid":{"rendered":"https:\/\/stoic-curie.212-227-153-4.plesk.page\/producto\/stingray-starfire-hydrofoils-40-300-ps\/"},"modified":"2026-02-24T23:34:55","modified_gmt":"2026-02-24T23:34:55","slug":"stingray-starfire-hydrofoils-40-300-ps","status":"publish","type":"product","link":"https:\/\/stoic-curie.212-227-153-4.plesk.page\/de\/product\/stingray-starfire-hydrofoils-40-300-ps\/","title":{"rendered":"Stingray Starfire Hydrofoils 40-300 PS"},"content":{"rendered":"<p>Stingray Starfire Hydrofoils 40-300 PS &#8211; <\/p>\n<p>Die StingRay Starfire Hydrofoils mit ihrem nach hinten geneigten Delta-Fl\u00fcgelprofil bieten eine verbesserte Stabilisierung dank der verl\u00e4ngerten Fl\u00fcgelspitzen. Alle besten Eigenschaften von StingRay zu einem niedrigeren Preis. Hergestellt aus hydrophilem, wasseraufnahmef\u00e4higem Material, das Reibung eliminiert. Montagesockelbreite 175 mm, ohne Bohren zu installieren.<br \/>&#8211; Sparen Sie Geld durch weniger Kraftstoffverbrauch<br \/>&#8211; Erreichen Sie schneller den Gleitmodus<br \/>&#8211; Halten Sie das Boot mit deutlich weniger Motorumdrehungen in der Gleitphase<br \/>&#8211; Stabilisiert das Boot<br \/>&#8211; Reduziert das Chinewalking und das H\u00fcpfen<\/p>\n","protected":false},"excerpt":{"rendered":"<p>Stingray Starfire Hydrofoils 40-300 PS &#8211; Die StingRay Starfire Hydrofoils mit ihrem nach hinten geneigten Delta-Fl\u00fcgelprofil bieten eine verbesserte Stabilisierung<\/p>\n","protected":false},"featured_media":5941190,"comment_status":"open","ping_status":"closed","template":"","meta":[],"product_brand":[3440],"product_cat":[1519,1540],"product_tag":[],"class_list":{"0":"post-734619","1":"product","2":"type-product","3":"status-publish","4":"has-post-thumbnail","6":"product_brand-stingray-de","7":"product_cat-trimklappen","8":"product_cat-zubehoer-fuer-aussenborder","10":"first","11":"outofstock","12":"shipping-taxable","13":"purchasable","14":"product-type-simple"},"_links":{"self":[{"href":"https:\/\/stoic-curie.212-227-153-4.plesk.page\/de\/wp-json\/wp\/v2\/product\/734619","targetHints":{"allow":["GET"]}}],"collection":[{"href":"https:\/\/stoic-curie.212-227-153-4.plesk.page\/de\/wp-json\/wp\/v2\/product"}],"about":[{"href":"https:\/\/stoic-curie.212-227-153-4.plesk.page\/de\/wp-json\/wp\/v2\/types\/product"}],"replies":[{"embeddable":true,"href":"https:\/\/stoic-curie.212-227-153-4.plesk.page\/de\/wp-json\/wp\/v2\/comments?post=734619"}],"version-history":[{"count":0,"href":"https:\/\/stoic-curie.212-227-153-4.plesk.page\/de\/wp-json\/wp\/v2\/product\/734619\/revisions"}],"wp:featuredmedia":[{"embeddable":true,"href":"https:\/\/stoic-curie.212-227-153-4.plesk.page\/de\/wp-json\/wp\/v2\/media\/5941190"}],"wp:attachment":[{"href":"https:\/\/stoic-curie.212-227-153-4.plesk.page\/de\/wp-json\/wp\/v2\/media?parent=734619"}],"wp:term":[{"taxonomy":"product_brand","embeddable":true,"href":"https:\/\/stoic-curie.212-227-153-4.plesk.page\/de\/wp-json\/wp\/v2\/product_brand?post=734619"},{"taxonomy":"product_cat","embeddable":true,"href":"https:\/\/stoic-curie.212-227-153-4.plesk.page\/de\/wp-json\/wp\/v2\/product_cat?post=734619"},{"taxonomy":"product_tag","embeddable":true,"href":"https:\/\/stoic-curie.212-227-153-4.plesk.page\/de\/wp-json\/wp\/v2\/product_tag?post=734619"}],"curies":[{"name":"wp","href":"https:\/\/api.w.org\/{rel}","templated":true}]}}