{"id":734623,"date":"2025-03-03T16:24:39","date_gmt":"2025-03-03T15:24:39","guid":{"rendered":"https:\/\/stoic-curie.212-227-153-4.plesk.page\/producto\/elastisches-isolierband-h50mm-x-5m-bis-zu-600-grad\/"},"modified":"2026-02-24T23:34:55","modified_gmt":"2026-02-24T23:34:55","slug":"elastisches-isolierband-h50mm-x-5m-bis-zu-600-grad","status":"publish","type":"product","link":"https:\/\/stoic-curie.212-227-153-4.plesk.page\/de\/product\/elastisches-isolierband-h50mm-x-5m-bis-zu-600-grad\/","title":{"rendered":"Elastisches Isolierband H50mm x 5m bis zu 600 Grad"},"content":{"rendered":"<p>Elastisches Isolierband H50mm x 5m bis zu 600 Grad &#8211; <\/p>\n<p>Elastisches thermisch isolierendes Fiberglas-Metallband, das hohen Temperaturen standh\u00e4lt. Hergestellt aus einem Fiberglasgewebe, das mit einer Aluminiumschicht kombiniert ist, was es flexibler macht. Seine elastischen Eigenschaften k\u00f6nnen auch leicht auf Auspuffb\u00f6gen angewendet werden. In der Regel sind 2\/3 Lagen ausreichend f\u00fcr die meisten Dieselauspuffanlagen. Maximale Betriebstemperatur: 600\u00b0C. Eine sch\u00fctzende \u00e4u\u00dfere Schicht aus selbstamalgamierendem Elastomerband, das hohen Temperaturen standh\u00e4lt, kann hinzugef\u00fcgt werden, um eine homogene Oberfl\u00e4che zu schaffen.<\/p>\n","protected":false},"excerpt":{"rendered":"<p>Elastisches Isolierband H50mm x 5m bis zu 600 Grad &#8211; Elastisches thermisch isolierendes Fiberglas-Metallband, das hohen Temperaturen standh\u00e4lt. Hergestellt aus<\/p>\n","protected":false},"featured_media":5941198,"comment_status":"open","ping_status":"closed","template":"","meta":[],"product_brand":[3290],"product_cat":[1523],"product_tag":[],"class_list":{"0":"post-734623","1":"product","2":"type-product","3":"status-publish","4":"has-post-thumbnail","6":"product_brand-quietlife-de","7":"product_cat-isolierung-und-schalldaemmung","9":"first","10":"instock","11":"shipping-taxable","12":"purchasable","13":"product-type-simple"},"_links":{"self":[{"href":"https:\/\/stoic-curie.212-227-153-4.plesk.page\/de\/wp-json\/wp\/v2\/product\/734623","targetHints":{"allow":["GET"]}}],"collection":[{"href":"https:\/\/stoic-curie.212-227-153-4.plesk.page\/de\/wp-json\/wp\/v2\/product"}],"about":[{"href":"https:\/\/stoic-curie.212-227-153-4.plesk.page\/de\/wp-json\/wp\/v2\/types\/product"}],"replies":[{"embeddable":true,"href":"https:\/\/stoic-curie.212-227-153-4.plesk.page\/de\/wp-json\/wp\/v2\/comments?post=734623"}],"version-history":[{"count":0,"href":"https:\/\/stoic-curie.212-227-153-4.plesk.page\/de\/wp-json\/wp\/v2\/product\/734623\/revisions"}],"wp:featuredmedia":[{"embeddable":true,"href":"https:\/\/stoic-curie.212-227-153-4.plesk.page\/de\/wp-json\/wp\/v2\/media\/5941198"}],"wp:attachment":[{"href":"https:\/\/stoic-curie.212-227-153-4.plesk.page\/de\/wp-json\/wp\/v2\/media?parent=734623"}],"wp:term":[{"taxonomy":"product_brand","embeddable":true,"href":"https:\/\/stoic-curie.212-227-153-4.plesk.page\/de\/wp-json\/wp\/v2\/product_brand?post=734623"},{"taxonomy":"product_cat","embeddable":true,"href":"https:\/\/stoic-curie.212-227-153-4.plesk.page\/de\/wp-json\/wp\/v2\/product_cat?post=734623"},{"taxonomy":"product_tag","embeddable":true,"href":"https:\/\/stoic-curie.212-227-153-4.plesk.page\/de\/wp-json\/wp\/v2\/product_tag?post=734623"}],"curies":[{"name":"wp","href":"https:\/\/api.w.org\/{rel}","templated":true}]}}