{"id":734626,"date":"2025-03-03T16:24:40","date_gmt":"2025-03-03T15:24:40","guid":{"rendered":"https:\/\/stoic-curie.212-227-153-4.plesk.page\/producto\/edelstahl-gasherd-can-2-brenner-mit-kochfeld\/"},"modified":"2026-02-24T23:34:55","modified_gmt":"2026-02-24T23:34:55","slug":"edelstahl-gasherd-can-2-brenner-mit-kochfeld","status":"publish","type":"product","link":"https:\/\/stoic-curie.212-227-153-4.plesk.page\/de\/product\/edelstahl-gasherd-can-2-brenner-mit-kochfeld\/","title":{"rendered":"Edelstahl-Gasherd CAN 2-Brenner mit Kochfeld"},"content":{"rendered":"<p>Edelstahl-Gasherd CAN 2-Brenner mit Kochfeld &#8211; <\/p>\n<p style=\"color: rgb(34, 34, 34); font-family: Arial, Helvetica, sans-serif; font-size: small;\">Design, Qualit\u00e4t und Leistung sind die Hauptmerkmale dieses hochwertigen RVS-Gasofens. Er verf\u00fcgt \u00fcber zwei Brenner und ist aus robustem Edelstahl gefertigt. Die schwarze Thermoglasoberfl\u00e4che verleiht dem Design eine ansprechende Note. Dieser Ofen eignet sich sowohl f\u00fcr feste als auch f\u00fcr halterlose Installationen und wird mit einem Montageset geliefert.<\/p>\n<p style=\"color: rgb(34, 34, 34); font-family: Arial, Helvetica, sans-serif; font-size: small;\">Der Edelstahlrahmen unterst\u00fctzt einen Gasherd mit einer geh\u00e4rteten Glasplatte und einem 30-Liter-Ofen. Er verf\u00fcgt \u00fcber eine Piezoz\u00fcndung und Sicherheitsventile an allen Brennern. Das nivellierte Gitter erleichtert das Rutschen der T\u00f6pfe. Der Ofen ist mit einem ergonomischen Griff, einer bel\u00fcfteten T\u00fcr, Doppelglas mit integriertem Thermometer, einem Ofengitter, einem W\u00e4rmesenker und Aluminium-Brennerabdeckungen ausgestattet. Der einzelne Brenner hat eine Leistung von 1900 W, w\u00e4hrend der Ofen mit 2000 W betrieben wird.<\/p>\n<p style=\"color: rgb(34, 34, 34); font-family: Arial, Helvetica, sans-serif; font-size: small;\"><strong>Technische Spezifikationen<\/strong><\/p>\n<ul style=\"color: rgb(34, 34, 34); font-family: Arial, Helvetica, sans-serif; font-size: small;\">\n<li>Anzahl der Brenner: 2<\/li>\n<li>Ofenvolumen: 30 Liter<\/li>\n<li>Sicherung: thermisch<\/li>\n<li>Gasdruck: 30 mbar<\/li>\n<li>Ofenleistung: 1900 W<\/li>\n<li>Brennerleistung:\n<ul>\n<li>1x kleiner Brenner: 1000 W<\/li>\n<li>1x gro\u00dfer Brenner: 1750 W<\/li>\n<\/ul>\n<\/li>\n<li>Materialien: Edelstahl<\/li>\n<li>Nettogewicht: 22 kg<\/li>\n<li>Abmessungen (B x T x H): 500 x 410 x 458 mm<\/li>\n<\/ul>\n","protected":false},"excerpt":{"rendered":"<p>Edelstahl-Gasherd CAN 2-Brenner mit Kochfeld &#8211; Design, Qualit\u00e4t und Leistung sind die Hauptmerkmale dieses hochwertigen RVS-Gasofens. Er verf\u00fcgt \u00fcber zwei<\/p>\n","protected":false},"featured_media":5941203,"comment_status":"open","ping_status":"closed","template":"","meta":[],"product_brand":[2855],"product_cat":[1354],"product_tag":[],"class_list":{"0":"post-734626","1":"product","2":"type-product","3":"status-publish","4":"has-post-thumbnail","6":"product_brand-can-marine-de","7":"product_cat-bootskocher","9":"first","10":"outofstock","11":"shipping-taxable","12":"purchasable","13":"product-type-simple"},"_links":{"self":[{"href":"https:\/\/stoic-curie.212-227-153-4.plesk.page\/de\/wp-json\/wp\/v2\/product\/734626","targetHints":{"allow":["GET"]}}],"collection":[{"href":"https:\/\/stoic-curie.212-227-153-4.plesk.page\/de\/wp-json\/wp\/v2\/product"}],"about":[{"href":"https:\/\/stoic-curie.212-227-153-4.plesk.page\/de\/wp-json\/wp\/v2\/types\/product"}],"replies":[{"embeddable":true,"href":"https:\/\/stoic-curie.212-227-153-4.plesk.page\/de\/wp-json\/wp\/v2\/comments?post=734626"}],"version-history":[{"count":0,"href":"https:\/\/stoic-curie.212-227-153-4.plesk.page\/de\/wp-json\/wp\/v2\/product\/734626\/revisions"}],"wp:featuredmedia":[{"embeddable":true,"href":"https:\/\/stoic-curie.212-227-153-4.plesk.page\/de\/wp-json\/wp\/v2\/media\/5941203"}],"wp:attachment":[{"href":"https:\/\/stoic-curie.212-227-153-4.plesk.page\/de\/wp-json\/wp\/v2\/media?parent=734626"}],"wp:term":[{"taxonomy":"product_brand","embeddable":true,"href":"https:\/\/stoic-curie.212-227-153-4.plesk.page\/de\/wp-json\/wp\/v2\/product_brand?post=734626"},{"taxonomy":"product_cat","embeddable":true,"href":"https:\/\/stoic-curie.212-227-153-4.plesk.page\/de\/wp-json\/wp\/v2\/product_cat?post=734626"},{"taxonomy":"product_tag","embeddable":true,"href":"https:\/\/stoic-curie.212-227-153-4.plesk.page\/de\/wp-json\/wp\/v2\/product_tag?post=734626"}],"curies":[{"name":"wp","href":"https:\/\/api.w.org\/{rel}","templated":true}]}}