{"id":734642,"date":"2025-03-03T16:24:43","date_gmt":"2025-03-03T15:24:43","guid":{"rendered":"https:\/\/stoic-curie.212-227-153-4.plesk.page\/producto\/marine-uhr-edelstahl-mattiert-120-mm-kappe-horizon-von-barigo\/"},"modified":"2026-02-24T23:34:55","modified_gmt":"2026-02-24T23:34:55","slug":"marine-uhr-edelstahl-mattiert-120-mm-kappe-horizon-von-barigo","status":"publish","type":"product","link":"https:\/\/stoic-curie.212-227-153-4.plesk.page\/de\/product\/marine-uhr-edelstahl-mattiert-120-mm-kappe-horizon-von-barigo\/","title":{"rendered":"Marine Uhr Edelstahl mattiert 120 mm Kappe Horizon (von Barigo)"},"content":{"rendered":"<p>Marine Uhr Edelstahl mattiert 120 mm Kappe Horizon (von Barigo) &#8211; <\/p>\n<p>Die Wetterinstrumente Cap Horizon (von Barigo) verf\u00fcgen \u00fcber ein satinierter Edelstahlgeh\u00e4use und ein wei\u00dfes Zifferblatt.<\/p>\n","protected":false},"excerpt":{"rendered":"<p>Marine Uhr Edelstahl mattiert 120 mm Kappe Horizon (von Barigo) &#8211; Die Wetterinstrumente Cap Horizon (von Barigo) verf\u00fcgen \u00fcber ein<\/p>\n","protected":false},"featured_media":5941220,"comment_status":"open","ping_status":"closed","template":"","meta":[],"product_brand":[2815],"product_cat":[1353,1490],"product_tag":[],"class_list":{"0":"post-734642","1":"product","2":"type-product","3":"status-publish","4":"has-post-thumbnail","6":"product_brand-barigo-de","7":"product_cat-nautische-dekoration","8":"product_cat-nautische-instrumente","10":"first","11":"instock","12":"shipping-taxable","13":"purchasable","14":"product-type-simple"},"_links":{"self":[{"href":"https:\/\/stoic-curie.212-227-153-4.plesk.page\/de\/wp-json\/wp\/v2\/product\/734642","targetHints":{"allow":["GET"]}}],"collection":[{"href":"https:\/\/stoic-curie.212-227-153-4.plesk.page\/de\/wp-json\/wp\/v2\/product"}],"about":[{"href":"https:\/\/stoic-curie.212-227-153-4.plesk.page\/de\/wp-json\/wp\/v2\/types\/product"}],"replies":[{"embeddable":true,"href":"https:\/\/stoic-curie.212-227-153-4.plesk.page\/de\/wp-json\/wp\/v2\/comments?post=734642"}],"version-history":[{"count":0,"href":"https:\/\/stoic-curie.212-227-153-4.plesk.page\/de\/wp-json\/wp\/v2\/product\/734642\/revisions"}],"wp:featuredmedia":[{"embeddable":true,"href":"https:\/\/stoic-curie.212-227-153-4.plesk.page\/de\/wp-json\/wp\/v2\/media\/5941220"}],"wp:attachment":[{"href":"https:\/\/stoic-curie.212-227-153-4.plesk.page\/de\/wp-json\/wp\/v2\/media?parent=734642"}],"wp:term":[{"taxonomy":"product_brand","embeddable":true,"href":"https:\/\/stoic-curie.212-227-153-4.plesk.page\/de\/wp-json\/wp\/v2\/product_brand?post=734642"},{"taxonomy":"product_cat","embeddable":true,"href":"https:\/\/stoic-curie.212-227-153-4.plesk.page\/de\/wp-json\/wp\/v2\/product_cat?post=734642"},{"taxonomy":"product_tag","embeddable":true,"href":"https:\/\/stoic-curie.212-227-153-4.plesk.page\/de\/wp-json\/wp\/v2\/product_tag?post=734642"}],"curies":[{"name":"wp","href":"https:\/\/api.w.org\/{rel}","templated":true}]}}