{"id":734649,"date":"2025-03-03T16:24:44","date_gmt":"2025-03-03T15:24:44","guid":{"rendered":"https:\/\/stoic-curie.212-227-153-4.plesk.page\/producto\/mega-fender-schwarz-740x610mm\/"},"modified":"2026-02-24T23:34:55","modified_gmt":"2026-02-24T23:34:55","slug":"mega-fender-schwarz-740x610mm","status":"publish","type":"product","link":"https:\/\/stoic-curie.212-227-153-4.plesk.page\/de\/product\/mega-fender-schwarz-740x610mm\/","title":{"rendered":"MegaFender Fendress 740 x 610mm"},"content":{"rendered":"<p>MegaFender Fendress 740 x 610mm &#8211; <\/p>\n<p style=\"color: rgb(34, 34, 34); font-family: Arial, Helvetica, sans-serif; font-size: small;\">Fendress Mega Fenders sind sorgf\u00e4ltig konstruiert, um gro\u00dfe Boote und Megayachten zu sch\u00fctzen. Ihr leichtes Design erm\u00f6glicht eine m\u00fchelose Handhabung, w\u00e4hrend das innovative Ventilsystem und die bemerkenswerte Flexibilit\u00e4t eine einfache Entfaltung und Lagerung, selbst in engen R\u00e4umen, gew\u00e4hrleisten.<\/p>\n<p style=\"color: rgb(34, 34, 34); font-family: Arial, Helvetica, sans-serif; font-size: small;\">Diese Fender sind f\u00fcr Langlebigkeit gebaut und verf\u00fcgen \u00fcber robuste Ringe aus rostfreiem Stahl und mit Kevlar\u00ae verst\u00e4rkte Gurte, die eine Zugfestigkeit von bis zu 3,5 Tonnen bieten. Sie kombinieren erfolgreich eine leichte Struktur mit erheblichem St\u00e4rke.<\/p>\n<p style=\"color: rgb(34, 34, 34); font-family: Arial, Helvetica, sans-serif; font-size: small;\">Hauptmerkmale sind:<\/p>\n<ul style=\"color: rgb(34, 34, 34); font-family: Arial, Helvetica, sans-serif; font-size: small;\">\n<li>Verst\u00e4rkte Streifen f\u00fcr erh\u00f6hte Haltbarkeit<\/li>\n<li>Bequeme Handhabung f\u00fcr verbesserte Benutzerfreundlichkeit<\/li>\n<li>D-Ringe aus Edelstahl f\u00fcr sichere Befestigung<\/li>\n<li>Standard-Wasserabdichtungsventil f\u00fcr einfaches Aufblasen und Entleeren<\/li>\n<\/ul>\n<p style=\"color: rgb(34, 34, 34); font-family: Arial, Helvetica, sans-serif; font-size: small;\">Mit den Mega Fenders k\u00f6nnen Bootseigent\u00fcmer sicher sein, dass ihre Schiffe gut gesch\u00fctzt sind.<\/p>\n<p style=\"color: rgb(34, 34, 34); font-family: Arial, Helvetica, sans-serif; font-size: small;\">Die aufblasbaren Fender von Fendress werden im Fernen Osten produziert und sind bei Besatzungen von Superyachten aufgrund ihres leichten, kompakten Designs und der hervorragenden Haltbarkeit sehr gesch\u00e4tzt. Sie bestehen aus einer Mischung aus verfestigtem PVC und Kevlar-Verst\u00e4rkung, wodurch sie unempfindlich gegen Einstiche und Verschlei\u00df sind.<\/p>\n<p style=\"color: rgb(34, 34, 34); font-family: Arial, Helvetica, sans-serif; font-size: small;\">Die Hauptmerkmale der aufblasbaren Fender von Fendress sind:<\/p>\n<ul style=\"color: rgb(34, 34, 34); font-family: Arial, Helvetica, sans-serif; font-size: small;\">\n<li>Leicht und kompakt: Diese Fender sind erheblich leichter als traditionelle Gummifender, was die Handhabung und Lagerung erleichtert.<\/li>\n<li>Stark und haltbar: Die Kombination aus verfestigtem PVC und Kevlar-Verst\u00e4rkung bietet einen hervorragenden Schutz gegen Einstiche und Abrieb.<\/li>\n<li>Einfach zu aufblasen und entleeren: Sie k\u00f6nnen mit jeder Standardpumpe aufgeblasen und schnell f\u00fcr eine bequeme Lagerung entleert werden.<\/li>\n<li>Erh\u00e4ltlich in verschiedenen Gr\u00f6\u00dfen: Fendress Fender werden in verschiedenen Gr\u00f6\u00dfen angeboten, um eine Vielzahl von Schiffen zu ber\u00fccksichtigen.<\/li>\n<\/ul>\n<p style=\"color: rgb(34, 34, 34); font-family: Arial, Helvetica, sans-serif; font-size: small;\">Zusammenfassend sind die aufblasbaren Fender von Fendress eine hervorragende Wahl f\u00fcr Superyacht-Crews, die nach einer leichten, langlebigen und benutzerfreundlichen L\u00f6sung suchen.<\/p>\n","protected":false},"excerpt":{"rendered":"<p>MegaFender Fendress 740 x 610mm &#8211; Fendress Mega Fenders sind sorgf\u00e4ltig konstruiert, um gro\u00dfe Boote und Megayachten zu sch\u00fctzen. Ihr<\/p>\n","protected":false},"featured_media":5936924,"comment_status":"open","ping_status":"closed","template":"","meta":[],"product_brand":[2935],"product_cat":[1561],"product_tag":[],"class_list":{"0":"post-734649","1":"product","2":"type-product","3":"status-publish","4":"has-post-thumbnail","6":"product_brand-fendress-de","7":"product_cat-fender","9":"first","10":"instock","11":"shipping-taxable","12":"purchasable","13":"product-type-simple"},"_links":{"self":[{"href":"https:\/\/stoic-curie.212-227-153-4.plesk.page\/de\/wp-json\/wp\/v2\/product\/734649","targetHints":{"allow":["GET"]}}],"collection":[{"href":"https:\/\/stoic-curie.212-227-153-4.plesk.page\/de\/wp-json\/wp\/v2\/product"}],"about":[{"href":"https:\/\/stoic-curie.212-227-153-4.plesk.page\/de\/wp-json\/wp\/v2\/types\/product"}],"replies":[{"embeddable":true,"href":"https:\/\/stoic-curie.212-227-153-4.plesk.page\/de\/wp-json\/wp\/v2\/comments?post=734649"}],"version-history":[{"count":0,"href":"https:\/\/stoic-curie.212-227-153-4.plesk.page\/de\/wp-json\/wp\/v2\/product\/734649\/revisions"}],"wp:featuredmedia":[{"embeddable":true,"href":"https:\/\/stoic-curie.212-227-153-4.plesk.page\/de\/wp-json\/wp\/v2\/media\/5936924"}],"wp:attachment":[{"href":"https:\/\/stoic-curie.212-227-153-4.plesk.page\/de\/wp-json\/wp\/v2\/media?parent=734649"}],"wp:term":[{"taxonomy":"product_brand","embeddable":true,"href":"https:\/\/stoic-curie.212-227-153-4.plesk.page\/de\/wp-json\/wp\/v2\/product_brand?post=734649"},{"taxonomy":"product_cat","embeddable":true,"href":"https:\/\/stoic-curie.212-227-153-4.plesk.page\/de\/wp-json\/wp\/v2\/product_cat?post=734649"},{"taxonomy":"product_tag","embeddable":true,"href":"https:\/\/stoic-curie.212-227-153-4.plesk.page\/de\/wp-json\/wp\/v2\/product_tag?post=734649"}],"curies":[{"name":"wp","href":"https:\/\/api.w.org\/{rel}","templated":true}]}}