{"id":734650,"date":"2025-03-03T16:24:45","date_gmt":"2025-03-03T15:24:45","guid":{"rendered":"https:\/\/stoic-curie.212-227-153-4.plesk.page\/producto\/mega-fender-schwarz-1070x610mm\/"},"modified":"2026-02-24T23:34:55","modified_gmt":"2026-02-24T23:34:55","slug":"mega-fender-schwarz-1070x610mm","status":"publish","type":"product","link":"https:\/\/stoic-curie.212-227-153-4.plesk.page\/de\/product\/mega-fender-schwarz-1070x610mm\/","title":{"rendered":"MegaFender Fendress 1070 x 610mm"},"content":{"rendered":"<p>MegaFender Fendress 1070 x 610mm &#8211; <\/p>\n<p style=\"color: rgb(34, 34, 34); font-family: Arial, Helvetica, sans-serif; font-size: small;\">Die Fendress Mega Fenders sind sorgf\u00e4ltig konzipiert, um gro\u00dfe Boote und Mega-Yachten zu sch\u00fctzen. Ihre leichte Konstruktion erleichtert den Umgang, w\u00e4hrend das innovative Ventilsystem und die hervorragende Flexibilit\u00e4t eine einfache Entl\u00fcftung und Lagerung, selbst auf engem Raum, erm\u00f6glichen.<\/p>\n<p style=\"color: rgb(34, 34, 34); font-family: Arial, Helvetica, sans-serif; font-size: small;\">Diese Fenders sind auf Langlebigkeit ausgelegt und verf\u00fcgen \u00fcber starke Ringe aus Edelstahl und mit Kevlar\u00ae verst\u00e4rkten Riemen, die eine Zugfestigkeit von bis zu 3,5 Tonnen bieten. Sie verbinden ein leichtes Design mit beeindruckender St\u00e4rke.<\/p>\n<p style=\"color: rgb(34, 34, 34); font-family: Arial, Helvetica, sans-serif; font-size: small;\">Zu den bemerkenswerten Merkmalen geh\u00f6ren:<\/p>\n<ul style=\"color: rgb(34, 34, 34); font-family: Arial, Helvetica, sans-serif; font-size: small;\">\n<li>Verst\u00e4rkte Riemen f\u00fcr erh\u00f6hte Haltbarkeit<\/li>\n<li>Einfacher Umgang f\u00fcr zus\u00e4tzlichen Komfort<\/li>\n<li>Edelstahl-D-Ringe f\u00fcr sichere Befestigung<\/li>\n<li>Standard-Wasserventil f\u00fcr einfaches Aufblasen und Ablassen<\/li>\n<\/ul>\n<p style=\"color: rgb(34, 34, 34); font-family: Arial, Helvetica, sans-serif; font-size: small;\">Mit Mega Fenders k\u00f6nnen Bootseigent\u00fcmer sicher sein, dass ihre Schiffe gut gesch\u00fctzt sind.<\/p>\n<p style=\"color: rgb(34, 34, 34); font-family: Arial, Helvetica, sans-serif; font-size: small;\">Die aufblasbaren Fenders von Fendress werden im Fernen Osten produziert und sind bei Superyacht-Crews aufgrund ihres leichten, kompakten Designs und ihrer bemerkenswerten Haltbarkeit sehr gesch\u00e4tzt. Sie bestehen aus einer Mischung aus verarbeitetem PVC und Kevlar-Verst\u00e4rkung, was sie robust und widerstandsf\u00e4hig gegen Durchst\u00f6\u00dfe und Abnutzung macht.<\/p>\n<p style=\"color: rgb(34, 34, 34); font-family: Arial, Helvetica, sans-serif; font-size: small;\">Die Hauptmerkmale der aufblasbaren Fenders von Fendress sind:<\/p>\n<ul style=\"color: rgb(34, 34, 34); font-family: Arial, Helvetica, sans-serif; font-size: small;\">\n<li>Leicht und kompakt: Diese Fenders sind deutlich leichter als herk\u00f6mmliche Gummifenders, was Handhabung und Lagerung erleichtert.<\/li>\n<li>Stark und langlebig: Die Kombination aus verarbeitetem PVC und Kevlar-Verst\u00e4rkung bietet hervorragenden Schutz gegen Durchst\u00f6\u00dfe und Abnutzung.<\/li>\n<li>Einfach aufzublasen und abzuleeren: Sie k\u00f6nnen mit jeder Standardpumpe aufgeblasen und schnell entleert werden, um die Lagerung zu erleichtern.<\/li>\n<li>In verschiedenen Gr\u00f6\u00dfen erh\u00e4ltlich: Die Fendress-Fenders sind in unterschiedlichen Gr\u00f6\u00dfen erh\u00e4ltlich, um eine Vielzahl von Booten anzupassen.<\/li>\n<\/ul>\n<p style=\"color: rgb(34, 34, 34); font-family: Arial, Helvetica, sans-serif; font-size: small;\">Zusammenfassend sind die aufblasbaren Fenders von Fendress eine fantastische Wahl f\u00fcr Superyacht-Crews, die nach einer leichten, langlebigen und benutzerfreundlichen aufblasbaren Fender-L\u00f6sung suchen.<\/p>\n","protected":false},"excerpt":{"rendered":"<p>MegaFender Fendress 1070 x 610mm &#8211; Die Fendress Mega Fenders sind sorgf\u00e4ltig konzipiert, um gro\u00dfe Boote und Mega-Yachten zu sch\u00fctzen.<\/p>\n","protected":false},"featured_media":5936924,"comment_status":"open","ping_status":"closed","template":"","meta":[],"product_brand":[2935],"product_cat":[1561],"product_tag":[],"class_list":{"0":"post-734650","1":"product","2":"type-product","3":"status-publish","4":"has-post-thumbnail","6":"product_brand-fendress-de","7":"product_cat-fender","9":"first","10":"instock","11":"shipping-taxable","12":"purchasable","13":"product-type-simple"},"_links":{"self":[{"href":"https:\/\/stoic-curie.212-227-153-4.plesk.page\/de\/wp-json\/wp\/v2\/product\/734650","targetHints":{"allow":["GET"]}}],"collection":[{"href":"https:\/\/stoic-curie.212-227-153-4.plesk.page\/de\/wp-json\/wp\/v2\/product"}],"about":[{"href":"https:\/\/stoic-curie.212-227-153-4.plesk.page\/de\/wp-json\/wp\/v2\/types\/product"}],"replies":[{"embeddable":true,"href":"https:\/\/stoic-curie.212-227-153-4.plesk.page\/de\/wp-json\/wp\/v2\/comments?post=734650"}],"version-history":[{"count":0,"href":"https:\/\/stoic-curie.212-227-153-4.plesk.page\/de\/wp-json\/wp\/v2\/product\/734650\/revisions"}],"wp:featuredmedia":[{"embeddable":true,"href":"https:\/\/stoic-curie.212-227-153-4.plesk.page\/de\/wp-json\/wp\/v2\/media\/5936924"}],"wp:attachment":[{"href":"https:\/\/stoic-curie.212-227-153-4.plesk.page\/de\/wp-json\/wp\/v2\/media?parent=734650"}],"wp:term":[{"taxonomy":"product_brand","embeddable":true,"href":"https:\/\/stoic-curie.212-227-153-4.plesk.page\/de\/wp-json\/wp\/v2\/product_brand?post=734650"},{"taxonomy":"product_cat","embeddable":true,"href":"https:\/\/stoic-curie.212-227-153-4.plesk.page\/de\/wp-json\/wp\/v2\/product_cat?post=734650"},{"taxonomy":"product_tag","embeddable":true,"href":"https:\/\/stoic-curie.212-227-153-4.plesk.page\/de\/wp-json\/wp\/v2\/product_tag?post=734650"}],"curies":[{"name":"wp","href":"https:\/\/api.w.org\/{rel}","templated":true}]}}