{"id":734651,"date":"2025-03-03T16:24:45","date_gmt":"2025-03-03T15:24:45","guid":{"rendered":"https:\/\/stoic-curie.212-227-153-4.plesk.page\/producto\/mega-fender-schwarz-1470x610mm\/"},"modified":"2026-02-24T23:34:55","modified_gmt":"2026-02-24T23:34:55","slug":"mega-fender-schwarz-1470x610mm","status":"publish","type":"product","link":"https:\/\/stoic-curie.212-227-153-4.plesk.page\/de\/product\/mega-fender-schwarz-1470x610mm\/","title":{"rendered":"MegaFender Fendress 1470 x 610mm"},"content":{"rendered":"<p>MegaFender Fendress 1470 x 610mm &#8211; <\/p>\n<p style=\"color: rgb(34, 34, 34); font-family: Arial, Helvetica, sans-serif; font-size: small;\">Die Fendress Mega Fender sind sorgf\u00e4ltig verarbeitet, um gro\u00dfe Boote und Mega-Yachten zu sch\u00fctzen. Ihr leichtes Design erm\u00f6glicht eine einfache Handhabung, w\u00e4hrend das innovative Ventilsystem und die au\u00dfergew\u00f6hnliche Flexibilit\u00e4t eine m\u00fchelose Entleerung und Lagerung, selbst in engen R\u00e4umen, erleichtern.<\/p>\n<p style=\"color: rgb(34, 34, 34); font-family: Arial, Helvetica, sans-serif; font-size: small;\">Diese Fender sind f\u00fcr Langlebigkeit konstruiert und verf\u00fcgen \u00fcber robuste Ringe aus Edelstahl sowie mit Kevlar\u00ae verst\u00e4rkte Gurte, die eine Zugfestigkeit von bis zu 3,5 Tonnen bieten. Sie vereinen eine leichte Bauweise mit bemerkenswerter St\u00e4rke.<\/p>\n<p style=\"color: rgb(34, 34, 34); font-family: Arial, Helvetica, sans-serif; font-size: small;\">Zu den Hauptmerkmalen geh\u00f6ren:<\/p>\n<ul style=\"color: rgb(34, 34, 34); font-family: Arial, Helvetica, sans-serif; font-size: small;\">\n<li>Verst\u00e4rkte Streifen f\u00fcr verbesserte Haltbarkeit<\/li>\n<li>Bequeme Handhabung f\u00fcr zus\u00e4tzlichen Komfort<\/li>\n<li>Rundringe aus Edelstahl f\u00fcr sichere Befestigung<\/li>\n<li>Standard-Wasserventil f\u00fcr m\u00fcheloses Aufblasen und Entleeren<\/li>\n<\/ul>\n<p style=\"color: rgb(34, 34, 34); font-family: Arial, Helvetica, sans-serif; font-size: small;\">Mit den Mega Fenders k\u00f6nnen Bootseigner sicher sein, dass ihre Fahrzeuge gut gesch\u00fctzt sind.<\/p>\n<p style=\"color: rgb(34, 34, 34); font-family: Arial, Helvetica, sans-serif; font-size: small;\">Die aufblasbaren Fender von Fendress werden im Fernen Osten hergestellt und von Superyacht-Crews aufgrund ihres leichten, kompakten Designs und ihrer au\u00dfergew\u00f6hnlichen Haltbarkeit hoch gesch\u00e4tzt. Sie bestehen aus einer Kombination aus konsolidiertem PVC und Kevlar-Verst\u00e4rkung, was sie robust und widerstandsf\u00e4hig gegen Durchstich und Abnutzung macht.<\/p>\n<p style=\"color: rgb(34, 34, 34); font-family: Arial, Helvetica, sans-serif; font-size: small;\">Die Hauptmerkmale der aufblasbaren Fender von Fendress sind:<\/p>\n<ul style=\"color: rgb(34, 34, 34); font-family: Arial, Helvetica, sans-serif; font-size: small;\">\n<li>Leicht und kompakt: Diese Fender sind deutlich leichter als herk\u00f6mmliche Gummifender, was die Handhabung und Lagerung vereinfacht.<\/li>\n<li>Stark und langlebig: Die Mischung aus konsolidiertem PVC und Kevlar-Verst\u00e4rkung bietet hervorragenden Schutz gegen Durchstiche und Abrieb.<\/li>\n<li>Einfach aufblasbar und entleerbar: Sie k\u00f6nnen mit jeder Standardpumpe aufgeblasen und schnell entleert werden, um eine bequeme Lagerung zu erm\u00f6glichen.<\/li>\n<li>In verschiedenen Gr\u00f6\u00dfen erh\u00e4ltlich: Die Fender von Fendress sind in mehreren Gr\u00f6\u00dfen erh\u00e4ltlich, um eine Vielzahl von Fahrzeugen aufzunehmen.<\/li>\n<\/ul>\n<p style=\"color: rgb(34, 34, 34); font-family: Arial, Helvetica, sans-serif; font-size: small;\">Zusammenfassend sind die aufblasbaren Fender von Fendress eine ausgezeichnete Wahl f\u00fcr Superyacht-Crews, die eine leichte, langlebige und benutzerfreundliche L\u00f6sung f\u00fcr aufblasbare Fender suchen.<\/p>\n","protected":false},"excerpt":{"rendered":"<p>MegaFender Fendress 1470 x 610mm &#8211; Die Fendress Mega Fender sind sorgf\u00e4ltig verarbeitet, um gro\u00dfe Boote und Mega-Yachten zu sch\u00fctzen.<\/p>\n","protected":false},"featured_media":5936924,"comment_status":"open","ping_status":"closed","template":"","meta":[],"product_brand":[2935],"product_cat":[1561],"product_tag":[],"class_list":{"0":"post-734651","1":"product","2":"type-product","3":"status-publish","4":"has-post-thumbnail","6":"product_brand-fendress-de","7":"product_cat-fender","9":"first","10":"instock","11":"shipping-taxable","12":"purchasable","13":"product-type-simple"},"_links":{"self":[{"href":"https:\/\/stoic-curie.212-227-153-4.plesk.page\/de\/wp-json\/wp\/v2\/product\/734651","targetHints":{"allow":["GET"]}}],"collection":[{"href":"https:\/\/stoic-curie.212-227-153-4.plesk.page\/de\/wp-json\/wp\/v2\/product"}],"about":[{"href":"https:\/\/stoic-curie.212-227-153-4.plesk.page\/de\/wp-json\/wp\/v2\/types\/product"}],"replies":[{"embeddable":true,"href":"https:\/\/stoic-curie.212-227-153-4.plesk.page\/de\/wp-json\/wp\/v2\/comments?post=734651"}],"version-history":[{"count":0,"href":"https:\/\/stoic-curie.212-227-153-4.plesk.page\/de\/wp-json\/wp\/v2\/product\/734651\/revisions"}],"wp:featuredmedia":[{"embeddable":true,"href":"https:\/\/stoic-curie.212-227-153-4.plesk.page\/de\/wp-json\/wp\/v2\/media\/5936924"}],"wp:attachment":[{"href":"https:\/\/stoic-curie.212-227-153-4.plesk.page\/de\/wp-json\/wp\/v2\/media?parent=734651"}],"wp:term":[{"taxonomy":"product_brand","embeddable":true,"href":"https:\/\/stoic-curie.212-227-153-4.plesk.page\/de\/wp-json\/wp\/v2\/product_brand?post=734651"},{"taxonomy":"product_cat","embeddable":true,"href":"https:\/\/stoic-curie.212-227-153-4.plesk.page\/de\/wp-json\/wp\/v2\/product_cat?post=734651"},{"taxonomy":"product_tag","embeddable":true,"href":"https:\/\/stoic-curie.212-227-153-4.plesk.page\/de\/wp-json\/wp\/v2\/product_tag?post=734651"}],"curies":[{"name":"wp","href":"https:\/\/api.w.org\/{rel}","templated":true}]}}