{"id":734652,"date":"2025-03-03T16:24:45","date_gmt":"2025-03-03T15:24:45","guid":{"rendered":"https:\/\/stoic-curie.212-227-153-4.plesk.page\/producto\/deckklampe-modell-skandia-310mm-edelstahl\/"},"modified":"2026-02-24T23:34:55","modified_gmt":"2026-02-24T23:34:55","slug":"deckklampe-modell-skandia-310mm-edelstahl","status":"publish","type":"product","link":"https:\/\/stoic-curie.212-227-153-4.plesk.page\/de\/product\/deckklampe-modell-skandia-310mm-edelstahl\/","title":{"rendered":"Deckklampe Modell Skandia 310mm Edelstahl"},"content":{"rendered":"<p>Deckklampe Modell Skandia 310mm Edelstahl &#8211; <\/p>\n<p>316 Edelstahl flach, ambossf\u00f6rmiger, spiegelpolierter Cleat. 2 versteckte metrische Gewindel\u00f6cher mit schmalem Fu\u00df. Er kann in engen R\u00e4umen montiert werden.<\/p>\n","protected":false},"excerpt":{"rendered":"<p>Deckklampe Modell Skandia 310mm Edelstahl &#8211; 316 Edelstahl flach, ambossf\u00f6rmiger, spiegelpolierter Cleat. 2 versteckte metrische Gewindel\u00f6cher mit schmalem Fu\u00df. Er<\/p>\n","protected":false},"featured_media":5941242,"comment_status":"open","ping_status":"closed","template":"","meta":[],"product_brand":[3120],"product_cat":[1417],"product_tag":[],"class_list":{"0":"post-734652","1":"product","2":"type-product","3":"status-publish","4":"has-post-thumbnail","6":"product_brand-marinetech-de","7":"product_cat-deckklampen","9":"first","10":"instock","11":"shipping-taxable","12":"purchasable","13":"product-type-simple"},"_links":{"self":[{"href":"https:\/\/stoic-curie.212-227-153-4.plesk.page\/de\/wp-json\/wp\/v2\/product\/734652","targetHints":{"allow":["GET"]}}],"collection":[{"href":"https:\/\/stoic-curie.212-227-153-4.plesk.page\/de\/wp-json\/wp\/v2\/product"}],"about":[{"href":"https:\/\/stoic-curie.212-227-153-4.plesk.page\/de\/wp-json\/wp\/v2\/types\/product"}],"replies":[{"embeddable":true,"href":"https:\/\/stoic-curie.212-227-153-4.plesk.page\/de\/wp-json\/wp\/v2\/comments?post=734652"}],"version-history":[{"count":0,"href":"https:\/\/stoic-curie.212-227-153-4.plesk.page\/de\/wp-json\/wp\/v2\/product\/734652\/revisions"}],"wp:featuredmedia":[{"embeddable":true,"href":"https:\/\/stoic-curie.212-227-153-4.plesk.page\/de\/wp-json\/wp\/v2\/media\/5941242"}],"wp:attachment":[{"href":"https:\/\/stoic-curie.212-227-153-4.plesk.page\/de\/wp-json\/wp\/v2\/media?parent=734652"}],"wp:term":[{"taxonomy":"product_brand","embeddable":true,"href":"https:\/\/stoic-curie.212-227-153-4.plesk.page\/de\/wp-json\/wp\/v2\/product_brand?post=734652"},{"taxonomy":"product_cat","embeddable":true,"href":"https:\/\/stoic-curie.212-227-153-4.plesk.page\/de\/wp-json\/wp\/v2\/product_cat?post=734652"},{"taxonomy":"product_tag","embeddable":true,"href":"https:\/\/stoic-curie.212-227-153-4.plesk.page\/de\/wp-json\/wp\/v2\/product_tag?post=734652"}],"curies":[{"name":"wp","href":"https:\/\/api.w.org\/{rel}","templated":true}]}}