{"id":734657,"date":"2025-03-03T16:24:46","date_gmt":"2025-03-03T15:24:46","guid":{"rendered":"https:\/\/stoic-curie.212-227-153-4.plesk.page\/producto\/waeco-coldmachine-12-24v-fuer-kuehlschraenke-bis-200-l\/"},"modified":"2026-02-24T23:34:56","modified_gmt":"2026-02-24T23:34:56","slug":"waeco-coldmachine-12-24v-fuer-kuehlschraenke-bis-200-l","status":"publish","type":"product","link":"https:\/\/stoic-curie.212-227-153-4.plesk.page\/de\/product\/waeco-coldmachine-12-24v-fuer-kuehlschraenke-bis-200-l\/","title":{"rendered":"Dometic Coldmachine CS-NC15"},"content":{"rendered":"<p>Dometic Coldmachine CS-NC15 &#8211; <\/p>\n<p style=\"color: rgb(34, 34, 34); font-family: Arial, Helvetica, sans-serif; font-size: small;\">Wir stellen unser kompaktes K\u00fchlsystem Dometic Coldmachine CS-NC15 vor, das mit einem Rost aus Edelstahl und einem hocheffizienten Verdampfer f\u00fcr optimale Luftzirkulation ausgestattet ist. Die Dometic ColdMachine kompakte K\u00fchlger\u00e4t ist eine hocheffiziente L\u00f6sung, die einfach in jedem K\u00fchlschrank oder K\u00fchlraum bis zu 200 Liter mit 2 cm D\u00e4mmung zu installieren ist. Bohren Sie einfach ein Loch und schlie\u00dfen Sie es an die Batterie an, um eine schnelle Einrichtung zu erm\u00f6glichen.<\/p>\n<p style=\"color: rgb(34, 34, 34); font-family: Arial, Helvetica, sans-serif; font-size: small;\">Dieses System bietet eine schnelle Luftzirkulation und verf\u00fcgt \u00fcber eine Temperaturregelung, \u00dcberlastschutz und eine automatische Abschaltung bei niedriger Spannung. Dar\u00fcber hinaus verbessern unsere einfach zu montierenden Verdampfer die Luftzirkulation und gew\u00e4hrleisten eine hervorragende K\u00fchlleistung bei gleichzeitig minimalem Energieverbrauch. Die voll variable Temperaturregelung erh\u00f6ht die Effizienz, und der integrierte Niederspannungsschutz sch\u00fctzt Ihr System.<\/p>\n<p style=\"color: rgb(34, 34, 34); font-family: Arial, Helvetica, sans-serif; font-size: small;\">Die K\u00fchlkapazit\u00e4t ist beeindruckend und erm\u00f6glicht bis zu 200 Liter mit 35 mm PU-D\u00e4mmung oder 250 Liter mit 50 mm PU-D\u00e4mmung. Dies macht es f\u00fcr die meisten K\u00fchlschr\u00e4nke geeignet. Die Dometic ColdMachine CS-NC15 verf\u00fcgt \u00fcber ein kompaktes Design und hohe Effizienz, dank der Verdampfer, die die Luftzirkulation verbessern und der einstellbaren Thermostat.<\/p>\n<p style=\"color: rgb(34, 34, 34); font-family: Arial, Helvetica, sans-serif; font-size: small;\">Hauptmerkmale:<\/p>\n<ul style=\"color: rgb(34, 34, 34); font-family: Arial, Helvetica, sans-serif; font-size: small;\">\n<li>K\u00fchlkapazit\u00e4ten: Maximal 200 Liter mit 35 mm PU-D\u00e4mmung \/ Maximal 250 Liter mit 50 mm PU-D\u00e4mmung<\/li>\n<li>Stromversorgung: 12 \/ 24 Volt Gleichstrom<\/li>\n<li>Leistungsaufnahme: 60 Watt<\/li>\n<li>Stromverbrauch: 2 A\/h f\u00fcr 35 mm PU-D\u00e4mmung \/ 1,5 A\/h f\u00fcr 50 mm PU-D\u00e4mmung (gemessen bei +5\u00b0C Innentemperatur und +32\u00b0C Au\u00dfentemperatur mit mittlerer K\u00fchlkapazit\u00e4t)<\/li>\n<li>Abmessungen (BxHxT): 258 x 363 x 227 mm<\/li>\n<li>Gewicht: 8,5 kg<\/li>\n<li>Farbe: Wei\u00df<\/li>\n<\/ul>\n<p style=\"color: rgb(34, 34, 34); font-family: Arial, Helvetica, sans-serif; font-size: small;\">Erleben Sie zuverl\u00e4ssige K\u00fchlung mit unserem kompakten K\u00fchlsystem CS-NC15, das f\u00fcr einfache Installation und effiziente Leistung konzipiert ist<\/p>\n","protected":false},"excerpt":{"rendered":"<p>Dometic Coldmachine CS-NC15 &#8211; Wir stellen unser kompaktes K\u00fchlsystem Dometic Coldmachine CS-NC15 vor, das mit einem Rost aus Edelstahl und<\/p>\n","protected":false},"featured_media":5941269,"comment_status":"open","ping_status":"closed","template":"","meta":[],"product_brand":[2895],"product_cat":[1464],"product_tag":[],"class_list":{"0":"post-734657","1":"product","2":"type-product","3":"status-publish","4":"has-post-thumbnail","6":"product_brand-dometic-de","7":"product_cat-kuehlschraenke-und-gefriertruhen","9":"first","10":"instock","11":"shipping-taxable","12":"purchasable","13":"product-type-simple"},"_links":{"self":[{"href":"https:\/\/stoic-curie.212-227-153-4.plesk.page\/de\/wp-json\/wp\/v2\/product\/734657","targetHints":{"allow":["GET"]}}],"collection":[{"href":"https:\/\/stoic-curie.212-227-153-4.plesk.page\/de\/wp-json\/wp\/v2\/product"}],"about":[{"href":"https:\/\/stoic-curie.212-227-153-4.plesk.page\/de\/wp-json\/wp\/v2\/types\/product"}],"replies":[{"embeddable":true,"href":"https:\/\/stoic-curie.212-227-153-4.plesk.page\/de\/wp-json\/wp\/v2\/comments?post=734657"}],"version-history":[{"count":0,"href":"https:\/\/stoic-curie.212-227-153-4.plesk.page\/de\/wp-json\/wp\/v2\/product\/734657\/revisions"}],"wp:featuredmedia":[{"embeddable":true,"href":"https:\/\/stoic-curie.212-227-153-4.plesk.page\/de\/wp-json\/wp\/v2\/media\/5941269"}],"wp:attachment":[{"href":"https:\/\/stoic-curie.212-227-153-4.plesk.page\/de\/wp-json\/wp\/v2\/media?parent=734657"}],"wp:term":[{"taxonomy":"product_brand","embeddable":true,"href":"https:\/\/stoic-curie.212-227-153-4.plesk.page\/de\/wp-json\/wp\/v2\/product_brand?post=734657"},{"taxonomy":"product_cat","embeddable":true,"href":"https:\/\/stoic-curie.212-227-153-4.plesk.page\/de\/wp-json\/wp\/v2\/product_cat?post=734657"},{"taxonomy":"product_tag","embeddable":true,"href":"https:\/\/stoic-curie.212-227-153-4.plesk.page\/de\/wp-json\/wp\/v2\/product_tag?post=734657"}],"curies":[{"name":"wp","href":"https:\/\/api.w.org\/{rel}","templated":true}]}}