{"id":734661,"date":"2025-03-03T16:24:47","date_gmt":"2025-03-03T15:24:47","guid":{"rendered":"https:\/\/stoic-curie.212-227-153-4.plesk.page\/producto\/professioneller-waeco-sinepower-wechselrichter-dsp1512-1500-w-12-v\/"},"modified":"2026-02-24T23:34:56","modified_gmt":"2026-02-24T23:34:56","slug":"professioneller-waeco-sinepower-wechselrichter-dsp1512-1500-w-12-v","status":"publish","type":"product","link":"https:\/\/stoic-curie.212-227-153-4.plesk.page\/de\/product\/professioneller-waeco-sinepower-wechselrichter-dsp1512-1500-w-12-v\/","title":{"rendered":"Professioneller Waeco SinePower-Wechselrichter DSP1512 1500 W 12 V"},"content":{"rendered":"<p>Professioneller Waeco SinePower-Wechselrichter DSP1512 1500 W 12 V &#8211; <\/p>\n<p>Professioneller Dometic SinePower Wechselrichter, der den 12\/24V Gleichstrom aus der Batterie in einen 220V Wechselstrom mit echtem Sinuswellenprofil umwandelt. Ideal zur Stromversorgung aller empfindlichen Elektronikger\u00e4te und elektrischen Ger\u00e4te. Ausgestattet mit energiesparendem Standby und intelligenten Schaltungen. Die Typen 1812-24T, 2312-24T und 3512-24T verf\u00fcgen \u00fcber einen integrierten Hauptpriorit\u00e4tskreis.<\/p>\n","protected":false},"excerpt":{"rendered":"<p>Professioneller Waeco SinePower-Wechselrichter DSP1512 1500 W 12 V &#8211; Professioneller Dometic SinePower Wechselrichter, der den 12\/24V Gleichstrom aus der Batterie<\/p>\n","protected":false},"featured_media":5941272,"comment_status":"open","ping_status":"closed","template":"","meta":[],"product_brand":[2895],"product_cat":[1455],"product_tag":[],"class_list":{"0":"post-734661","1":"product","2":"type-product","3":"status-publish","4":"has-post-thumbnail","6":"product_brand-dometic-de","7":"product_cat-stromwechselrichter","9":"first","10":"instock","11":"shipping-taxable","12":"purchasable","13":"product-type-simple"},"_links":{"self":[{"href":"https:\/\/stoic-curie.212-227-153-4.plesk.page\/de\/wp-json\/wp\/v2\/product\/734661","targetHints":{"allow":["GET"]}}],"collection":[{"href":"https:\/\/stoic-curie.212-227-153-4.plesk.page\/de\/wp-json\/wp\/v2\/product"}],"about":[{"href":"https:\/\/stoic-curie.212-227-153-4.plesk.page\/de\/wp-json\/wp\/v2\/types\/product"}],"replies":[{"embeddable":true,"href":"https:\/\/stoic-curie.212-227-153-4.plesk.page\/de\/wp-json\/wp\/v2\/comments?post=734661"}],"version-history":[{"count":0,"href":"https:\/\/stoic-curie.212-227-153-4.plesk.page\/de\/wp-json\/wp\/v2\/product\/734661\/revisions"}],"wp:featuredmedia":[{"embeddable":true,"href":"https:\/\/stoic-curie.212-227-153-4.plesk.page\/de\/wp-json\/wp\/v2\/media\/5941272"}],"wp:attachment":[{"href":"https:\/\/stoic-curie.212-227-153-4.plesk.page\/de\/wp-json\/wp\/v2\/media?parent=734661"}],"wp:term":[{"taxonomy":"product_brand","embeddable":true,"href":"https:\/\/stoic-curie.212-227-153-4.plesk.page\/de\/wp-json\/wp\/v2\/product_brand?post=734661"},{"taxonomy":"product_cat","embeddable":true,"href":"https:\/\/stoic-curie.212-227-153-4.plesk.page\/de\/wp-json\/wp\/v2\/product_cat?post=734661"},{"taxonomy":"product_tag","embeddable":true,"href":"https:\/\/stoic-curie.212-227-153-4.plesk.page\/de\/wp-json\/wp\/v2\/product_tag?post=734661"}],"curies":[{"name":"wp","href":"https:\/\/api.w.org\/{rel}","templated":true}]}}