{"id":734664,"date":"2025-03-03T16:24:47","date_gmt":"2025-03-03T15:24:47","guid":{"rendered":"https:\/\/stoic-curie.212-227-153-4.plesk.page\/producto\/waeco-sinepower-wechselrichter-dsp2312t-2300-w-12v-professional\/"},"modified":"2026-02-24T23:34:56","modified_gmt":"2026-02-24T23:34:56","slug":"waeco-sinepower-wechselrichter-dsp2312t-2300-w-12v-professional","status":"publish","type":"product","link":"https:\/\/stoic-curie.212-227-153-4.plesk.page\/de\/product\/waeco-sinepower-wechselrichter-dsp2312t-2300-w-12v-professional\/","title":{"rendered":"Waeco SinePower Wechselrichter DSP2312T 2300 W 12V Professional"},"content":{"rendered":"<p>Waeco SinePower Wechselrichter DSP2312T 2300 W 12V Professional &#8211; <\/p>\n<p>Wir pr\u00e4sentieren den Dometic SinePower Inverter DSP2312T, ein hochwertiges Ger\u00e4t, das entwickelt wurde, um 12V Gleichstrom aus Ihrer Batterie in 230V Wechselstrom umzuwandeln und eine echte Sinuswelle abzugeben. Dieser Inverter eignet sich besonders gut daf\u00fcr, empfindliche Elektronik und verschiedene elektrische Ger\u00e4te mit Strom zu versorgen, und gew\u00e4hrleistet deren sicheren und effizienten Betrieb ohne das Risiko von Sch\u00e4den oder Fehlfunktionen.<\/p>\n<p>Ein bemerkenswertes Merkmal dieses Inverters ist sein energieeffizienter Smart Standby-Modus, der den Stromverbrauch erheblich reduziert, wenn das Ger\u00e4t nicht aktiv genutzt wird. Dies schont nicht nur die Energie, sondern verl\u00e4ngert auch die Lebensdauer des Inverters, was ihn zu einer umweltfreundlichen Wahl macht. Die benutzerfreundliche Schnittstelle erleichtert die Handhabung und Steuerung und macht ihn f\u00fcr Benutzer aller Erfahrungsstufen zug\u00e4nglich.<\/p>\n<p>Der Inverter ist mit CI-Bus kompatibel, was eine nahtlose Integration in das bestehende elektrische System Ihres Fahrzeugs erm\u00f6glicht. Diese Kompatibilit\u00e4t gew\u00e4hrleistet, dass der Inverter harmonisch mit anderen Komponenten funktioniert und die gesamte Funktionalit\u00e4t Ihres Setups verbessert. Dar\u00fcber hinaus verf\u00fcgt er \u00fcber ein integriertes Hauptpriorit\u00e4tskreislaufsystem mit Spannungs-synchronisation, das zuverl\u00e4ssige Leistungen unter unterschiedlichen Bedingungen garantiert. Mit einem breiten DC-Eingangsspannungsbereich ist dieser Inverter besonders geeignet f\u00fcr Fahrzeuge, die den EURO 6 Emissionsvorschriften entsprechen, was ihn zu einer verantwortungsvollen Wahl f\u00fcr umweltbewusste Verbraucher macht.<\/p>\n<p>Dar\u00fcber hinaus arbeitet der Inverter leise, da er \u00fcber einen L\u00fcfter verf\u00fcgt, der seine Geschwindigkeit intelligent je nach Belastung anpasst. Diese F\u00e4higkeit verbessert nicht nur die Effizienz des Inverters, sondern verbessert auch das Gesamterlebnis des Benutzers, sodass Sie die Vorteile Ihrer elektrischen Ger\u00e4te genie\u00dfen k\u00f6nnen, ohne sich von \u00fcberm\u00e4\u00dfigem L\u00e4rm ablenken zu lassen. Zusammenfassend ist der Dometic SinePower Inverter eine ausgezeichnete Option f\u00fcr Bootsbesitzer, die eine zuverl\u00e4ssige und effiziente Stroml\u00f6sung f\u00fcr ihre elektronischen Bed\u00fcrfnisse suchen.<\/p>\n","protected":false},"excerpt":{"rendered":"<p>Waeco SinePower Wechselrichter DSP2312T 2300 W 12V Professional &#8211; Wir pr\u00e4sentieren den Dometic SinePower Inverter DSP2312T, ein hochwertiges Ger\u00e4t, das<\/p>\n","protected":false},"featured_media":5941272,"comment_status":"open","ping_status":"closed","template":"","meta":[],"product_brand":[2895],"product_cat":[1455],"product_tag":[],"class_list":{"0":"post-734664","1":"product","2":"type-product","3":"status-publish","4":"has-post-thumbnail","6":"product_brand-dometic-de","7":"product_cat-stromwechselrichter","9":"first","10":"instock","11":"shipping-taxable","12":"purchasable","13":"product-type-simple"},"_links":{"self":[{"href":"https:\/\/stoic-curie.212-227-153-4.plesk.page\/de\/wp-json\/wp\/v2\/product\/734664","targetHints":{"allow":["GET"]}}],"collection":[{"href":"https:\/\/stoic-curie.212-227-153-4.plesk.page\/de\/wp-json\/wp\/v2\/product"}],"about":[{"href":"https:\/\/stoic-curie.212-227-153-4.plesk.page\/de\/wp-json\/wp\/v2\/types\/product"}],"replies":[{"embeddable":true,"href":"https:\/\/stoic-curie.212-227-153-4.plesk.page\/de\/wp-json\/wp\/v2\/comments?post=734664"}],"version-history":[{"count":0,"href":"https:\/\/stoic-curie.212-227-153-4.plesk.page\/de\/wp-json\/wp\/v2\/product\/734664\/revisions"}],"wp:featuredmedia":[{"embeddable":true,"href":"https:\/\/stoic-curie.212-227-153-4.plesk.page\/de\/wp-json\/wp\/v2\/media\/5941272"}],"wp:attachment":[{"href":"https:\/\/stoic-curie.212-227-153-4.plesk.page\/de\/wp-json\/wp\/v2\/media?parent=734664"}],"wp:term":[{"taxonomy":"product_brand","embeddable":true,"href":"https:\/\/stoic-curie.212-227-153-4.plesk.page\/de\/wp-json\/wp\/v2\/product_brand?post=734664"},{"taxonomy":"product_cat","embeddable":true,"href":"https:\/\/stoic-curie.212-227-153-4.plesk.page\/de\/wp-json\/wp\/v2\/product_cat?post=734664"},{"taxonomy":"product_tag","embeddable":true,"href":"https:\/\/stoic-curie.212-227-153-4.plesk.page\/de\/wp-json\/wp\/v2\/product_tag?post=734664"}],"curies":[{"name":"wp","href":"https:\/\/api.w.org\/{rel}","templated":true}]}}