{"id":734666,"date":"2025-03-03T16:24:48","date_gmt":"2025-03-03T15:24:48","guid":{"rendered":"https:\/\/stoic-curie.212-227-153-4.plesk.page\/producto\/laderegler-fuer-solarpaneele-240-480-watt-2-batterien\/"},"modified":"2026-02-24T23:34:56","modified_gmt":"2026-02-24T23:34:56","slug":"laderegler-fuer-solarpaneele-240-480-watt-2-batterien","status":"publish","type":"product","link":"https:\/\/stoic-curie.212-227-153-4.plesk.page\/de\/product\/laderegler-fuer-solarpaneele-240-480-watt-2-batterien\/","title":{"rendered":"Laderegler f\u00fcr Solarpaneele 240\/480 Watt, 2 Batterien"},"content":{"rendered":"<p>Laderegler f\u00fcr Solarpaneele 240\/480 Watt, 2 Batterien &#8211; <\/p>\n<p>Solar-Laderegler f\u00fcr Photovoltaik-Module und Systeme. 3-Stufen-Ladung mit PWM-Technologie zur korrekten \u00dcbertragung des Stroms vom Modul zu zwei Batteriebanken. Geeignet f\u00fcr alle Blei-S\u00e4ure-Batterien, einschlie\u00dflich AGM und Gel. Nicht kompatibel mit Lithium- und NiMH-Batterien. Komplett mit Display, Taste zur Ladeeinstellung, Temperatursensor, 8-poligem RJ45-Anschluss sowie Kurzschluss-, \u00dcberspannungs- und Verpolungsschutz.<\/p>\n","protected":false},"excerpt":{"rendered":"<p>Laderegler f\u00fcr Solarpaneele 240\/480 Watt, 2 Batterien &#8211; Solar-Laderegler f\u00fcr Photovoltaik-Module und Systeme. 3-Stufen-Ladung mit PWM-Technologie zur korrekten \u00dcbertragung des<\/p>\n","protected":false},"featured_media":5941273,"comment_status":"open","ping_status":"closed","template":"","meta":[],"product_brand":[2830],"product_cat":[1462],"product_tag":[],"class_list":{"0":"post-734666","1":"product","2":"type-product","3":"status-publish","4":"has-post-thumbnail","6":"product_brand-blue-sea-systems-de","7":"product_cat-solarpaneele","9":"first","10":"instock","11":"shipping-taxable","12":"purchasable","13":"product-type-simple"},"_links":{"self":[{"href":"https:\/\/stoic-curie.212-227-153-4.plesk.page\/de\/wp-json\/wp\/v2\/product\/734666","targetHints":{"allow":["GET"]}}],"collection":[{"href":"https:\/\/stoic-curie.212-227-153-4.plesk.page\/de\/wp-json\/wp\/v2\/product"}],"about":[{"href":"https:\/\/stoic-curie.212-227-153-4.plesk.page\/de\/wp-json\/wp\/v2\/types\/product"}],"replies":[{"embeddable":true,"href":"https:\/\/stoic-curie.212-227-153-4.plesk.page\/de\/wp-json\/wp\/v2\/comments?post=734666"}],"version-history":[{"count":0,"href":"https:\/\/stoic-curie.212-227-153-4.plesk.page\/de\/wp-json\/wp\/v2\/product\/734666\/revisions"}],"wp:featuredmedia":[{"embeddable":true,"href":"https:\/\/stoic-curie.212-227-153-4.plesk.page\/de\/wp-json\/wp\/v2\/media\/5941273"}],"wp:attachment":[{"href":"https:\/\/stoic-curie.212-227-153-4.plesk.page\/de\/wp-json\/wp\/v2\/media?parent=734666"}],"wp:term":[{"taxonomy":"product_brand","embeddable":true,"href":"https:\/\/stoic-curie.212-227-153-4.plesk.page\/de\/wp-json\/wp\/v2\/product_brand?post=734666"},{"taxonomy":"product_cat","embeddable":true,"href":"https:\/\/stoic-curie.212-227-153-4.plesk.page\/de\/wp-json\/wp\/v2\/product_cat?post=734666"},{"taxonomy":"product_tag","embeddable":true,"href":"https:\/\/stoic-curie.212-227-153-4.plesk.page\/de\/wp-json\/wp\/v2\/product_tag?post=734666"}],"curies":[{"name":"wp","href":"https:\/\/api.w.org\/{rel}","templated":true}]}}