{"id":734667,"date":"2025-03-03T16:24:48","date_gmt":"2025-03-03T15:24:48","guid":{"rendered":"https:\/\/stoic-curie.212-227-153-4.plesk.page\/producto\/aluminium-kragen-anoden-maertyrer-75mm\/"},"modified":"2026-02-24T23:34:56","modified_gmt":"2026-02-24T23:34:56","slug":"aluminium-kragen-anoden-maertyrer-75mm","status":"publish","type":"product","link":"https:\/\/stoic-curie.212-227-153-4.plesk.page\/de\/product\/aluminium-kragen-anoden-maertyrer-75mm\/","title":{"rendered":"Aluminium Kragen Anoden M\u00e4rtyrer 75mm"},"content":{"rendered":"<p>Aluminium Kragen Anoden M\u00e4rtyrer 75mm &#8211; <\/p>\n<p>Martyr Aluminium M2 Legierungspropeller metrische Wellenhalsanoden.<br \/>\u2022 Sch\u00fctzt 50% l\u00e4nger als herk\u00f6mmliche Zinkanoden<br \/>\u2022 Wiegt 50% weniger als herk\u00f6mmliche Zinkanoden<\/p>\n","protected":false},"excerpt":{"rendered":"<p>Aluminium Kragen Anoden M\u00e4rtyrer 75mm &#8211; Martyr Aluminium M2 Legierungspropeller metrische Wellenhalsanoden.\u2022 Sch\u00fctzt 50% l\u00e4nger als herk\u00f6mmliche Zinkanoden\u2022 Wiegt 50%<\/p>\n","protected":false},"featured_media":2919228,"comment_status":"open","ping_status":"closed","template":"","meta":[],"product_brand":[2237,3125],"product_cat":[1352],"product_tag":[],"class_list":{"0":"post-734667","1":"product","2":"type-product","3":"status-publish","4":"has-post-thumbnail","6":"product_brand-martyr","7":"product_brand-martyr-de","8":"product_cat-anoden-fuer-die-welle","10":"first","11":"instock","12":"shipping-taxable","13":"purchasable","14":"product-type-simple"},"_links":{"self":[{"href":"https:\/\/stoic-curie.212-227-153-4.plesk.page\/de\/wp-json\/wp\/v2\/product\/734667","targetHints":{"allow":["GET"]}}],"collection":[{"href":"https:\/\/stoic-curie.212-227-153-4.plesk.page\/de\/wp-json\/wp\/v2\/product"}],"about":[{"href":"https:\/\/stoic-curie.212-227-153-4.plesk.page\/de\/wp-json\/wp\/v2\/types\/product"}],"replies":[{"embeddable":true,"href":"https:\/\/stoic-curie.212-227-153-4.plesk.page\/de\/wp-json\/wp\/v2\/comments?post=734667"}],"version-history":[{"count":0,"href":"https:\/\/stoic-curie.212-227-153-4.plesk.page\/de\/wp-json\/wp\/v2\/product\/734667\/revisions"}],"wp:featuredmedia":[{"embeddable":true,"href":"https:\/\/stoic-curie.212-227-153-4.plesk.page\/de\/wp-json\/"}],"wp:attachment":[{"href":"https:\/\/stoic-curie.212-227-153-4.plesk.page\/de\/wp-json\/wp\/v2\/media?parent=734667"}],"wp:term":[{"taxonomy":"product_brand","embeddable":true,"href":"https:\/\/stoic-curie.212-227-153-4.plesk.page\/de\/wp-json\/wp\/v2\/product_brand?post=734667"},{"taxonomy":"product_cat","embeddable":true,"href":"https:\/\/stoic-curie.212-227-153-4.plesk.page\/de\/wp-json\/wp\/v2\/product_cat?post=734667"},{"taxonomy":"product_tag","embeddable":true,"href":"https:\/\/stoic-curie.212-227-153-4.plesk.page\/de\/wp-json\/wp\/v2\/product_tag?post=734667"}],"curies":[{"name":"wp","href":"https:\/\/api.w.org\/{rel}","templated":true}]}}