{"id":734668,"date":"2025-03-03T16:24:48","date_gmt":"2025-03-03T15:24:48","guid":{"rendered":"https:\/\/stoic-curie.212-227-153-4.plesk.page\/producto\/aluminium-kragen-anoden-maertyrer-80-mm\/"},"modified":"2026-02-24T23:34:56","modified_gmt":"2026-02-24T23:34:56","slug":"aluminium-kragen-anoden-maertyrer-80-mm","status":"publish","type":"product","link":"https:\/\/stoic-curie.212-227-153-4.plesk.page\/de\/product\/aluminium-kragen-anoden-maertyrer-80-mm\/","title":{"rendered":"Aluminium Kragen Anoden M\u00e4rtyrer 80 mm"},"content":{"rendered":"<p>Aluminium Kragen Anoden M\u00e4rtyrer 80 mm &#8211; <\/p>\n<p>Martyr Aluminium M2 Legierung Propeller metrische Wellenhalsanoden. \u00e2\u0080\u00a2 Sch\u00fctzt 50% l\u00e4nger als traditionelle Zinkanoden \u00e2\u0080\u00a2 Wiegt 50% weniger als traditionelle Zinkanoden<\/p>\n","protected":false},"excerpt":{"rendered":"<p>Aluminium Kragen Anoden M\u00e4rtyrer 80 mm &#8211; Martyr Aluminium M2 Legierung Propeller metrische Wellenhalsanoden. \u00e2\u0080\u00a2 Sch\u00fctzt 50% l\u00e4nger als traditionelle<\/p>\n","protected":false},"featured_media":2919228,"comment_status":"open","ping_status":"closed","template":"","meta":[],"product_brand":[2237,3125],"product_cat":[1352],"product_tag":[],"class_list":{"0":"post-734668","1":"product","2":"type-product","3":"status-publish","4":"has-post-thumbnail","6":"product_brand-martyr","7":"product_brand-martyr-de","8":"product_cat-anoden-fuer-die-welle","10":"first","11":"instock","12":"shipping-taxable","13":"purchasable","14":"product-type-simple"},"_links":{"self":[{"href":"https:\/\/stoic-curie.212-227-153-4.plesk.page\/de\/wp-json\/wp\/v2\/product\/734668","targetHints":{"allow":["GET"]}}],"collection":[{"href":"https:\/\/stoic-curie.212-227-153-4.plesk.page\/de\/wp-json\/wp\/v2\/product"}],"about":[{"href":"https:\/\/stoic-curie.212-227-153-4.plesk.page\/de\/wp-json\/wp\/v2\/types\/product"}],"replies":[{"embeddable":true,"href":"https:\/\/stoic-curie.212-227-153-4.plesk.page\/de\/wp-json\/wp\/v2\/comments?post=734668"}],"version-history":[{"count":0,"href":"https:\/\/stoic-curie.212-227-153-4.plesk.page\/de\/wp-json\/wp\/v2\/product\/734668\/revisions"}],"wp:featuredmedia":[{"embeddable":true,"href":"https:\/\/stoic-curie.212-227-153-4.plesk.page\/de\/wp-json\/"}],"wp:attachment":[{"href":"https:\/\/stoic-curie.212-227-153-4.plesk.page\/de\/wp-json\/wp\/v2\/media?parent=734668"}],"wp:term":[{"taxonomy":"product_brand","embeddable":true,"href":"https:\/\/stoic-curie.212-227-153-4.plesk.page\/de\/wp-json\/wp\/v2\/product_brand?post=734668"},{"taxonomy":"product_cat","embeddable":true,"href":"https:\/\/stoic-curie.212-227-153-4.plesk.page\/de\/wp-json\/wp\/v2\/product_cat?post=734668"},{"taxonomy":"product_tag","embeddable":true,"href":"https:\/\/stoic-curie.212-227-153-4.plesk.page\/de\/wp-json\/wp\/v2\/product_tag?post=734668"}],"curies":[{"name":"wp","href":"https:\/\/api.w.org\/{rel}","templated":true}]}}