{"id":734673,"date":"2025-03-03T16:24:49","date_gmt":"2025-03-03T15:24:49","guid":{"rendered":"https:\/\/stoic-curie.212-227-153-4.plesk.page\/producto\/ankerwinde-quick-prince-dp3-1000w-12v-ohne-trommel-8mm-kette\/"},"modified":"2026-02-24T23:34:56","modified_gmt":"2026-02-24T23:34:56","slug":"ankerwinde-quick-prince-dp3-1000w-12v-ohne-trommel-8mm-kette","status":"publish","type":"product","link":"https:\/\/stoic-curie.212-227-153-4.plesk.page\/de\/product\/ankerwinde-quick-prince-dp3-1000w-12v-ohne-trommel-8mm-kette\/","title":{"rendered":"Ankerwinde Quick Prince DP3 1000W 12v ohne Trommel &#8211; 8mm Kette"},"content":{"rendered":"<p>Ankerwinde Quick Prince DP3 1000W 12v ohne Trommel &#8211; 8mm Kette &#8211; <\/p>\n<p style=\"color: rgb(34, 34, 34); font-family: Arial, Helvetica, sans-serif; font-size: small;\">Der Prince DP3 1012 Tiefprofil-Ankerwinde zeichnet sich durch eine robuste Konstruktion mit Komponenten aus Bronze und Edelstahl aus. Er ist mit einem Kettenz\u00e4hler-Sensor und einem manuellen Freifall-Kettensystem ausgestattet, das eine einfache Bedienung gew\u00e4hrleistet. Zudem umfasst er ein Notfall-Handhebesystem und einen Druckhebel f\u00fcr zus\u00e4tzliche Sicherheit. Das Ger\u00e4t wird mit einer Steuerbox und einem Griff geliefert, alles montiert auf einem Edelstahl-Basis und -Geh\u00e4use. Der Motor hat eine IP67-Bewertung f\u00fcr wasserdichten Schutz.<\/p>\n<p style=\"color: rgb(34, 34, 34); font-family: Arial, Helvetica, sans-serif; font-size: small;\">Die Winde verf\u00fcgt \u00fcber eine Edelstahl 316-Basis mit integriertem Kettenr\u00f6hrchen. Der Seil\/Ketten-Gypsy ist mit einem Kettenz\u00e4hler-Sensor ausgestattet und wird mit einem Relaiskasten geliefert. Der Gypsy kann je nach Ihren Anforderungen mit oder ohne Trommel geliefert werden. Der Motor hat eine IP67-wasserdichte Bewertung.<\/p>\n<p style=\"color: rgb(34, 34, 34); font-family: Arial, Helvetica, sans-serif; font-size: small;\">Der Prince DP3 1012 Gypsy eignet sich f\u00fcr Boote mit einer L\u00e4nge von 10 bis 14 Metern (33 bis 46 Fu\u00df).<\/p>\n<p style=\"color: rgb(34, 34, 34); font-family: Arial, Helvetica, sans-serif; font-size: small;\">Technische Daten:<\/p>\n<ul style=\"color: rgb(34, 34, 34); font-family: Arial, Helvetica, sans-serif; font-size: small;\">\n<li>Trommel: Nein<\/li>\n<li>Motorleistung: 1000 W<\/li>\n<li>Eingangsspannung: 12 V<\/li>\n<li>Maximale Zugkraft: 1000 kg<\/li>\n<li>Maximale Arbeitslast: 370 kg<\/li>\n<li>Arbeitslast: 120 kg<\/li>\n<li>Kettengeschwindigkeit bei Arbeitslast: 20,4 m\/min<\/li>\n<li>Stromaufnahme bei Arbeitslast: 140 A<\/li>\n<li>Deckst\u00e4rke: 25-50 mm<\/li>\n<li>Gewicht: 18,1 kg<\/li>\n<li>Gypsy-Gr\u00f6\u00dfe: 8 mm<\/li>\n<\/ul>\n<p style=\"color: rgb(34, 34, 34); font-family: Arial, Helvetica, sans-serif; font-size: small;\">Diese Winde ist darauf ausgelegt, zuverl\u00e4ssige Leistung und Langlebigkeit zu bieten, was sie zu einer hervorragenden Wahl f\u00fcr Bootseigner macht, die hochwertige Ausr\u00fcstung suchen.<\/p>\n","protected":false},"excerpt":{"rendered":"<p>Ankerwinde Quick Prince DP3 1000W 12v ohne Trommel &#8211; 8mm Kette &#8211; Der Prince DP3 1012 Tiefprofil-Ankerwinde zeichnet sich durch<\/p>\n","protected":false},"featured_media":5941164,"comment_status":"open","ping_status":"closed","template":"","meta":[],"product_brand":[3280],"product_cat":[1324],"product_tag":[],"class_list":{"0":"post-734673","1":"product","2":"type-product","3":"status-publish","4":"has-post-thumbnail","6":"product_brand-quick-de","7":"product_cat-ankerwinden-quick","9":"first","10":"instock","11":"shipping-taxable","12":"purchasable","13":"product-type-simple"},"_links":{"self":[{"href":"https:\/\/stoic-curie.212-227-153-4.plesk.page\/de\/wp-json\/wp\/v2\/product\/734673","targetHints":{"allow":["GET"]}}],"collection":[{"href":"https:\/\/stoic-curie.212-227-153-4.plesk.page\/de\/wp-json\/wp\/v2\/product"}],"about":[{"href":"https:\/\/stoic-curie.212-227-153-4.plesk.page\/de\/wp-json\/wp\/v2\/types\/product"}],"replies":[{"embeddable":true,"href":"https:\/\/stoic-curie.212-227-153-4.plesk.page\/de\/wp-json\/wp\/v2\/comments?post=734673"}],"version-history":[{"count":0,"href":"https:\/\/stoic-curie.212-227-153-4.plesk.page\/de\/wp-json\/wp\/v2\/product\/734673\/revisions"}],"wp:featuredmedia":[{"embeddable":true,"href":"https:\/\/stoic-curie.212-227-153-4.plesk.page\/de\/wp-json\/wp\/v2\/media\/5941164"}],"wp:attachment":[{"href":"https:\/\/stoic-curie.212-227-153-4.plesk.page\/de\/wp-json\/wp\/v2\/media?parent=734673"}],"wp:term":[{"taxonomy":"product_brand","embeddable":true,"href":"https:\/\/stoic-curie.212-227-153-4.plesk.page\/de\/wp-json\/wp\/v2\/product_brand?post=734673"},{"taxonomy":"product_cat","embeddable":true,"href":"https:\/\/stoic-curie.212-227-153-4.plesk.page\/de\/wp-json\/wp\/v2\/product_cat?post=734673"},{"taxonomy":"product_tag","embeddable":true,"href":"https:\/\/stoic-curie.212-227-153-4.plesk.page\/de\/wp-json\/wp\/v2\/product_tag?post=734673"}],"curies":[{"name":"wp","href":"https:\/\/api.w.org\/{rel}","templated":true}]}}