{"id":734674,"date":"2025-03-03T16:24:49","date_gmt":"2025-03-03T15:24:49","guid":{"rendered":"https:\/\/stoic-curie.212-227-153-4.plesk.page\/producto\/ankerwinde-quick-prince-dp3-1000w-d-12v-mit-trommel-8mm-kette\/"},"modified":"2026-02-24T23:34:56","modified_gmt":"2026-02-24T23:34:56","slug":"ankerwinde-quick-prince-dp3-1000w-d-12v-mit-trommel-8mm-kette","status":"publish","type":"product","link":"https:\/\/stoic-curie.212-227-153-4.plesk.page\/de\/product\/ankerwinde-quick-prince-dp3-1000w-d-12v-mit-trommel-8mm-kette\/","title":{"rendered":"Ankerwinde Quick Prince DP3 1000W-D 12V &#8211; Mit Trommel &#8211; 8mm Kette"},"content":{"rendered":"<p>Ankerwinde Quick Prince DP3 1000W-D 12V &#8211; Mit Trommel &#8211; 8mm Kette &#8211; <\/p>\n<p style=\"color: rgb(34, 34, 34); font-family: Arial, Helvetica, sans-serif; font-size: small;\">Die Prince DP3 1012D Ankerwinde verf\u00fcgt \u00fcber robuste Traktionskomponenten aus Bronze und Edelstahl. Sie beinhaltet einen Kettenz\u00e4hler-Sensor und ein manuelles Freifallkettensystem sowie einen Notfallhandliftmechanismus und einen Druckhebel f\u00fcr zus\u00e4tzlichen Komfort. Die Einheit wird komplett mit einer Steuerbox und einem Handgriff geliefert, die alle auf einer Edelstahlbasis und -geh\u00e4use montiert sind. Der Motor ist IP67 f\u00fcr wasserdichte Schutz.<\/p>\n<p style=\"color: rgb(34, 34, 34); font-family: Arial, Helvetica, sans-serif; font-size: small;\">Die Winde ist mit einer Edelstahl 316-Basis ausgestattet, die ein integriertes Kettenrohr enth\u00e4lt. Sie verf\u00fcgt \u00fcber eine Seil\/Ketten-Gypsy, die mit einem Kettenz\u00e4hler-Sensor ausgestattet ist. Das System wird mit einer Relaisbox und einer Gypsy geliefert, die mit oder ohne Trommel bereitgestellt werden kann. Der Motor hat ebenfalls eine IP67 Wasserdichtigkeit.<\/p>\n<p style=\"color: rgb(34, 34, 34); font-family: Arial, Helvetica, sans-serif; font-size: small;\">Die Prince DP3 1012D eignet sich f\u00fcr Boote mit einer L\u00e4nge von 10 bis 14 Metern (33 bis 46 Fu\u00df).<\/p>\n<p style=\"color: rgb(34, 34, 34); font-family: Arial, Helvetica, sans-serif; font-size: small;\">Spezifikationen umfassen:<\/p>\n<ul style=\"color: rgb(34, 34, 34); font-family: Arial, Helvetica, sans-serif; font-size: small;\">\n<li>Trommel: Ja<\/li>\n<li>Motorleistung: 1000 W<\/li>\n<li>Eingangsspannung: 12 V<\/li>\n<li>Maximale Zugkraft: 1000 kg<\/li>\n<li>Maximale Arbeitslast: 370 kg<\/li>\n<li>Arbeitslast: 120 kg<\/li>\n<li>Kettengeschwindigkeit bei Arbeitslast: 20,4 m\/min<\/li>\n<li>Stromaufnahme bei Arbeitslast: 140 A<\/li>\n<li>Deckst\u00e4rke: 25-50 mm<\/li>\n<li>Gewicht: 19,1 kg<\/li>\n<li>Gypsy-Gr\u00f6\u00dfe: 8 mm<\/li>\n<\/ul>\n<p style=\"color: rgb(34, 34, 34); font-family: Arial, Helvetica, sans-serif; font-size: small;\">Diese Winde kombiniert hochwertige Verarbeitung mit fortschrittlichen Funktionen, was sie zu einer ausgezeichneten Wahl f\u00fcr Bootseigent\u00fcmer macht, die zuverl\u00e4ssige Ankerl\u00f6sungen suchen.<\/p>\n","protected":false},"excerpt":{"rendered":"<p>Ankerwinde Quick Prince DP3 1000W-D 12V &#8211; Mit Trommel &#8211; 8mm Kette &#8211; Die Prince DP3 1012D Ankerwinde verf\u00fcgt \u00fcber<\/p>\n","protected":false},"featured_media":5941348,"comment_status":"open","ping_status":"closed","template":"","meta":[],"product_brand":[3280],"product_cat":[1324],"product_tag":[],"class_list":{"0":"post-734674","1":"product","2":"type-product","3":"status-publish","4":"has-post-thumbnail","6":"product_brand-quick-de","7":"product_cat-ankerwinden-quick","9":"first","10":"instock","11":"shipping-taxable","12":"purchasable","13":"product-type-simple"},"_links":{"self":[{"href":"https:\/\/stoic-curie.212-227-153-4.plesk.page\/de\/wp-json\/wp\/v2\/product\/734674","targetHints":{"allow":["GET"]}}],"collection":[{"href":"https:\/\/stoic-curie.212-227-153-4.plesk.page\/de\/wp-json\/wp\/v2\/product"}],"about":[{"href":"https:\/\/stoic-curie.212-227-153-4.plesk.page\/de\/wp-json\/wp\/v2\/types\/product"}],"replies":[{"embeddable":true,"href":"https:\/\/stoic-curie.212-227-153-4.plesk.page\/de\/wp-json\/wp\/v2\/comments?post=734674"}],"version-history":[{"count":0,"href":"https:\/\/stoic-curie.212-227-153-4.plesk.page\/de\/wp-json\/wp\/v2\/product\/734674\/revisions"}],"wp:featuredmedia":[{"embeddable":true,"href":"https:\/\/stoic-curie.212-227-153-4.plesk.page\/de\/wp-json\/wp\/v2\/media\/5941348"}],"wp:attachment":[{"href":"https:\/\/stoic-curie.212-227-153-4.plesk.page\/de\/wp-json\/wp\/v2\/media?parent=734674"}],"wp:term":[{"taxonomy":"product_brand","embeddable":true,"href":"https:\/\/stoic-curie.212-227-153-4.plesk.page\/de\/wp-json\/wp\/v2\/product_brand?post=734674"},{"taxonomy":"product_cat","embeddable":true,"href":"https:\/\/stoic-curie.212-227-153-4.plesk.page\/de\/wp-json\/wp\/v2\/product_cat?post=734674"},{"taxonomy":"product_tag","embeddable":true,"href":"https:\/\/stoic-curie.212-227-153-4.plesk.page\/de\/wp-json\/wp\/v2\/product_tag?post=734674"}],"curies":[{"name":"wp","href":"https:\/\/api.w.org\/{rel}","templated":true}]}}