{"id":734680,"date":"2025-03-03T16:24:50","date_gmt":"2025-03-03T15:24:50","guid":{"rendered":"https:\/\/stoic-curie.212-227-153-4.plesk.page\/producto\/bravo-bp12-luftpumpe-mit-automatischem-stopp\/"},"modified":"2026-02-24T23:34:56","modified_gmt":"2026-02-24T23:34:56","slug":"bravo-bp12-luftpumpe-mit-automatischem-stopp","status":"publish","type":"product","link":"https:\/\/stoic-curie.212-227-153-4.plesk.page\/de\/product\/bravo-bp12-luftpumpe-mit-automatischem-stopp\/","title":{"rendered":"Bravo BP12 Luftpumpe mit automatischem Stopp"},"content":{"rendered":"<p>Bravo BP12 Luftpumpe mit automatischem Stopp &#8211; <\/p>\n<p>GE BP Luftpumpe mit automatischer Abschaltung, wenn der ausgew\u00e4hlte Druck erreicht ist. Komplett mit Ansaugfilter, Tragetasche, 1,7 Meter Schlauch und 3 Meter Kabel. Stromversorgung \u00fcber 12V Zigarettenanz\u00fcnderstecker oder Batterieklemmen. Maximaler Verbrauch 13A. Abmessungen: 21 x 11 x H13 cm.<\/p>\n","protected":false},"excerpt":{"rendered":"<p>Bravo BP12 Luftpumpe mit automatischem Stopp &#8211; GE BP Luftpumpe mit automatischer Abschaltung, wenn der ausgew\u00e4hlte Druck erreicht ist. Komplett<\/p>\n","protected":false},"featured_media":5941362,"comment_status":"open","ping_status":"closed","template":"","meta":[],"product_brand":[2850],"product_cat":[1548],"product_tag":[],"class_list":{"0":"post-734680","1":"product","2":"type-product","3":"status-publish","4":"has-post-thumbnail","6":"product_brand-bravo-scoprega-de","7":"product_cat-schlauchboot-luftpumpen","9":"first","10":"instock","11":"shipping-taxable","12":"purchasable","13":"product-type-simple"},"_links":{"self":[{"href":"https:\/\/stoic-curie.212-227-153-4.plesk.page\/de\/wp-json\/wp\/v2\/product\/734680","targetHints":{"allow":["GET"]}}],"collection":[{"href":"https:\/\/stoic-curie.212-227-153-4.plesk.page\/de\/wp-json\/wp\/v2\/product"}],"about":[{"href":"https:\/\/stoic-curie.212-227-153-4.plesk.page\/de\/wp-json\/wp\/v2\/types\/product"}],"replies":[{"embeddable":true,"href":"https:\/\/stoic-curie.212-227-153-4.plesk.page\/de\/wp-json\/wp\/v2\/comments?post=734680"}],"version-history":[{"count":0,"href":"https:\/\/stoic-curie.212-227-153-4.plesk.page\/de\/wp-json\/wp\/v2\/product\/734680\/revisions"}],"wp:featuredmedia":[{"embeddable":true,"href":"https:\/\/stoic-curie.212-227-153-4.plesk.page\/de\/wp-json\/wp\/v2\/media\/5941362"}],"wp:attachment":[{"href":"https:\/\/stoic-curie.212-227-153-4.plesk.page\/de\/wp-json\/wp\/v2\/media?parent=734680"}],"wp:term":[{"taxonomy":"product_brand","embeddable":true,"href":"https:\/\/stoic-curie.212-227-153-4.plesk.page\/de\/wp-json\/wp\/v2\/product_brand?post=734680"},{"taxonomy":"product_cat","embeddable":true,"href":"https:\/\/stoic-curie.212-227-153-4.plesk.page\/de\/wp-json\/wp\/v2\/product_cat?post=734680"},{"taxonomy":"product_tag","embeddable":true,"href":"https:\/\/stoic-curie.212-227-153-4.plesk.page\/de\/wp-json\/wp\/v2\/product_tag?post=734680"}],"curies":[{"name":"wp","href":"https:\/\/api.w.org\/{rel}","templated":true}]}}