{"id":734687,"date":"2025-03-03T16:24:52","date_gmt":"2025-03-03T15:24:52","guid":{"rendered":"https:\/\/stoic-curie.212-227-153-4.plesk.page\/producto\/bootsmannsmesser-gelb-138-cm\/"},"modified":"2026-02-24T23:34:56","modified_gmt":"2026-02-24T23:34:56","slug":"bootsmannsmesser-gelb-138-cm","status":"publish","type":"product","link":"https:\/\/stoic-curie.212-227-153-4.plesk.page\/de\/product\/bootsmannsmesser-gelb-138-cm\/","title":{"rendered":"Bootsmannsmesser Gelb 13,8 cm"},"content":{"rendered":"<p>Bootsmannsmesser Gelb 13,8 cm &#8211; <\/p>\n<p>Edelstahl W1.4028 Knotenstecher. Komplett mit hohlem Fid, Sch\u00e4keler\u00f6ffner und verst\u00e4rktem Segeltuchetui. Ergonomischer Griff aus PP und TPE.<\/p>\n","protected":false},"excerpt":{"rendered":"<p>Bootsmannsmesser Gelb 13,8 cm &#8211; Edelstahl W1.4028 Knotenstecher. Komplett mit hohlem Fid, Sch\u00e4keler\u00f6ffner und verst\u00e4rktem Segeltuchetui. Ergonomischer Griff aus PP<\/p>\n","protected":false},"featured_media":5941389,"comment_status":"open","ping_status":"closed","template":"","meta":[],"product_brand":[3080],"product_cat":[1569],"product_tag":[],"class_list":{"0":"post-734687","1":"product","2":"type-product","3":"status-publish","4":"has-post-thumbnail","6":"product_brand-macs-de","7":"product_cat-segelmesser-und-werkzeuge","9":"first","10":"instock","11":"shipping-taxable","12":"purchasable","13":"product-type-simple"},"_links":{"self":[{"href":"https:\/\/stoic-curie.212-227-153-4.plesk.page\/de\/wp-json\/wp\/v2\/product\/734687","targetHints":{"allow":["GET"]}}],"collection":[{"href":"https:\/\/stoic-curie.212-227-153-4.plesk.page\/de\/wp-json\/wp\/v2\/product"}],"about":[{"href":"https:\/\/stoic-curie.212-227-153-4.plesk.page\/de\/wp-json\/wp\/v2\/types\/product"}],"replies":[{"embeddable":true,"href":"https:\/\/stoic-curie.212-227-153-4.plesk.page\/de\/wp-json\/wp\/v2\/comments?post=734687"}],"version-history":[{"count":0,"href":"https:\/\/stoic-curie.212-227-153-4.plesk.page\/de\/wp-json\/wp\/v2\/product\/734687\/revisions"}],"wp:featuredmedia":[{"embeddable":true,"href":"https:\/\/stoic-curie.212-227-153-4.plesk.page\/de\/wp-json\/wp\/v2\/media\/5941389"}],"wp:attachment":[{"href":"https:\/\/stoic-curie.212-227-153-4.plesk.page\/de\/wp-json\/wp\/v2\/media?parent=734687"}],"wp:term":[{"taxonomy":"product_brand","embeddable":true,"href":"https:\/\/stoic-curie.212-227-153-4.plesk.page\/de\/wp-json\/wp\/v2\/product_brand?post=734687"},{"taxonomy":"product_cat","embeddable":true,"href":"https:\/\/stoic-curie.212-227-153-4.plesk.page\/de\/wp-json\/wp\/v2\/product_cat?post=734687"},{"taxonomy":"product_tag","embeddable":true,"href":"https:\/\/stoic-curie.212-227-153-4.plesk.page\/de\/wp-json\/wp\/v2\/product_tag?post=734687"}],"curies":[{"name":"wp","href":"https:\/\/api.w.org\/{rel}","templated":true}]}}