{"id":734692,"date":"2025-03-03T16:24:53","date_gmt":"2025-03-03T15:24:53","guid":{"rendered":"https:\/\/stoic-curie.212-227-153-4.plesk.page\/producto\/abgaskruemmer-mercruiser-864612t01\/"},"modified":"2026-02-24T23:34:56","modified_gmt":"2026-02-24T23:34:56","slug":"abgaskruemmer-mercruiser-864612t01","status":"publish","type":"product","link":"https:\/\/stoic-curie.212-227-153-4.plesk.page\/de\/product\/abgaskruemmer-mercruiser-864612t01\/","title":{"rendered":"Abgaskr\u00fcmmer Mercruiser 864612T01"},"content":{"rendered":"<p>Abgaskr\u00fcmmer Mercruiser 864612T01 &#8211; <\/p>\n<p style=\"color: rgb(34, 34, 34); font-family: Arial, Helvetica, sans-serif; font-size: small;\">R\u00fcsten Sie Ihren MerCruiser Marine-Gasmotor mit dem originalen MerCruiser 864612T01 Abgaskr\u00fcmmer auf. Dieses vollst\u00e4ndige Kit enth\u00e4lt eine Dichtung und ist daf\u00fcr ausgelegt, das trockene Anschluss-V6-Abgaskr\u00fcmmer bei den meisten 2003 und neueren 4,3L-Motoren sowie 4,3MPI-Motoren zu ersetzen.<\/p>\n<p style=\"color: rgb(34, 34, 34); font-family: Arial, Helvetica, sans-serif; font-size: small;\">Bitte beachten Sie, dass f\u00fcr die Installation sechs Schrauben erforderlich sind, die nicht im Lieferumfang enthalten sind.<\/p>\n","protected":false},"excerpt":{"rendered":"<p>Abgaskr\u00fcmmer Mercruiser 864612T01 &#8211; R\u00fcsten Sie Ihren MerCruiser Marine-Gasmotor mit dem originalen MerCruiser 864612T01 Abgaskr\u00fcmmer auf. Dieses vollst\u00e4ndige Kit enth\u00e4lt<\/p>\n","protected":false},"featured_media":5941400,"comment_status":"open","ping_status":"closed","template":"","meta":[],"product_brand":[3285],"product_cat":[1543],"product_tag":[],"class_list":{"0":"post-734692","1":"product","2":"type-product","3":"status-publish","4":"has-post-thumbnail","6":"product_brand-quicksilver-de","7":"product_cat-marine-ersatzteile-fuer-mercruiser","9":"first","10":"instock","11":"shipping-taxable","12":"purchasable","13":"product-type-simple"},"_links":{"self":[{"href":"https:\/\/stoic-curie.212-227-153-4.plesk.page\/de\/wp-json\/wp\/v2\/product\/734692","targetHints":{"allow":["GET"]}}],"collection":[{"href":"https:\/\/stoic-curie.212-227-153-4.plesk.page\/de\/wp-json\/wp\/v2\/product"}],"about":[{"href":"https:\/\/stoic-curie.212-227-153-4.plesk.page\/de\/wp-json\/wp\/v2\/types\/product"}],"replies":[{"embeddable":true,"href":"https:\/\/stoic-curie.212-227-153-4.plesk.page\/de\/wp-json\/wp\/v2\/comments?post=734692"}],"version-history":[{"count":0,"href":"https:\/\/stoic-curie.212-227-153-4.plesk.page\/de\/wp-json\/wp\/v2\/product\/734692\/revisions"}],"wp:featuredmedia":[{"embeddable":true,"href":"https:\/\/stoic-curie.212-227-153-4.plesk.page\/de\/wp-json\/wp\/v2\/media\/5941400"}],"wp:attachment":[{"href":"https:\/\/stoic-curie.212-227-153-4.plesk.page\/de\/wp-json\/wp\/v2\/media?parent=734692"}],"wp:term":[{"taxonomy":"product_brand","embeddable":true,"href":"https:\/\/stoic-curie.212-227-153-4.plesk.page\/de\/wp-json\/wp\/v2\/product_brand?post=734692"},{"taxonomy":"product_cat","embeddable":true,"href":"https:\/\/stoic-curie.212-227-153-4.plesk.page\/de\/wp-json\/wp\/v2\/product_cat?post=734692"},{"taxonomy":"product_tag","embeddable":true,"href":"https:\/\/stoic-curie.212-227-153-4.plesk.page\/de\/wp-json\/wp\/v2\/product_tag?post=734692"}],"curies":[{"name":"wp","href":"https:\/\/api.w.org\/{rel}","templated":true}]}}