{"id":734693,"date":"2025-03-03T16:24:53","date_gmt":"2025-03-03T15:24:53","guid":{"rendered":"https:\/\/stoic-curie.212-227-153-4.plesk.page\/producto\/abgaskruemmer-original-mercruiser-865735a02\/"},"modified":"2026-02-24T23:34:56","modified_gmt":"2026-02-24T23:34:56","slug":"abgaskruemmer-original-mercruiser-865735a02","status":"publish","type":"product","link":"https:\/\/stoic-curie.212-227-153-4.plesk.page\/de\/product\/abgaskruemmer-original-mercruiser-865735a02\/","title":{"rendered":"Abgaskr\u00fcmmer Mercruiser 865735A02"},"content":{"rendered":"<p>Abgaskr\u00fcmmer Mercruiser 865735A02 &#8211; <\/p>\n<p style=\"color: rgb(34, 34, 34); font-family: Arial, Helvetica, sans-serif; font-size: small;\">Auspuffkr\u00fcmmer f\u00fcr Mercruiser V8-Motoren (2003 bis heute). Dieses originale Mercruiser 865735A02 Auspuffkr\u00fcmmer wird mit einer Dichtung geliefert.<\/p>\n<p style=\"color: rgb(34, 34, 34); font-family: Arial, Helvetica, sans-serif; font-size: small;\">Es ist kompatibel mit 5.0 MPI, 350 MAG MPI, ALPHA, BRAVO und 6.2L MPI Motoren (Seriennummern 0W310000 bis 1A299999) sowie 377 MAG MPI Motoren. Dieses Teil passt auf GM 5.0L, 5.7L und 6.2L V8-Motoren. Es ersetzt Mercruiser 865735A02, Sierra 18-1843, BARR MC-1-865735, GLM 51237 und HGE 5735.<\/p>\n<p style=\"color: rgb(34, 34, 34); font-family: Arial, Helvetica, sans-serif; font-size: small;\">F\u00fcr die Installation ben\u00f6tigen Sie vier Schrauben (Teilenummer 5040411).<\/p>\n<p style=\"color: rgb(34, 34, 34); font-family: Arial, Helvetica, sans-serif; font-size: small;\">Bestellnummern:<\/p>\n<ul style=\"color: rgb(34, 34, 34); font-family: Arial, Helvetica, sans-serif; font-size: small;\">\n<li>Original Mercruiser: 865735A02<\/li>\n<\/ul>\n<p style=\"color: rgb(34, 34, 34); font-family: Arial, Helvetica, sans-serif; font-size: small;\">\u00c4quivalente Teile:<\/p>\n<ul style=\"color: rgb(34, 34, 34); font-family: Arial, Helvetica, sans-serif; font-size: small;\">\n<li>Mercruiser OEM: 864308T01, 865049T01, 8M0185794<\/li>\n<li>Aftermarket: HOT20735, HGE5735, OSC5735, 9-40508, 18-1843, GLM51237<\/li>\n<\/ul>\n","protected":false},"excerpt":{"rendered":"<p>Abgaskr\u00fcmmer Mercruiser 865735A02 &#8211; Auspuffkr\u00fcmmer f\u00fcr Mercruiser V8-Motoren (2003 bis heute). Dieses originale Mercruiser 865735A02 Auspuffkr\u00fcmmer wird mit einer Dichtung<\/p>\n","protected":false},"featured_media":5941402,"comment_status":"open","ping_status":"closed","template":"","meta":[],"product_brand":[3285],"product_cat":[1543],"product_tag":[],"class_list":{"0":"post-734693","1":"product","2":"type-product","3":"status-publish","4":"has-post-thumbnail","6":"product_brand-quicksilver-de","7":"product_cat-marine-ersatzteile-fuer-mercruiser","9":"first","10":"instock","11":"shipping-taxable","12":"purchasable","13":"product-type-simple"},"_links":{"self":[{"href":"https:\/\/stoic-curie.212-227-153-4.plesk.page\/de\/wp-json\/wp\/v2\/product\/734693","targetHints":{"allow":["GET"]}}],"collection":[{"href":"https:\/\/stoic-curie.212-227-153-4.plesk.page\/de\/wp-json\/wp\/v2\/product"}],"about":[{"href":"https:\/\/stoic-curie.212-227-153-4.plesk.page\/de\/wp-json\/wp\/v2\/types\/product"}],"replies":[{"embeddable":true,"href":"https:\/\/stoic-curie.212-227-153-4.plesk.page\/de\/wp-json\/wp\/v2\/comments?post=734693"}],"version-history":[{"count":0,"href":"https:\/\/stoic-curie.212-227-153-4.plesk.page\/de\/wp-json\/wp\/v2\/product\/734693\/revisions"}],"wp:featuredmedia":[{"embeddable":true,"href":"https:\/\/stoic-curie.212-227-153-4.plesk.page\/de\/wp-json\/wp\/v2\/media\/5941402"}],"wp:attachment":[{"href":"https:\/\/stoic-curie.212-227-153-4.plesk.page\/de\/wp-json\/wp\/v2\/media?parent=734693"}],"wp:term":[{"taxonomy":"product_brand","embeddable":true,"href":"https:\/\/stoic-curie.212-227-153-4.plesk.page\/de\/wp-json\/wp\/v2\/product_brand?post=734693"},{"taxonomy":"product_cat","embeddable":true,"href":"https:\/\/stoic-curie.212-227-153-4.plesk.page\/de\/wp-json\/wp\/v2\/product_cat?post=734693"},{"taxonomy":"product_tag","embeddable":true,"href":"https:\/\/stoic-curie.212-227-153-4.plesk.page\/de\/wp-json\/wp\/v2\/product_tag?post=734693"}],"curies":[{"name":"wp","href":"https:\/\/api.w.org\/{rel}","templated":true}]}}