{"id":734695,"date":"2025-03-03T16:24:53","date_gmt":"2025-03-03T15:24:53","guid":{"rendered":"https:\/\/stoic-curie.212-227-153-4.plesk.page\/producto\/dichtung-fuer-auspuff-mercruiser-7-864549a02\/"},"modified":"2026-02-24T23:34:56","modified_gmt":"2026-02-24T23:34:56","slug":"dichtung-fuer-auspuff-mercruiser-7-864549a02","status":"publish","type":"product","link":"https:\/\/stoic-curie.212-227-153-4.plesk.page\/de\/product\/dichtung-fuer-auspuff-mercruiser-7-864549a02\/","title":{"rendered":"Dichtung f\u00fcr Auspuff Mercruiser 7-864549A02"},"content":{"rendered":"<p>Dichtung f\u00fcr Auspuff Mercruiser 7-864549A02 &#8211; <\/p>\n<p>Echter Mercruiser 864309T02 Abgask\u00fchler. Passt f\u00fcr 6,2L MPI (Seriennummer 0M600000 bis OW309999) Motoren. Wird mit einer Dichtung und 4 Schrauben geliefert.<\/p>\n","protected":false},"excerpt":{"rendered":"<p>Dichtung f\u00fcr Auspuff Mercruiser 7-864549A02 &#8211; Echter Mercruiser 864309T02 Abgask\u00fchler. Passt f\u00fcr 6,2L MPI (Seriennummer 0M600000 bis OW309999) Motoren. Wird<\/p>\n","protected":false},"featured_media":5941404,"comment_status":"open","ping_status":"closed","template":"","meta":[],"product_brand":[3285],"product_cat":[1543],"product_tag":[],"class_list":{"0":"post-734695","1":"product","2":"type-product","3":"status-publish","4":"has-post-thumbnail","6":"product_brand-quicksilver-de","7":"product_cat-marine-ersatzteile-fuer-mercruiser","9":"first","10":"instock","11":"shipping-taxable","12":"purchasable","13":"product-type-simple"},"_links":{"self":[{"href":"https:\/\/stoic-curie.212-227-153-4.plesk.page\/de\/wp-json\/wp\/v2\/product\/734695","targetHints":{"allow":["GET"]}}],"collection":[{"href":"https:\/\/stoic-curie.212-227-153-4.plesk.page\/de\/wp-json\/wp\/v2\/product"}],"about":[{"href":"https:\/\/stoic-curie.212-227-153-4.plesk.page\/de\/wp-json\/wp\/v2\/types\/product"}],"replies":[{"embeddable":true,"href":"https:\/\/stoic-curie.212-227-153-4.plesk.page\/de\/wp-json\/wp\/v2\/comments?post=734695"}],"version-history":[{"count":0,"href":"https:\/\/stoic-curie.212-227-153-4.plesk.page\/de\/wp-json\/wp\/v2\/product\/734695\/revisions"}],"wp:featuredmedia":[{"embeddable":true,"href":"https:\/\/stoic-curie.212-227-153-4.plesk.page\/de\/wp-json\/wp\/v2\/media\/5941404"}],"wp:attachment":[{"href":"https:\/\/stoic-curie.212-227-153-4.plesk.page\/de\/wp-json\/wp\/v2\/media?parent=734695"}],"wp:term":[{"taxonomy":"product_brand","embeddable":true,"href":"https:\/\/stoic-curie.212-227-153-4.plesk.page\/de\/wp-json\/wp\/v2\/product_brand?post=734695"},{"taxonomy":"product_cat","embeddable":true,"href":"https:\/\/stoic-curie.212-227-153-4.plesk.page\/de\/wp-json\/wp\/v2\/product_cat?post=734695"},{"taxonomy":"product_tag","embeddable":true,"href":"https:\/\/stoic-curie.212-227-153-4.plesk.page\/de\/wp-json\/wp\/v2\/product_tag?post=734695"}],"curies":[{"name":"wp","href":"https:\/\/api.w.org\/{rel}","templated":true}]}}