{"id":734699,"date":"2025-03-03T16:24:54","date_gmt":"2025-03-03T15:24:54","guid":{"rendered":"https:\/\/stoic-curie.212-227-153-4.plesk.page\/producto\/griffin-gtb341s4-900-fh\/"},"modified":"2026-02-24T23:34:56","modified_gmt":"2026-02-24T23:34:56","slug":"griffin-gtb341s4-900-fh","status":"publish","type":"product","link":"https:\/\/stoic-curie.212-227-153-4.plesk.page\/de\/product\/griffin-gtb341s4-900-fh\/","title":{"rendered":"Griffin GTB341S4 900 FH"},"content":{"rendered":"<p>Griffin GTB341S4 900 FH &#8211; <\/p>\n<p>Die hochwertigen Griffin-Diesel-Filter verf\u00fcgen \u00fcber MICROBLOC-Mehrstufenfilterelemente, die eine Effektivit\u00e4t von 99,8 % bei der Trennung von Wasser und Diesel gew\u00e4hrleisten. Alle Filter sind mit einer 30-Mikron-Kartusche ausgestattet. GTB228S4 mit Eingang UNF3\/4&#8243; GTB341S4 mit Eingang UNF7\/8&#8243; GTB681S4 mit Eingang UNF7\/8&#8243; K\u00f6nnen Racor FG\/FH-Filtertypen ersetzen.<\/p>\n","protected":false},"excerpt":{"rendered":"<p>Griffin GTB341S4 900 FH &#8211; Die hochwertigen Griffin-Diesel-Filter verf\u00fcgen \u00fcber MICROBLOC-Mehrstufenfilterelemente, die eine Effektivit\u00e4t von 99,8 % bei der Trennung<\/p>\n","protected":false},"featured_media":5941416,"comment_status":"open","ping_status":"closed","template":"","meta":[],"product_brand":[2985],"product_cat":[1510,1542],"product_tag":[],"class_list":{"0":"post-734699","1":"product","2":"type-product","3":"status-publish","4":"has-post-thumbnail","6":"product_brand-griffin-de","7":"product_cat-kraftstoff-wasser-trennfilter","8":"product_cat-marine-ersatzteile-fuer-volvo-penta","10":"first","11":"instock","12":"shipping-taxable","13":"purchasable","14":"product-type-simple"},"_links":{"self":[{"href":"https:\/\/stoic-curie.212-227-153-4.plesk.page\/de\/wp-json\/wp\/v2\/product\/734699","targetHints":{"allow":["GET"]}}],"collection":[{"href":"https:\/\/stoic-curie.212-227-153-4.plesk.page\/de\/wp-json\/wp\/v2\/product"}],"about":[{"href":"https:\/\/stoic-curie.212-227-153-4.plesk.page\/de\/wp-json\/wp\/v2\/types\/product"}],"replies":[{"embeddable":true,"href":"https:\/\/stoic-curie.212-227-153-4.plesk.page\/de\/wp-json\/wp\/v2\/comments?post=734699"}],"version-history":[{"count":0,"href":"https:\/\/stoic-curie.212-227-153-4.plesk.page\/de\/wp-json\/wp\/v2\/product\/734699\/revisions"}],"wp:featuredmedia":[{"embeddable":true,"href":"https:\/\/stoic-curie.212-227-153-4.plesk.page\/de\/wp-json\/wp\/v2\/media\/5941416"}],"wp:attachment":[{"href":"https:\/\/stoic-curie.212-227-153-4.plesk.page\/de\/wp-json\/wp\/v2\/media?parent=734699"}],"wp:term":[{"taxonomy":"product_brand","embeddable":true,"href":"https:\/\/stoic-curie.212-227-153-4.plesk.page\/de\/wp-json\/wp\/v2\/product_brand?post=734699"},{"taxonomy":"product_cat","embeddable":true,"href":"https:\/\/stoic-curie.212-227-153-4.plesk.page\/de\/wp-json\/wp\/v2\/product_cat?post=734699"},{"taxonomy":"product_tag","embeddable":true,"href":"https:\/\/stoic-curie.212-227-153-4.plesk.page\/de\/wp-json\/wp\/v2\/product_tag?post=734699"}],"curies":[{"name":"wp","href":"https:\/\/api.w.org\/{rel}","templated":true}]}}