{"id":734722,"date":"2025-03-03T16:24:58","date_gmt":"2025-03-03T15:24:58","guid":{"rendered":"https:\/\/stoic-curie.212-227-153-4.plesk.page\/producto\/ersatzweisser-sitz-fuer-tecma-silence-plus-t-278\/"},"modified":"2026-02-24T23:34:56","modified_gmt":"2026-02-24T23:34:56","slug":"ersatzweisser-sitz-fuer-tecma-silence-plus-t-278","status":"publish","type":"product","link":"https:\/\/stoic-curie.212-227-153-4.plesk.page\/de\/product\/ersatzweisser-sitz-fuer-tecma-silence-plus-t-278\/","title":{"rendered":"Ersatzwei\u00dfer Sitz f\u00fcr Tecma Silence Plus T-278"},"content":{"rendered":"<p>Ersatzwei\u00dfer Sitz f\u00fcr Tecma Silence Plus T-278 &#8211; <\/p>\n<p>Designsitz und Flexi (Silence, Elegance) Toilettensitz und -scharniere. PE: Klassischer und robuster Polyester-Sitz mit sichtbarem Deckel und Sitz. TE: Moderner und leichter Sitz aus Thermoplastik mit einem Deckel, der den Sitz verdeckt. Sanftes Schlie\u00dfen: Scharniere mit D\u00e4mpfersystem, um Sch\u00e4den und Ger\u00e4usche zu vermeiden.<\/p>\n","protected":false},"excerpt":{"rendered":"<p>Ersatzwei\u00dfer Sitz f\u00fcr Tecma Silence Plus T-278 &#8211; Designsitz und Flexi (Silence, Elegance) Toilettensitz und -scharniere. PE: Klassischer und robuster<\/p>\n","protected":false},"featured_media":5941485,"comment_status":"open","ping_status":"closed","template":"","meta":[],"product_brand":[3470],"product_cat":[1388],"product_tag":[],"class_list":{"0":"post-734722","1":"product","2":"type-product","3":"status-publish","4":"has-post-thumbnail","6":"product_brand-tecma-de","7":"product_cat-marine-wcs","9":"first","10":"instock","11":"shipping-taxable","12":"purchasable","13":"product-type-simple"},"_links":{"self":[{"href":"https:\/\/stoic-curie.212-227-153-4.plesk.page\/de\/wp-json\/wp\/v2\/product\/734722","targetHints":{"allow":["GET"]}}],"collection":[{"href":"https:\/\/stoic-curie.212-227-153-4.plesk.page\/de\/wp-json\/wp\/v2\/product"}],"about":[{"href":"https:\/\/stoic-curie.212-227-153-4.plesk.page\/de\/wp-json\/wp\/v2\/types\/product"}],"replies":[{"embeddable":true,"href":"https:\/\/stoic-curie.212-227-153-4.plesk.page\/de\/wp-json\/wp\/v2\/comments?post=734722"}],"version-history":[{"count":0,"href":"https:\/\/stoic-curie.212-227-153-4.plesk.page\/de\/wp-json\/wp\/v2\/product\/734722\/revisions"}],"wp:featuredmedia":[{"embeddable":true,"href":"https:\/\/stoic-curie.212-227-153-4.plesk.page\/de\/wp-json\/wp\/v2\/media\/5941485"}],"wp:attachment":[{"href":"https:\/\/stoic-curie.212-227-153-4.plesk.page\/de\/wp-json\/wp\/v2\/media?parent=734722"}],"wp:term":[{"taxonomy":"product_brand","embeddable":true,"href":"https:\/\/stoic-curie.212-227-153-4.plesk.page\/de\/wp-json\/wp\/v2\/product_brand?post=734722"},{"taxonomy":"product_cat","embeddable":true,"href":"https:\/\/stoic-curie.212-227-153-4.plesk.page\/de\/wp-json\/wp\/v2\/product_cat?post=734722"},{"taxonomy":"product_tag","embeddable":true,"href":"https:\/\/stoic-curie.212-227-153-4.plesk.page\/de\/wp-json\/wp\/v2\/product_tag?post=734722"}],"curies":[{"name":"wp","href":"https:\/\/api.w.org\/{rel}","templated":true}]}}