{"id":734732,"date":"2025-03-03T16:25:00","date_gmt":"2025-03-03T15:25:00","guid":{"rendered":"https:\/\/stoic-curie.212-227-153-4.plesk.page\/producto\/ankerwinde-quick-prince-dp1-500w-d-12v-mit-trommel-6mm-kette\/"},"modified":"2026-02-24T23:34:56","modified_gmt":"2026-02-24T23:34:56","slug":"ankerwinde-quick-prince-dp1-500w-d-12v-mit-trommel-6mm-kette","status":"publish","type":"product","link":"https:\/\/stoic-curie.212-227-153-4.plesk.page\/de\/product\/ankerwinde-quick-prince-dp1-500w-d-12v-mit-trommel-6mm-kette\/","title":{"rendered":"Ankerwinde Quick Prince DP1 500W-D 12v &#8211; mit Trommel -6mm Kette"},"content":{"rendered":"<p>Ankerwinde Quick Prince DP1 500W-D 12v &#8211; mit Trommel -6mm Kette &#8211; <\/p>\n<p style=\"color: rgb(34, 34, 34); font-family: Arial, Helvetica, sans-serif; font-size: small;\">Pr\u00e4sentation des Prince DP1 512D, einer zuverl\u00e4ssigen Schnellankermaschine, die f\u00fcr Bootsfreunde entwickelt wurde. Diese Ankerwinde verf\u00fcgt \u00fcber langlebige Teile aus Bronze und Edelstahl, die Langlebigkeit und Leistung gew\u00e4hrleisten. Sie ist mit einem Sensor f\u00fcr den Kettenz\u00e4hler und einem manuellen Freifallsystem f\u00fcr die Kette ausgestattet, was zus\u00e4tzlichen Komfort bietet. Das Geh\u00e4use und die Basis sind aus Edelstahl gefertigt, mit einer inneren Verbundstruktur, und der Motor hat eine IP67-Bewertung f\u00fcr wasserdichten Schutz. Im Lieferumfang sind eine Steuerbox und ein Griff enthalten.<\/p>\n<p style=\"color: rgb(34, 34, 34); font-family: Arial, Helvetica, sans-serif; font-size: small;\">Die Winde hat eine Basis aus Edelstahl 316, die ein integriertes Kettenrohr und eine Trommel aus Edelstahl 316 umfasst. Sie ist mit einer Gypsy ausgestattet, die f\u00fcr 6 mm Ketten geeignet ist und den DIN766- oder ISO-Standards entspricht, und verf\u00fcgt \u00fcber einen Sensor f\u00fcr den Kettenz\u00e4hler. Dar\u00fcber hinaus wird sie mit einem Relaiskasten und einer Gypsy geliefert, die mit oder ohne Trommel erh\u00e4ltlich ist. Der Motor hat eine IP66-Zertifizierung f\u00fcr wasserdichten Schutz.<\/p>\n<p style=\"color: rgb(34, 34, 34); font-family: Arial, Helvetica, sans-serif; font-size: small;\">Der Prince DP1 512D ist ideal f\u00fcr Boote mit einer L\u00e4nge von 5 bis 8,5 Metern (16 bis 28 Fu\u00df).<\/p>\n<p style=\"color: rgb(34, 34, 34); font-family: Arial, Helvetica, sans-serif; font-size: small;\">Spezifikationen:<\/p>\n<ul style=\"color: rgb(34, 34, 34); font-family: Arial, Helvetica, sans-serif; font-size: small;\">\n<li>Trommel: Ja<\/li>\n<li>Motorleistung: 500 W<\/li>\n<li>Eingangsspannung: 12 V<\/li>\n<li>Maximale Zugkraft: 660 kg<\/li>\n<li>Maximale Arbeitslast: 200 kg<\/li>\n<li>Arbeitslast: 65 kg<\/li>\n<li>Kettengeschwindigkeit bei Arbeitslast: 18,5 m\/min<\/li>\n<li>Stromaufnahme bei Arbeitslast: 80 A<\/li>\n<li>Deckst\u00e4rke: 20-30 mm<\/li>\n<li>Gewicht: 8,8 kg<\/li>\n<li>Gypsy-Gr\u00f6\u00dfe: 6 mm<\/li>\n<\/ul>\n<p style=\"color: rgb(34, 34, 34); font-family: Arial, Helvetica, sans-serif; font-size: small;\">Diese Winde kombiniert Qualit\u00e4t und Funktionalit\u00e4t und ist damit eine ausgezeichnete Wahl f\u00fcr Ihre Bootsbed\u00fcrfnisse.<\/p>\n","protected":false},"excerpt":{"rendered":"<p>Ankerwinde Quick Prince DP1 500W-D 12v &#8211; mit Trommel -6mm Kette &#8211; Pr\u00e4sentation des Prince DP1 512D, einer zuverl\u00e4ssigen Schnellankermaschine,<\/p>\n","protected":false},"featured_media":5941605,"comment_status":"open","ping_status":"closed","template":"","meta":[],"product_brand":[3280],"product_cat":[1324],"product_tag":[],"class_list":{"0":"post-734732","1":"product","2":"type-product","3":"status-publish","4":"has-post-thumbnail","6":"product_brand-quick-de","7":"product_cat-ankerwinden-quick","9":"first","10":"instock","11":"shipping-taxable","12":"purchasable","13":"product-type-simple"},"_links":{"self":[{"href":"https:\/\/stoic-curie.212-227-153-4.plesk.page\/de\/wp-json\/wp\/v2\/product\/734732","targetHints":{"allow":["GET"]}}],"collection":[{"href":"https:\/\/stoic-curie.212-227-153-4.plesk.page\/de\/wp-json\/wp\/v2\/product"}],"about":[{"href":"https:\/\/stoic-curie.212-227-153-4.plesk.page\/de\/wp-json\/wp\/v2\/types\/product"}],"replies":[{"embeddable":true,"href":"https:\/\/stoic-curie.212-227-153-4.plesk.page\/de\/wp-json\/wp\/v2\/comments?post=734732"}],"version-history":[{"count":0,"href":"https:\/\/stoic-curie.212-227-153-4.plesk.page\/de\/wp-json\/wp\/v2\/product\/734732\/revisions"}],"wp:featuredmedia":[{"embeddable":true,"href":"https:\/\/stoic-curie.212-227-153-4.plesk.page\/de\/wp-json\/wp\/v2\/media\/5941605"}],"wp:attachment":[{"href":"https:\/\/stoic-curie.212-227-153-4.plesk.page\/de\/wp-json\/wp\/v2\/media?parent=734732"}],"wp:term":[{"taxonomy":"product_brand","embeddable":true,"href":"https:\/\/stoic-curie.212-227-153-4.plesk.page\/de\/wp-json\/wp\/v2\/product_brand?post=734732"},{"taxonomy":"product_cat","embeddable":true,"href":"https:\/\/stoic-curie.212-227-153-4.plesk.page\/de\/wp-json\/wp\/v2\/product_cat?post=734732"},{"taxonomy":"product_tag","embeddable":true,"href":"https:\/\/stoic-curie.212-227-153-4.plesk.page\/de\/wp-json\/wp\/v2\/product_tag?post=734732"}],"curies":[{"name":"wp","href":"https:\/\/api.w.org\/{rel}","templated":true}]}}