{"id":734734,"date":"2025-03-03T16:25:00","date_gmt":"2025-03-03T15:25:00","guid":{"rendered":"https:\/\/stoic-curie.212-227-153-4.plesk.page\/producto\/verzinkter-toro-anker-6-kg\/"},"modified":"2026-02-24T23:34:56","modified_gmt":"2026-02-24T23:34:56","slug":"verzinkter-toro-anker-6-kg","status":"publish","type":"product","link":"https:\/\/stoic-curie.212-227-153-4.plesk.page\/de\/product\/verzinkter-toro-anker-6-kg\/","title":{"rendered":"Verzinkter Toro-Anker 6 kg"},"content":{"rendered":"<p>Verzinkter Toro-Anker 6 kg &#8211; <\/p>\n<p><strong>Galvanisierter Stahlanker f\u00fcr weiche Meeresb\u00f6den<\/strong><\/p>\n<p>Wir pr\u00e4sentieren unseren hochwertigen galvanisierten Stahlanker, der speziell f\u00fcr optimale Leistung in weichen Meeresb\u00f6den, einschlie\u00dflich Sand, Schlamm und Schleim, entwickelt wurde. Dieser Anker verf\u00fcgt \u00fcber eine einzigartige Gewichtsverteilung an der Spitze, die es ihm erm\u00f6glicht, schnell den effektivsten Winkel f\u00fcr das Eindringen in den Meeresboden zu finden. Dieses Design sorgt f\u00fcr einen stabilen und sicheren Halt, sodass Sie beruhigt auf dem Wasser sein k\u00f6nnen. Hergestellt aus galvanisiertem Manganstahl von Premium-Qualit\u00e4t, ist dieser einteilige Anker fachm\u00e4nnisch ausgewogen, um frei von Bugrollen zu fallen, was ihn zur ausgezeichneten Wahl f\u00fcr den Einsatz mit Fernwindlass macht. Der schwere Ballast im Fu\u00dfbereich des Ankers garantiert, dass er beim Aufprall den Meeresboden erreicht und sofort Stabilit\u00e4t bietet. Wir stehen hinter der Qualit\u00e4t unseres Produkts und bieten eine lebenslange Garantie gegen Bruch, sodass Sie sich auf diesen Anker \u00fcber Jahre hinweg verlassen k\u00f6nnen.<\/p>\n<p><strong>Eigenschaften<\/strong><\/p>\n<ul>\n<li><strong>Hochwertige galvanisierte Manganstahlkonstruktion:<\/strong> Dieses Material ist bekannt f\u00fcr seine St\u00e4rke und Haltbarkeit, was es ideal f\u00fcr maritime Umgebungen macht.<\/li>\n<li><strong>Einzigartiges Schaftprofil:<\/strong> Das Design des Schafts erm\u00f6glicht eine bessere Penetration und Haltekraft in weichen Meeresb\u00f6den.<\/li>\n<li><strong>Ballastierte Spitze:<\/strong> Das zus\u00e4tzliche Gewicht an der Spitze hilft dem Anker, schnell und sicher zu greifen.<\/li>\n<li><strong>Selbststartendes Design:<\/strong> Diese Eigenschaft erm\u00f6glicht eine einfache Ausbringung und macht das Ankern zu einem m\u00fchelosen Erlebnis.<\/li>\n<li><strong>Niedriger Schwerpunkt:<\/strong> Dieses Designelement erh\u00f6ht die Stabilit\u00e4t und verringert die Wahrscheinlichkeit, dass der Anker sich l\u00f6st.<\/li>\n<li><strong>Selbstaufrichtende Geometrie:<\/strong> Der Anker ist so konstruiert, dass er sich selbst aufrichtet und sich jedes Mal richtig setzt.<\/li>\n<li><strong>Setzt sofort:<\/strong> Sie k\u00f6nnen darauf vertrauen, dass dieser Anker schnell eingreift und zuverl\u00e4ssige Leistung bringt, wenn Sie sie am meisten ben\u00f6tigen.<\/li>\n<li><strong>Konsistente und zuverl\u00e4ssige Leistung:<\/strong> Dieser Anker ist darauf ausgelegt, unter verschiedenen Bedingungen gut zu funktionieren, sodass Sie Vertrauen in seine F\u00e4higkeiten haben.<\/li>\n<\/ul>\n<p><strong>Feuerverzinkte Anker<\/strong><\/p>\n<p>Die Feuerverzinkung ist weithin als die beliebteste Oberfl\u00e4chenbehandlung f\u00fcr Anker auf Segel- und Motoryachten anerkannt. Diese Pr\u00e4ferenz liegt haupts\u00e4chlich daran, dass Anker aus Edelstahl f\u00fcr viele Segler prohibitively teuer sein k\u00f6nnen. Im Gegensatz dazu werden Aluminiumanker normalerweise nur f\u00fcr Kedge- oder Sekund\u00e4ranker verwendet, aufgrund ihrer leichten Eigenschaften. Galvanisierter Stahl erweist sich als hervorragende Wahl f\u00fcr die Ankerproduktion, da er St\u00e4rke, Gewicht und Haltbarkeit in maritimen Umgebungen kombiniert und gleichzeitig relativ erschwinglich bleibt. Dar\u00fcber hinaus kann er in komplexe Designs geformt werden, die seine Funktionalit\u00e4t verbessern.<\/p>\n<p>Obwohl es wahr ist, dass moderne, technologisch fortschrittliche Anker mit hoher Haltekraft an Beliebtheit gewinnen, sind traditionelle Ankerdesigns weiterhin f\u00fcr diejenigen erh\u00e4ltlich, die eine klassische Form und ein klassisches Profil sch\u00e4tzen. Diese traditionellen Designs bieten zuverl\u00e4ssige Leistungen und werden h\u00e4ufig von erfahrenen Seglern bevorzugt, die zeitbew\u00e4hrte Methoden sch\u00e4tzen.<\/p>\n<p><strong>Kompatibilit\u00e4t mit Bugrollen<\/strong><\/p>\n<p>Es ist wichtig zu beachten, dass \u00e4ltere Ankerdesigns typischerweise aus galvanisiertem Stahl bestehen. Obwohl diese Anker m\u00f6glicherweise nicht die fortschrittlichen Leistungsmerkmale neuerer Modelle bieten, k\u00f6nnen sie als kosteng\u00fcnstigere Option f\u00fcr die Montage an Bugrollen dienen. Durch den Austausch eines Ankers durch ein \u00e4hnliches Modell k\u00f6nnen Sie Geld sparen und zugleich die Notwendigkeit von Modifikationen am Bug und der Rollenanordnung vermeiden. Dies kann sowohl Zeit als auch Ressourcen erheblich einsparen. Design- und Entwicklungsteams sind sich dieses Bedarfs an Kompatibilit\u00e4t wohl bewusst, und Hersteller neuer Designs bieten oft detaillierte Abmessungen und ma\u00dfstabsgetreue Vorlagen an. Diese Ressourcen sind von unsch\u00e4tzbarem Wert, um Kunden bei der Vermeidung von Installationsproblemen zu helfen und einen reibungslosen \u00dcbergang beim Upgrade oder Austausch ihrer Anker sicherzustellen.<\/p>\n<p>Abschlie\u00dfend ist unser galvanisierter Stahlanker eine zuverl\u00e4ssige und effektive Wahl f\u00fcr Bootsbegeisterte, die eine verl\u00e4ssliche L\u00f6sung f\u00fcr das Ankern in weichen Meeresb\u00f6den suchen. Mit seiner robusten Konstruktion, durchdachten Designelementen und dem Bekenntnis zur Qualit\u00e4t wird dieser Anker sicher Ihren Bed\u00fcrfnissen gerecht werden und Ihre Erwartungen \u00fcbertreffen.<\/p>\n","protected":false},"excerpt":{"rendered":"<p>Verzinkter Toro-Anker 6 kg &#8211; Galvanisierter Stahlanker f\u00fcr weiche Meeresb\u00f6den Wir pr\u00e4sentieren unseren hochwertigen galvanisierten Stahlanker, der speziell f\u00fcr optimale<\/p>\n","protected":false},"featured_media":5941611,"comment_status":"open","ping_status":"closed","template":"","meta":[],"product_brand":[3085],"product_cat":[1579],"product_tag":[],"class_list":{"0":"post-734734","1":"product","2":"type-product","3":"status-publish","4":"has-post-thumbnail","6":"product_brand-maggigroup-de","7":"product_cat-anker-delta","9":"first","10":"instock","11":"shipping-taxable","12":"purchasable","13":"product-type-simple"},"_links":{"self":[{"href":"https:\/\/stoic-curie.212-227-153-4.plesk.page\/de\/wp-json\/wp\/v2\/product\/734734","targetHints":{"allow":["GET"]}}],"collection":[{"href":"https:\/\/stoic-curie.212-227-153-4.plesk.page\/de\/wp-json\/wp\/v2\/product"}],"about":[{"href":"https:\/\/stoic-curie.212-227-153-4.plesk.page\/de\/wp-json\/wp\/v2\/types\/product"}],"replies":[{"embeddable":true,"href":"https:\/\/stoic-curie.212-227-153-4.plesk.page\/de\/wp-json\/wp\/v2\/comments?post=734734"}],"version-history":[{"count":0,"href":"https:\/\/stoic-curie.212-227-153-4.plesk.page\/de\/wp-json\/wp\/v2\/product\/734734\/revisions"}],"wp:featuredmedia":[{"embeddable":true,"href":"https:\/\/stoic-curie.212-227-153-4.plesk.page\/de\/wp-json\/wp\/v2\/media\/5941611"}],"wp:attachment":[{"href":"https:\/\/stoic-curie.212-227-153-4.plesk.page\/de\/wp-json\/wp\/v2\/media?parent=734734"}],"wp:term":[{"taxonomy":"product_brand","embeddable":true,"href":"https:\/\/stoic-curie.212-227-153-4.plesk.page\/de\/wp-json\/wp\/v2\/product_brand?post=734734"},{"taxonomy":"product_cat","embeddable":true,"href":"https:\/\/stoic-curie.212-227-153-4.plesk.page\/de\/wp-json\/wp\/v2\/product_cat?post=734734"},{"taxonomy":"product_tag","embeddable":true,"href":"https:\/\/stoic-curie.212-227-153-4.plesk.page\/de\/wp-json\/wp\/v2\/product_tag?post=734734"}],"curies":[{"name":"wp","href":"https:\/\/api.w.org\/{rel}","templated":true}]}}