{"id":734750,"date":"2025-03-03T16:25:04","date_gmt":"2025-03-03T15:25:04","guid":{"rendered":"https:\/\/stoic-curie.212-227-153-4.plesk.page\/producto\/anlegeschoner-unimer-u-klemme-16-20-mm-tau\/"},"modified":"2026-02-24T23:34:56","modified_gmt":"2026-02-24T23:34:56","slug":"anlegeschoner-unimer-u-klemme-16-20-mm-tau","status":"publish","type":"product","link":"https:\/\/stoic-curie.212-227-153-4.plesk.page\/de\/product\/anlegeschoner-unimer-u-klemme-16-20-mm-tau\/","title":{"rendered":"Anlegeschoner Unimer U-Klemme 16\/20 mm Tau"},"content":{"rendered":"<p>Anlegeschoner Unimer U-Klemme 16\/20 mm Tau &#8211; <\/p>\n<p>Der U-Cleat Mooring Snubber verf\u00fcgt \u00fcber einen abnehmbaren Sicherheitsmechanismus. Der U-Cleat kann nach der Montage problemlos neu positioniert, auf eine andere Leine \u00fcbertragen oder an einer Leine mit Augen- oder Schlaufenenden angebracht werden. Hergestellt aus starkem, geripptem EPDM-Gummi, bietet er das einfachste und am besten gepolsterte Anlegen, vermeidet Sch\u00e4den an Seilen und Cleats und verl\u00e4ngert die Lebensdauer Ihres Bootes. Die L\u00e4nge der Kompensationsbewegung kann durch eine unterschiedliche Anzahl an Wicklungen um den Kompensator (nie mehr als 3) variiert werden: mehr Wicklungen, mehr Kompensation.<\/p>\n","protected":false},"excerpt":{"rendered":"<p>Anlegeschoner Unimer U-Klemme 16\/20 mm Tau &#8211; Der U-Cleat Mooring Snubber verf\u00fcgt \u00fcber einen abnehmbaren Sicherheitsmechanismus. Der U-Cleat kann nach<\/p>\n","protected":false},"featured_media":5939668,"comment_status":"open","ping_status":"closed","template":"","meta":[],"product_brand":[3505],"product_cat":[1337],"product_tag":[],"class_list":{"0":"post-734750","1":"product","2":"type-product","3":"status-publish","4":"has-post-thumbnail","6":"product_brand-unimer-de","7":"product_cat-anlegefendern-stossdaempfer","9":"first","10":"instock","11":"shipping-taxable","12":"purchasable","13":"product-type-simple"},"_links":{"self":[{"href":"https:\/\/stoic-curie.212-227-153-4.plesk.page\/de\/wp-json\/wp\/v2\/product\/734750","targetHints":{"allow":["GET"]}}],"collection":[{"href":"https:\/\/stoic-curie.212-227-153-4.plesk.page\/de\/wp-json\/wp\/v2\/product"}],"about":[{"href":"https:\/\/stoic-curie.212-227-153-4.plesk.page\/de\/wp-json\/wp\/v2\/types\/product"}],"replies":[{"embeddable":true,"href":"https:\/\/stoic-curie.212-227-153-4.plesk.page\/de\/wp-json\/wp\/v2\/comments?post=734750"}],"version-history":[{"count":0,"href":"https:\/\/stoic-curie.212-227-153-4.plesk.page\/de\/wp-json\/wp\/v2\/product\/734750\/revisions"}],"wp:featuredmedia":[{"embeddable":true,"href":"https:\/\/stoic-curie.212-227-153-4.plesk.page\/de\/wp-json\/wp\/v2\/media\/5939668"}],"wp:attachment":[{"href":"https:\/\/stoic-curie.212-227-153-4.plesk.page\/de\/wp-json\/wp\/v2\/media?parent=734750"}],"wp:term":[{"taxonomy":"product_brand","embeddable":true,"href":"https:\/\/stoic-curie.212-227-153-4.plesk.page\/de\/wp-json\/wp\/v2\/product_brand?post=734750"},{"taxonomy":"product_cat","embeddable":true,"href":"https:\/\/stoic-curie.212-227-153-4.plesk.page\/de\/wp-json\/wp\/v2\/product_cat?post=734750"},{"taxonomy":"product_tag","embeddable":true,"href":"https:\/\/stoic-curie.212-227-153-4.plesk.page\/de\/wp-json\/wp\/v2\/product_tag?post=734750"}],"curies":[{"name":"wp","href":"https:\/\/api.w.org\/{rel}","templated":true}]}}