{"id":734753,"date":"2025-03-03T16:25:04","date_gmt":"2025-03-03T15:25:04","guid":{"rendered":"https:\/\/stoic-curie.212-227-153-4.plesk.page\/producto\/druckwasserpumpe-bw-max-m4-12v-16lt-pro-minute\/"},"modified":"2026-02-24T23:34:56","modified_gmt":"2026-02-24T23:34:56","slug":"druckwasserpumpe-bw-max-m4-12v-16lt-pro-minute","status":"publish","type":"product","link":"https:\/\/stoic-curie.212-227-153-4.plesk.page\/de\/product\/druckwasserpumpe-bw-max-m4-12v-16lt-pro-minute\/","title":{"rendered":"Druckwasserpumpe BW-Max M4 12V 16lt pro Minute"},"content":{"rendered":"<p>Druckwasserpumpe BW-Max M4 12V 16lt pro Minute &#8211; <\/p>\n<p>BW-Max M4 Frischwasser-Druckpumpe f\u00fcr Sp\u00fclen und Duschen, f\u00fcr 2 bis 4 Ger\u00e4te.<\/p>\n","protected":false},"excerpt":{"rendered":"<p>Druckwasserpumpe BW-Max M4 12V 16lt pro Minute &#8211; BW-Max M4 Frischwasser-Druckpumpe f\u00fcr Sp\u00fclen und Duschen, f\u00fcr 2 bis 4 Ger\u00e4te.<\/p>\n","protected":false},"featured_media":5941646,"comment_status":"open","ping_status":"closed","template":"","meta":[],"product_brand":[3045],"product_cat":[1373],"product_tag":[],"class_list":{"0":"post-734753","1":"product","2":"type-product","3":"status-publish","4":"has-post-thumbnail","6":"product_brand-johnson-marine-de","7":"product_cat-wasserdruckpumpen","9":"first","10":"instock","11":"shipping-taxable","12":"purchasable","13":"product-type-simple"},"_links":{"self":[{"href":"https:\/\/stoic-curie.212-227-153-4.plesk.page\/de\/wp-json\/wp\/v2\/product\/734753","targetHints":{"allow":["GET"]}}],"collection":[{"href":"https:\/\/stoic-curie.212-227-153-4.plesk.page\/de\/wp-json\/wp\/v2\/product"}],"about":[{"href":"https:\/\/stoic-curie.212-227-153-4.plesk.page\/de\/wp-json\/wp\/v2\/types\/product"}],"replies":[{"embeddable":true,"href":"https:\/\/stoic-curie.212-227-153-4.plesk.page\/de\/wp-json\/wp\/v2\/comments?post=734753"}],"version-history":[{"count":0,"href":"https:\/\/stoic-curie.212-227-153-4.plesk.page\/de\/wp-json\/wp\/v2\/product\/734753\/revisions"}],"wp:featuredmedia":[{"embeddable":true,"href":"https:\/\/stoic-curie.212-227-153-4.plesk.page\/de\/wp-json\/wp\/v2\/media\/5941646"}],"wp:attachment":[{"href":"https:\/\/stoic-curie.212-227-153-4.plesk.page\/de\/wp-json\/wp\/v2\/media?parent=734753"}],"wp:term":[{"taxonomy":"product_brand","embeddable":true,"href":"https:\/\/stoic-curie.212-227-153-4.plesk.page\/de\/wp-json\/wp\/v2\/product_brand?post=734753"},{"taxonomy":"product_cat","embeddable":true,"href":"https:\/\/stoic-curie.212-227-153-4.plesk.page\/de\/wp-json\/wp\/v2\/product_cat?post=734753"},{"taxonomy":"product_tag","embeddable":true,"href":"https:\/\/stoic-curie.212-227-153-4.plesk.page\/de\/wp-json\/wp\/v2\/product_tag?post=734753"}],"curies":[{"name":"wp","href":"https:\/\/api.w.org\/{rel}","templated":true}]}}