{"id":734755,"date":"2025-03-03T16:25:05","date_gmt":"2025-03-03T15:25:05","guid":{"rendered":"https:\/\/stoic-curie.212-227-153-4.plesk.page\/producto\/kompakte-toilette-tecma-nano-12v-mit-eco-panel\/"},"modified":"2026-02-24T23:34:56","modified_gmt":"2026-02-24T23:34:56","slug":"kompakte-toilette-tecma-nano-12v-mit-eco-panel","status":"publish","type":"product","link":"https:\/\/stoic-curie.212-227-153-4.plesk.page\/de\/product\/kompakte-toilette-tecma-nano-12v-mit-eco-panel\/","title":{"rendered":"Toilette Tecma Nano 12v (Eco Panel)"},"content":{"rendered":"<p>Toilette Tecma Nano 12v (Eco Panel) &#8211; <\/p>\n<p>Wir freuen uns, die Tecma Nano Kompakttoilette vorzustellen, die mit einem thermosensiblen Sitz ausgestattet ist, der Komfort mit einem platzsparenden Design perfekt kombiniert und gleichzeitig hervorragende Leistung bietet. Diese Toilette ist mit einer robusten Zerkleinerungspumpe ausgestattet, die einen minimalen Wasser- und Energieverbrauch sowie niedrige Ger\u00e4uschpegel gew\u00e4hrleistet. Der Installations- und Verdrahtungsprozess ist unkompliziert und schnell und erfordert keine laufende Wartung.<\/p>\n<p>Die Tecma Nano kann \u00fcber zwei verschiedene Bedienfelder betrieben werden:<\/p>\n<ul>\n<li><strong>Eco Panel<\/strong>: Dieses Panel verf\u00fcgt \u00fcber eine Taste zur Aktivierung sowohl der Lade- als auch der Entladefunktion.<\/li>\n<li><strong>All-in-One SFT Panel<\/strong>: Dieses Dual-Button-Panel umfasst die Smart Flush-Technologie, die dazu beitr\u00e4gt, den Wasserverbrauch und Ger\u00e4uschpegel zu senken. Au\u00dferdem hat es eine Anzeige zur \u00dcberwachung des Abwassertanks und eine Funktion zur Verhinderung von \u00dcberl\u00e4ufen des Ladewassers.<\/li>\n<\/ul>\n<p>Als kompaktestes Modell bietet die Nano Komfort, Zuverl\u00e4ssigkeit und Leistung. Sie misst nur 295 mm in der H\u00f6he und arbeitet ebenso leise wie andere elektrische Toiletten von Tecma. Hergestellt aus italienischer wei\u00dfer Keramik, verf\u00fcgt sie \u00fcber einen thermosensiblen Polyester-Sitz und wird mit einem Eco Rocker Switch Steuermodul geliefert. Sie ist f\u00fcr die Installation mit einer Seewasserzulaufpumpe konzipiert und beinhaltet ein Magnetventil zur Umgehung des Bordwassersystems.<\/p>\n<p>Die Nano-Toilette nutzt die fortschrittliche Turbine Technologie, die eine leistungsstarke Sp\u00fclung bietet, die Verstopfungen widersteht. Dieses Modell stellt die ideale Kombination aus Effizienz und kompaktem Design dar und bietet denselben Komfort wie gr\u00f6\u00dfere Toiletten. Es ist speziell f\u00fcr den Einsatz in Schiffen unter 50 Fu\u00df (15 Meter) L\u00e4nge konzipiert. Das Produktentwicklungsteam von Thetford Marine hat eine elegante L\u00f6sung entwickelt, die aufgrund ihrer kompakten Gr\u00f6\u00dfe Flexibilit\u00e4t bei der Installation bietet.<\/p>\n<p>Wichtige Merkmale sind:<\/p>\n<ul>\n<li>Zwei R\u00fcckschlagventile und ein Wasserfalle zur Vermeidung unangenehmer Ger\u00fcche.<\/li>\n<li>Au\u00dfergew\u00f6hnlich leiser Betrieb.<\/li>\n<li>Kompatibilit\u00e4t mit sowohl Rohwasser- als auch Druckwasser-Sp\u00fclsystemen.<\/li>\n<li>Eine saubere, trockene Sch\u00fcssel nach jeder kraftvollen Sp\u00fclung.<\/li>\n<li>Ein einfacher Eco-Rocker-Schalter zur Minimierung des Energie- und Wasserverbrauchs oder ein intelligenter Sp\u00fclcontroller mit fortschrittlichen Funktionen f\u00fcr Sp\u00fclung und Tankmanagement.<\/li>\n<\/ul>\n<p>Die Leistung der Zerkleinerungspumpe erf\u00fcllt alle Qualit\u00e4tsstandards, und die Technologie innerhalb der Toilette wurde optimiert, um die Ger\u00e4uschemissionen zu senken, w\u00e4hrend der Wasser- und Stromverbrauch niedrig bleibt. Installation, Sanit\u00e4rarbeiten und Verdrahtung sind einfach und schnell, mit nahezu keiner erforderlichen Wartung.<\/p>\n<p>Tecma Nano Marine-Toiletten sind h\u00e4ufig auf Chaparral Booten, Monterey und Canados Schiffen zu finden.<\/p>\n<p><strong>Technische Spezifikationen:<\/strong><\/p>\n<ul>\n<li>Gewicht: 17,6 kg (38,8 lb)<\/li>\n<li>Auslaufpumpe: MAC 4 12V<\/li>\n<li>Einlassger\u00e4t: Magnetventil (optionale Einlasspumpe)<\/li>\n<\/ul>\n","protected":false},"excerpt":{"rendered":"<p>Toilette Tecma Nano 12v (Eco Panel) &#8211; Wir freuen uns, die Tecma Nano Kompakttoilette vorzustellen, die mit einem thermosensiblen Sitz<\/p>\n","protected":false},"featured_media":5941647,"comment_status":"open","ping_status":"closed","template":"","meta":[],"product_brand":[3470],"product_cat":[1388],"product_tag":[],"class_list":{"0":"post-734755","1":"product","2":"type-product","3":"status-publish","4":"has-post-thumbnail","6":"product_brand-tecma-de","7":"product_cat-marine-wcs","9":"first","10":"instock","11":"shipping-taxable","12":"purchasable","13":"product-type-simple"},"_links":{"self":[{"href":"https:\/\/stoic-curie.212-227-153-4.plesk.page\/de\/wp-json\/wp\/v2\/product\/734755","targetHints":{"allow":["GET"]}}],"collection":[{"href":"https:\/\/stoic-curie.212-227-153-4.plesk.page\/de\/wp-json\/wp\/v2\/product"}],"about":[{"href":"https:\/\/stoic-curie.212-227-153-4.plesk.page\/de\/wp-json\/wp\/v2\/types\/product"}],"replies":[{"embeddable":true,"href":"https:\/\/stoic-curie.212-227-153-4.plesk.page\/de\/wp-json\/wp\/v2\/comments?post=734755"}],"version-history":[{"count":0,"href":"https:\/\/stoic-curie.212-227-153-4.plesk.page\/de\/wp-json\/wp\/v2\/product\/734755\/revisions"}],"wp:featuredmedia":[{"embeddable":true,"href":"https:\/\/stoic-curie.212-227-153-4.plesk.page\/de\/wp-json\/wp\/v2\/media\/5941647"}],"wp:attachment":[{"href":"https:\/\/stoic-curie.212-227-153-4.plesk.page\/de\/wp-json\/wp\/v2\/media?parent=734755"}],"wp:term":[{"taxonomy":"product_brand","embeddable":true,"href":"https:\/\/stoic-curie.212-227-153-4.plesk.page\/de\/wp-json\/wp\/v2\/product_brand?post=734755"},{"taxonomy":"product_cat","embeddable":true,"href":"https:\/\/stoic-curie.212-227-153-4.plesk.page\/de\/wp-json\/wp\/v2\/product_cat?post=734755"},{"taxonomy":"product_tag","embeddable":true,"href":"https:\/\/stoic-curie.212-227-153-4.plesk.page\/de\/wp-json\/wp\/v2\/product_tag?post=734755"}],"curies":[{"name":"wp","href":"https:\/\/api.w.org\/{rel}","templated":true}]}}