{"id":734760,"date":"2025-03-03T16:25:06","date_gmt":"2025-03-03T15:25:06","guid":{"rendered":"https:\/\/stoic-curie.212-227-153-4.plesk.page\/producto\/klappbare-tische-forma-marathon-m400-88x60cm-h61cm\/"},"modified":"2026-02-24T23:34:56","modified_gmt":"2026-02-24T23:34:56","slug":"klappbare-tische-forma-marathon-m400-88x60cm-h61cm","status":"publish","type":"product","link":"https:\/\/stoic-curie.212-227-153-4.plesk.page\/de\/product\/klappbare-tische-forma-marathon-m400-88x60cm-h61cm\/","title":{"rendered":"Klappbare Tische Forma Marathon M400 88x60cm H61cm"},"content":{"rendered":"<p>Klappbare Tische Forma Marathon M400 88x60cm H61cm &#8211; <\/p>\n<p>Marathon M200 &#8211; M400 &#8211; M400H &#8211; M600 elegante Klapptische. Perfekt bearbeiteter Rahmen aus anodisiertem Aluminium. Tischplatte aus hochwertigem Melamin, die feuchtigkeits- und UV-best\u00e4ndig ist. Ecken aus verst\u00e4rktem anodisiertem Aluminium. Edelstahl-Beschl\u00e4ge. Der M600 Tisch kann in zwei H\u00f6hen eingestellt werden: 56 und 73 cm.<\/p>\n","protected":false},"excerpt":{"rendered":"<p>Klappbare Tische Forma Marathon M400 88x60cm H61cm &#8211; Marathon M200 &#8211; M400 &#8211; M400H &#8211; M600 elegante Klapptische. Perfekt bearbeiteter<\/p>\n","protected":false},"featured_media":5941663,"comment_status":"open","ping_status":"closed","template":"","meta":[],"product_brand":[2950],"product_cat":[1355],"product_tag":[],"class_list":{"0":"post-734760","1":"product","2":"type-product","3":"status-publish","4":"has-post-thumbnail","6":"product_brand-forma-de","7":"product_cat-stuehle-und-tische","9":"first","10":"instock","11":"shipping-taxable","12":"purchasable","13":"product-type-simple"},"_links":{"self":[{"href":"https:\/\/stoic-curie.212-227-153-4.plesk.page\/de\/wp-json\/wp\/v2\/product\/734760","targetHints":{"allow":["GET"]}}],"collection":[{"href":"https:\/\/stoic-curie.212-227-153-4.plesk.page\/de\/wp-json\/wp\/v2\/product"}],"about":[{"href":"https:\/\/stoic-curie.212-227-153-4.plesk.page\/de\/wp-json\/wp\/v2\/types\/product"}],"replies":[{"embeddable":true,"href":"https:\/\/stoic-curie.212-227-153-4.plesk.page\/de\/wp-json\/wp\/v2\/comments?post=734760"}],"version-history":[{"count":0,"href":"https:\/\/stoic-curie.212-227-153-4.plesk.page\/de\/wp-json\/wp\/v2\/product\/734760\/revisions"}],"wp:featuredmedia":[{"embeddable":true,"href":"https:\/\/stoic-curie.212-227-153-4.plesk.page\/de\/wp-json\/wp\/v2\/media\/5941663"}],"wp:attachment":[{"href":"https:\/\/stoic-curie.212-227-153-4.plesk.page\/de\/wp-json\/wp\/v2\/media?parent=734760"}],"wp:term":[{"taxonomy":"product_brand","embeddable":true,"href":"https:\/\/stoic-curie.212-227-153-4.plesk.page\/de\/wp-json\/wp\/v2\/product_brand?post=734760"},{"taxonomy":"product_cat","embeddable":true,"href":"https:\/\/stoic-curie.212-227-153-4.plesk.page\/de\/wp-json\/wp\/v2\/product_cat?post=734760"},{"taxonomy":"product_tag","embeddable":true,"href":"https:\/\/stoic-curie.212-227-153-4.plesk.page\/de\/wp-json\/wp\/v2\/product_tag?post=734760"}],"curies":[{"name":"wp","href":"https:\/\/api.w.org\/{rel}","templated":true}]}}