{"id":734762,"date":"2025-03-03T16:25:06","date_gmt":"2025-03-03T15:25:06","guid":{"rendered":"https:\/\/stoic-curie.212-227-153-4.plesk.page\/producto\/klappbare-tische-forma-marathon-m600t-122x66cm-h56-73cm\/"},"modified":"2026-02-24T23:34:56","modified_gmt":"2026-02-24T23:34:56","slug":"klappbare-tische-forma-marathon-m600t-122x66cm-h56-73cm","status":"publish","type":"product","link":"https:\/\/stoic-curie.212-227-153-4.plesk.page\/de\/product\/klappbare-tische-forma-marathon-m600t-122x66cm-h56-73cm\/","title":{"rendered":"Klappbare Tische Forma Marathon M600T 122x66cm H56\/73cm"},"content":{"rendered":"<p>Klappbare Tische Forma Marathon M600T 122x66cm H56\/73cm &#8211; <\/p>\n<p>Marathon M400T und M600T elegante Klapptische. Perfekt verarbeitetes anodisiertes Aluminiumgestell. Hochwertige, feuchtigkeits- und UV-best\u00e4ndige Teak-Tischplatte. Massive Teak-Ecken. Edelstahlbeschl\u00e4ge. Der M600T Tisch kann in zwei H\u00f6hen eingestellt werden: 56 und 73 cm.<\/p>\n","protected":false},"excerpt":{"rendered":"<p>Klappbare Tische Forma Marathon M600T 122x66cm H56\/73cm &#8211; Marathon M400T und M600T elegante Klapptische. Perfekt verarbeitetes anodisiertes Aluminiumgestell. Hochwertige, feuchtigkeits-<\/p>\n","protected":false},"featured_media":5941667,"comment_status":"open","ping_status":"closed","template":"","meta":[],"product_brand":[2950],"product_cat":[1355],"product_tag":[],"class_list":{"0":"post-734762","1":"product","2":"type-product","3":"status-publish","4":"has-post-thumbnail","6":"product_brand-forma-de","7":"product_cat-stuehle-und-tische","9":"first","10":"instock","11":"shipping-taxable","12":"purchasable","13":"product-type-simple"},"_links":{"self":[{"href":"https:\/\/stoic-curie.212-227-153-4.plesk.page\/de\/wp-json\/wp\/v2\/product\/734762","targetHints":{"allow":["GET"]}}],"collection":[{"href":"https:\/\/stoic-curie.212-227-153-4.plesk.page\/de\/wp-json\/wp\/v2\/product"}],"about":[{"href":"https:\/\/stoic-curie.212-227-153-4.plesk.page\/de\/wp-json\/wp\/v2\/types\/product"}],"replies":[{"embeddable":true,"href":"https:\/\/stoic-curie.212-227-153-4.plesk.page\/de\/wp-json\/wp\/v2\/comments?post=734762"}],"version-history":[{"count":0,"href":"https:\/\/stoic-curie.212-227-153-4.plesk.page\/de\/wp-json\/wp\/v2\/product\/734762\/revisions"}],"wp:featuredmedia":[{"embeddable":true,"href":"https:\/\/stoic-curie.212-227-153-4.plesk.page\/de\/wp-json\/wp\/v2\/media\/5941667"}],"wp:attachment":[{"href":"https:\/\/stoic-curie.212-227-153-4.plesk.page\/de\/wp-json\/wp\/v2\/media?parent=734762"}],"wp:term":[{"taxonomy":"product_brand","embeddable":true,"href":"https:\/\/stoic-curie.212-227-153-4.plesk.page\/de\/wp-json\/wp\/v2\/product_brand?post=734762"},{"taxonomy":"product_cat","embeddable":true,"href":"https:\/\/stoic-curie.212-227-153-4.plesk.page\/de\/wp-json\/wp\/v2\/product_cat?post=734762"},{"taxonomy":"product_tag","embeddable":true,"href":"https:\/\/stoic-curie.212-227-153-4.plesk.page\/de\/wp-json\/wp\/v2\/product_tag?post=734762"}],"curies":[{"name":"wp","href":"https:\/\/api.w.org\/{rel}","templated":true}]}}