{"id":734764,"date":"2025-03-03T16:25:07","date_gmt":"2025-03-03T15:25:07","guid":{"rendered":"https:\/\/stoic-curie.212-227-153-4.plesk.page\/producto\/anlegedaempfer-sidermarine-mpp-t-7-mm-bis-zu-3000-kg\/"},"modified":"2026-02-24T23:34:56","modified_gmt":"2026-02-24T23:34:56","slug":"anlegedaempfer-sidermarine-mpp-t-7-mm-bis-zu-3000-kg","status":"publish","type":"product","link":"https:\/\/stoic-curie.212-227-153-4.plesk.page\/de\/product\/anlegedaempfer-sidermarine-mpp-t-7-mm-bis-zu-3000-kg\/","title":{"rendered":"Sidermarine MPP\/T-007 bis zu 1,8 Tonnen"},"content":{"rendered":"<p>Sidermarine MPP\/T-007 bis zu 1,8 Tonnen &#8211; <\/p>\n<p style=\"color: rgb(34, 34, 34); font-family: Arial, Helvetica, sans-serif; font-size: small;\">Die MPP-Feder ist aufgrund der verwendeten Materialien und technischen L\u00f6sungen in ihrem Design und ihrer Herstellung \u00e4u\u00dferst effizient.<\/p>\n<p style=\"color: rgb(34, 34, 34); font-family: Arial, Helvetica, sans-serif; font-size: small;\">Bitte beachten Sie die beigef\u00fcgten technischen Spezifikationen, die die \u00fcberlegenen D\u00e4mpfungseigenschaften im Vergleich zu anderen Produkten auf dem Markt hervorheben.<\/p>\n<p style=\"color: rgb(34, 34, 34); font-family: Arial, Helvetica, sans-serif; font-size: small;\">Die Mooringfedern sind speziell daf\u00fcr konzipiert, die Spannung in Mooringleinen zu reduzieren.<\/p>\n<p style=\"color: rgb(34, 34, 34); font-family: Arial, Helvetica, sans-serif; font-size: small;\">Unsere patentierten Mooringfedern bestehen aus einer einzigartigen Edelstahllegierung, die eine entscheidende Rolle in der Kompressionsphase spielt und 60-70 % ihrer Funktion ausmacht. Dies wird durch die Mollaflex-Elastomer-Komponente erg\u00e4nzt, die zus\u00e4tzliche Unterst\u00fctzung unter h\u00f6heren Belastungsbedingungen bietet. Diese Kombination ist das einzige effektive System zur Minimierung der Bootsschwingungen im Liegeplatz, was durch die ordnungsgem\u00e4\u00dfe D\u00e4mpfung der Spannung in den Mooringleinen Sicherheit gew\u00e4hrleistet. So werden die auf die Heckbollards wirkenden Kr\u00e4fte erheblich reduziert, was die Stabilit\u00e4t und den Komfort f\u00fcr den Benutzer erh\u00f6ht.<\/p>\n<p style=\"color: rgb(34, 34, 34); font-family: Arial, Helvetica, sans-serif; font-size: small;\">Es ist wichtig zu beachten, dass das Elastomer allein keine effektive D\u00e4mpfung bieten kann. Als sehr starres Material komprimiert es nur unter starken Belastungen und hohen Lasten. Die Hochleistungs-Mooringfeder aus geschaltetem Edelstahl von Sidermarine bietet dank der Federkompression aus einer speziellen Edelstahllegierung und den Mollaflex-Elastomeren, die unter gr\u00f6\u00dferem Stress aktiviert werden, eine ausgezeichnete Sto\u00dfabsorption.<\/p>\n","protected":false},"excerpt":{"rendered":"<p>Sidermarine MPP\/T-007 bis zu 1,8 Tonnen &#8211; Die MPP-Feder ist aufgrund der verwendeten Materialien und technischen L\u00f6sungen in ihrem Design<\/p>\n","protected":false},"featured_media":5941693,"comment_status":"open","ping_status":"closed","template":"","meta":[],"product_brand":[3385],"product_cat":[1337],"product_tag":[],"class_list":{"0":"post-734764","1":"product","2":"type-product","3":"status-publish","4":"has-post-thumbnail","6":"product_brand-sidermarine-de","7":"product_cat-anlegefendern-stossdaempfer","9":"first","10":"instock","11":"shipping-taxable","12":"purchasable","13":"product-type-simple"},"_links":{"self":[{"href":"https:\/\/stoic-curie.212-227-153-4.plesk.page\/de\/wp-json\/wp\/v2\/product\/734764","targetHints":{"allow":["GET"]}}],"collection":[{"href":"https:\/\/stoic-curie.212-227-153-4.plesk.page\/de\/wp-json\/wp\/v2\/product"}],"about":[{"href":"https:\/\/stoic-curie.212-227-153-4.plesk.page\/de\/wp-json\/wp\/v2\/types\/product"}],"replies":[{"embeddable":true,"href":"https:\/\/stoic-curie.212-227-153-4.plesk.page\/de\/wp-json\/wp\/v2\/comments?post=734764"}],"version-history":[{"count":0,"href":"https:\/\/stoic-curie.212-227-153-4.plesk.page\/de\/wp-json\/wp\/v2\/product\/734764\/revisions"}],"wp:featuredmedia":[{"embeddable":true,"href":"https:\/\/stoic-curie.212-227-153-4.plesk.page\/de\/wp-json\/wp\/v2\/media\/5941693"}],"wp:attachment":[{"href":"https:\/\/stoic-curie.212-227-153-4.plesk.page\/de\/wp-json\/wp\/v2\/media?parent=734764"}],"wp:term":[{"taxonomy":"product_brand","embeddable":true,"href":"https:\/\/stoic-curie.212-227-153-4.plesk.page\/de\/wp-json\/wp\/v2\/product_brand?post=734764"},{"taxonomy":"product_cat","embeddable":true,"href":"https:\/\/stoic-curie.212-227-153-4.plesk.page\/de\/wp-json\/wp\/v2\/product_cat?post=734764"},{"taxonomy":"product_tag","embeddable":true,"href":"https:\/\/stoic-curie.212-227-153-4.plesk.page\/de\/wp-json\/wp\/v2\/product_tag?post=734764"}],"curies":[{"name":"wp","href":"https:\/\/api.w.org\/{rel}","templated":true}]}}