{"id":734774,"date":"2025-03-03T16:25:09","date_gmt":"2025-03-03T15:25:09","guid":{"rendered":"https:\/\/stoic-curie.212-227-153-4.plesk.page\/producto\/vetus-dorade-box-75mm-x-h111mm\/"},"modified":"2026-02-24T23:34:56","modified_gmt":"2026-02-24T23:34:56","slug":"vetus-dorade-box-75mm-x-h111mm","status":"publish","type":"product","link":"https:\/\/stoic-curie.212-227-153-4.plesk.page\/de\/product\/vetus-dorade-box-75mm-x-h111mm\/","title":{"rendered":"Vetus Dorade-Box 75mm x H111mm"},"content":{"rendered":"<p>Vetus Dorade-Box 75mm x H111mm &#8211; <\/p>\n<p>Flachprofilierte Silikon-Gummil\u00fcfter mit Flansch und Ring aus verst\u00e4rktem Kunststoff. Sie k\u00f6nnen sich drehen und sind abnehmbar. Best\u00e4ndig gegen maritime Umgebungen, UV-Strahlen, Schmutz und Verf\u00e4rbung. Die optionale Dorade-Box ist mit einem Schlie\u00dfgriff und einem Insektenschutzgitter ausgestattet, um Wasser, das in den L\u00fcfter eindringt, abzuf\u00fchren.<\/p>\n","protected":false},"excerpt":{"rendered":"<p>Vetus Dorade-Box 75mm x H111mm &#8211; Flachprofilierte Silikon-Gummil\u00fcfter mit Flansch und Ring aus verst\u00e4rktem Kunststoff. Sie k\u00f6nnen sich drehen und<\/p>\n","protected":false},"featured_media":5941724,"comment_status":"open","ping_status":"closed","template":"","meta":[],"product_brand":[3520],"product_cat":[1412],"product_tag":[],"class_list":{"0":"post-734774","1":"product","2":"type-product","3":"status-publish","4":"has-post-thumbnail","6":"product_brand-vetus-de","7":"product_cat-bootdeckbelueftungen","9":"first","10":"instock","11":"shipping-taxable","12":"purchasable","13":"product-type-simple"},"_links":{"self":[{"href":"https:\/\/stoic-curie.212-227-153-4.plesk.page\/de\/wp-json\/wp\/v2\/product\/734774","targetHints":{"allow":["GET"]}}],"collection":[{"href":"https:\/\/stoic-curie.212-227-153-4.plesk.page\/de\/wp-json\/wp\/v2\/product"}],"about":[{"href":"https:\/\/stoic-curie.212-227-153-4.plesk.page\/de\/wp-json\/wp\/v2\/types\/product"}],"replies":[{"embeddable":true,"href":"https:\/\/stoic-curie.212-227-153-4.plesk.page\/de\/wp-json\/wp\/v2\/comments?post=734774"}],"version-history":[{"count":0,"href":"https:\/\/stoic-curie.212-227-153-4.plesk.page\/de\/wp-json\/wp\/v2\/product\/734774\/revisions"}],"wp:featuredmedia":[{"embeddable":true,"href":"https:\/\/stoic-curie.212-227-153-4.plesk.page\/de\/wp-json\/wp\/v2\/media\/5941724"}],"wp:attachment":[{"href":"https:\/\/stoic-curie.212-227-153-4.plesk.page\/de\/wp-json\/wp\/v2\/media?parent=734774"}],"wp:term":[{"taxonomy":"product_brand","embeddable":true,"href":"https:\/\/stoic-curie.212-227-153-4.plesk.page\/de\/wp-json\/wp\/v2\/product_brand?post=734774"},{"taxonomy":"product_cat","embeddable":true,"href":"https:\/\/stoic-curie.212-227-153-4.plesk.page\/de\/wp-json\/wp\/v2\/product_cat?post=734774"},{"taxonomy":"product_tag","embeddable":true,"href":"https:\/\/stoic-curie.212-227-153-4.plesk.page\/de\/wp-json\/wp\/v2\/product_tag?post=734774"}],"curies":[{"name":"wp","href":"https:\/\/api.w.org\/{rel}","templated":true}]}}