{"id":734776,"date":"2025-03-03T16:25:10","date_gmt":"2025-03-03T15:25:10","guid":{"rendered":"https:\/\/stoic-curie.212-227-153-4.plesk.page\/producto\/vetus-dorade-box-100mm-x-h250mm\/"},"modified":"2026-02-24T23:34:56","modified_gmt":"2026-02-24T23:34:56","slug":"vetus-dorade-box-100mm-x-h250mm","status":"publish","type":"product","link":"https:\/\/stoic-curie.212-227-153-4.plesk.page\/de\/product\/vetus-dorade-box-100mm-x-h250mm\/","title":{"rendered":"Vetus Dorade-Box 100mm x H250mm"},"content":{"rendered":"<p>Vetus Dorade-Box 100mm x H250mm &#8211; <\/p>\n<p>Hochprofilierte Silikon-Gummi-Luftventilatoren mit Flansch und Ring aus verst\u00e4rktem Kunststoff. Sie sind drehbar und abnehmbar. Sie sind best\u00e4ndig gegen\u00fcber marine Umgebungen, UV-Strahlen, Schmutz und Verf\u00e4rbungen. Die optionale Dorade-Box, ausgestattet mit einem Schlie\u00dfgriff und einem Insektenschutzgitter, leitet jegliches Wasser ab, das in den Ventilator eindringt.<\/p>\n","protected":false},"excerpt":{"rendered":"<p>Vetus Dorade-Box 100mm x H250mm &#8211; Hochprofilierte Silikon-Gummi-Luftventilatoren mit Flansch und Ring aus verst\u00e4rktem Kunststoff. Sie sind drehbar und abnehmbar.<\/p>\n","protected":false},"featured_media":5941731,"comment_status":"open","ping_status":"closed","template":"","meta":[],"product_brand":[3520],"product_cat":[1412],"product_tag":[],"class_list":{"0":"post-734776","1":"product","2":"type-product","3":"status-publish","4":"has-post-thumbnail","6":"product_brand-vetus-de","7":"product_cat-bootdeckbelueftungen","9":"first","10":"instock","11":"shipping-taxable","12":"purchasable","13":"product-type-simple"},"_links":{"self":[{"href":"https:\/\/stoic-curie.212-227-153-4.plesk.page\/de\/wp-json\/wp\/v2\/product\/734776","targetHints":{"allow":["GET"]}}],"collection":[{"href":"https:\/\/stoic-curie.212-227-153-4.plesk.page\/de\/wp-json\/wp\/v2\/product"}],"about":[{"href":"https:\/\/stoic-curie.212-227-153-4.plesk.page\/de\/wp-json\/wp\/v2\/types\/product"}],"replies":[{"embeddable":true,"href":"https:\/\/stoic-curie.212-227-153-4.plesk.page\/de\/wp-json\/wp\/v2\/comments?post=734776"}],"version-history":[{"count":0,"href":"https:\/\/stoic-curie.212-227-153-4.plesk.page\/de\/wp-json\/wp\/v2\/product\/734776\/revisions"}],"wp:featuredmedia":[{"embeddable":true,"href":"https:\/\/stoic-curie.212-227-153-4.plesk.page\/de\/wp-json\/wp\/v2\/media\/5941731"}],"wp:attachment":[{"href":"https:\/\/stoic-curie.212-227-153-4.plesk.page\/de\/wp-json\/wp\/v2\/media?parent=734776"}],"wp:term":[{"taxonomy":"product_brand","embeddable":true,"href":"https:\/\/stoic-curie.212-227-153-4.plesk.page\/de\/wp-json\/wp\/v2\/product_brand?post=734776"},{"taxonomy":"product_cat","embeddable":true,"href":"https:\/\/stoic-curie.212-227-153-4.plesk.page\/de\/wp-json\/wp\/v2\/product_cat?post=734776"},{"taxonomy":"product_tag","embeddable":true,"href":"https:\/\/stoic-curie.212-227-153-4.plesk.page\/de\/wp-json\/wp\/v2\/product_tag?post=734776"}],"curies":[{"name":"wp","href":"https:\/\/api.w.org\/{rel}","templated":true}]}}