{"id":734780,"date":"2025-03-03T16:25:11","date_gmt":"2025-03-03T15:25:11","guid":{"rendered":"https:\/\/stoic-curie.212-227-153-4.plesk.page\/producto\/125-mm-vetus-dorade-box-unterstuetzung\/"},"modified":"2026-02-24T23:34:56","modified_gmt":"2026-02-24T23:34:56","slug":"125-mm-vetus-dorade-box-unterstuetzung","status":"publish","type":"product","link":"https:\/\/stoic-curie.212-227-153-4.plesk.page\/de\/product\/125-mm-vetus-dorade-box-unterstuetzung\/","title":{"rendered":"125 mm Vetus Dorade Box-Unterst\u00fctzung"},"content":{"rendered":"<p>125 mm Vetus Dorade Box-Unterst\u00fctzung &#8211; <\/p>\n<p>Hochprofilierte Silikon-Gummil\u00fcfter mit Flansch und Ring aus verst\u00e4rktem Kunststoff. Sie k\u00f6nnen sich drehen und sind abnehmbar. Best\u00e4ndig gegen marine Umgebungen, UV-Strahlen, Schmutz und Verf\u00e4rbungen. Die optionale Dorade Box, ausgestattet mit einem Schlie\u00dfgriff und einem Insektenschutzgitter, leitet Wasser, das in den L\u00fcfter eindringt, ab.<\/p>\n","protected":false},"excerpt":{"rendered":"<p>125 mm Vetus Dorade Box-Unterst\u00fctzung &#8211; Hochprofilierte Silikon-Gummil\u00fcfter mit Flansch und Ring aus verst\u00e4rktem Kunststoff. Sie k\u00f6nnen sich drehen und<\/p>\n","protected":false},"featured_media":5941725,"comment_status":"open","ping_status":"closed","template":"","meta":[],"product_brand":[3520],"product_cat":[1412],"product_tag":[],"class_list":{"0":"post-734780","1":"product","2":"type-product","3":"status-publish","4":"has-post-thumbnail","6":"product_brand-vetus-de","7":"product_cat-bootdeckbelueftungen","9":"first","10":"outofstock","11":"shipping-taxable","12":"purchasable","13":"product-type-simple"},"_links":{"self":[{"href":"https:\/\/stoic-curie.212-227-153-4.plesk.page\/de\/wp-json\/wp\/v2\/product\/734780","targetHints":{"allow":["GET"]}}],"collection":[{"href":"https:\/\/stoic-curie.212-227-153-4.plesk.page\/de\/wp-json\/wp\/v2\/product"}],"about":[{"href":"https:\/\/stoic-curie.212-227-153-4.plesk.page\/de\/wp-json\/wp\/v2\/types\/product"}],"replies":[{"embeddable":true,"href":"https:\/\/stoic-curie.212-227-153-4.plesk.page\/de\/wp-json\/wp\/v2\/comments?post=734780"}],"version-history":[{"count":0,"href":"https:\/\/stoic-curie.212-227-153-4.plesk.page\/de\/wp-json\/wp\/v2\/product\/734780\/revisions"}],"wp:featuredmedia":[{"embeddable":true,"href":"https:\/\/stoic-curie.212-227-153-4.plesk.page\/de\/wp-json\/wp\/v2\/media\/5941725"}],"wp:attachment":[{"href":"https:\/\/stoic-curie.212-227-153-4.plesk.page\/de\/wp-json\/wp\/v2\/media?parent=734780"}],"wp:term":[{"taxonomy":"product_brand","embeddable":true,"href":"https:\/\/stoic-curie.212-227-153-4.plesk.page\/de\/wp-json\/wp\/v2\/product_brand?post=734780"},{"taxonomy":"product_cat","embeddable":true,"href":"https:\/\/stoic-curie.212-227-153-4.plesk.page\/de\/wp-json\/wp\/v2\/product_cat?post=734780"},{"taxonomy":"product_tag","embeddable":true,"href":"https:\/\/stoic-curie.212-227-153-4.plesk.page\/de\/wp-json\/wp\/v2\/product_tag?post=734780"}],"curies":[{"name":"wp","href":"https:\/\/api.w.org\/{rel}","templated":true}]}}