{"id":734802,"date":"2025-03-03T16:25:16","date_gmt":"2025-03-03T15:25:16","guid":{"rendered":"https:\/\/stoic-curie.212-227-153-4.plesk.page\/producto\/star-brite-streme-reiniger-38-l\/"},"modified":"2026-02-24T23:34:56","modified_gmt":"2026-02-24T23:34:56","slug":"star-brite-streme-reiniger-38-l","status":"publish","type":"product","link":"https:\/\/stoic-curie.212-227-153-4.plesk.page\/de\/product\/star-brite-streme-reiniger-38-l\/","title":{"rendered":"Star Brite Streme Reiniger 3,8 l"},"content":{"rendered":"<p>Star Brite Streme Reiniger 3,8 l &#8211; <\/p>\n<p>\u2022 Starker Universalreiniger f\u00fcr alle Oberfl\u00e4chen, ideal sogar f\u00fcr por\u00f6se Materialien<br \/>\u2022 Entfernt Schmutz und fettige Flecken dank Wirkstoffen, die chemische Bindungen aufbrechen, ganz ohne Schrubben<br \/>\u2022 Phosphatfrei, schadet nicht dem Meerleben<br \/>\u2022 Auch geeignet f\u00fcr Fiberglas, Vinyl, Kunststoff und Metall<\/p>\n","protected":false},"excerpt":{"rendered":"<p>Star Brite Streme Reiniger 3,8 l &#8211; \u2022 Starker Universalreiniger f\u00fcr alle Oberfl\u00e4chen, ideal sogar f\u00fcr por\u00f6se Materialien\u2022 Entfernt Schmutz<\/p>\n","protected":false},"featured_media":5941764,"comment_status":"open","ping_status":"closed","template":"","meta":[],"product_brand":[3435],"product_cat":[1341],"product_tag":[],"class_list":{"0":"post-734802","1":"product","2":"type-product","3":"status-publish","4":"has-post-thumbnail","6":"product_brand-starbrite-de","7":"product_cat-produkte-zur-reinigung","9":"first","10":"instock","11":"shipping-taxable","12":"purchasable","13":"product-type-simple"},"_links":{"self":[{"href":"https:\/\/stoic-curie.212-227-153-4.plesk.page\/de\/wp-json\/wp\/v2\/product\/734802","targetHints":{"allow":["GET"]}}],"collection":[{"href":"https:\/\/stoic-curie.212-227-153-4.plesk.page\/de\/wp-json\/wp\/v2\/product"}],"about":[{"href":"https:\/\/stoic-curie.212-227-153-4.plesk.page\/de\/wp-json\/wp\/v2\/types\/product"}],"replies":[{"embeddable":true,"href":"https:\/\/stoic-curie.212-227-153-4.plesk.page\/de\/wp-json\/wp\/v2\/comments?post=734802"}],"version-history":[{"count":0,"href":"https:\/\/stoic-curie.212-227-153-4.plesk.page\/de\/wp-json\/wp\/v2\/product\/734802\/revisions"}],"wp:featuredmedia":[{"embeddable":true,"href":"https:\/\/stoic-curie.212-227-153-4.plesk.page\/de\/wp-json\/wp\/v2\/media\/5941764"}],"wp:attachment":[{"href":"https:\/\/stoic-curie.212-227-153-4.plesk.page\/de\/wp-json\/wp\/v2\/media?parent=734802"}],"wp:term":[{"taxonomy":"product_brand","embeddable":true,"href":"https:\/\/stoic-curie.212-227-153-4.plesk.page\/de\/wp-json\/wp\/v2\/product_brand?post=734802"},{"taxonomy":"product_cat","embeddable":true,"href":"https:\/\/stoic-curie.212-227-153-4.plesk.page\/de\/wp-json\/wp\/v2\/product_cat?post=734802"},{"taxonomy":"product_tag","embeddable":true,"href":"https:\/\/stoic-curie.212-227-153-4.plesk.page\/de\/wp-json\/wp\/v2\/product_tag?post=734802"}],"curies":[{"name":"wp","href":"https:\/\/api.w.org\/{rel}","templated":true}]}}