{"id":734809,"date":"2025-03-03T16:25:17","date_gmt":"2025-03-03T15:25:17","guid":{"rendered":"https:\/\/stoic-curie.212-227-153-4.plesk.page\/producto\/weisse-kunststoff-luke-can-marine-606-x-357mm\/"},"modified":"2026-02-24T23:34:56","modified_gmt":"2026-02-24T23:34:56","slug":"weisse-kunststoff-luke-can-marine-606-x-357mm","status":"publish","type":"product","link":"https:\/\/stoic-curie.212-227-153-4.plesk.page\/de\/product\/weisse-kunststoff-luke-can-marine-606-x-357mm\/","title":{"rendered":"Wei\u00dfe Kunststoff Luke Can Marine 606 x 357mm"},"content":{"rendered":"<p>Wei\u00dfe Kunststoff Luke Can Marine 606 x 357mm &#8211; <\/p>\n<p>UV-best\u00e4ndiger ABS ASA 180\u00b0 \u00f6ffnbarer, begehbarer, wasserdichter Zugangsluke. Luke mit doppelt \u00f6ffnendem System: klassisch und ausziehbar. Das ausziehbare System erm\u00f6glicht das \u00d6ffnen der Luke in engen R\u00e4umen. Montage auf dem Deck oder an der Wand.<\/p>\n","protected":false},"excerpt":{"rendered":"<p>Wei\u00dfe Kunststoff Luke Can Marine 606 x 357mm &#8211; UV-best\u00e4ndiger ABS ASA 180\u00b0 \u00f6ffnbarer, begehbarer, wasserdichter Zugangsluke. Luke mit doppelt<\/p>\n","protected":false},"featured_media":5941784,"comment_status":"open","ping_status":"closed","template":"","meta":[],"product_brand":[2855],"product_cat":[1408],"product_tag":[],"class_list":{"0":"post-734809","1":"product","2":"type-product","3":"status-publish","4":"has-post-thumbnail","6":"product_brand-can-marine-de","7":"product_cat-kunststoffluken","9":"first","10":"instock","11":"shipping-taxable","12":"purchasable","13":"product-type-simple"},"_links":{"self":[{"href":"https:\/\/stoic-curie.212-227-153-4.plesk.page\/de\/wp-json\/wp\/v2\/product\/734809","targetHints":{"allow":["GET"]}}],"collection":[{"href":"https:\/\/stoic-curie.212-227-153-4.plesk.page\/de\/wp-json\/wp\/v2\/product"}],"about":[{"href":"https:\/\/stoic-curie.212-227-153-4.plesk.page\/de\/wp-json\/wp\/v2\/types\/product"}],"replies":[{"embeddable":true,"href":"https:\/\/stoic-curie.212-227-153-4.plesk.page\/de\/wp-json\/wp\/v2\/comments?post=734809"}],"version-history":[{"count":0,"href":"https:\/\/stoic-curie.212-227-153-4.plesk.page\/de\/wp-json\/wp\/v2\/product\/734809\/revisions"}],"wp:featuredmedia":[{"embeddable":true,"href":"https:\/\/stoic-curie.212-227-153-4.plesk.page\/de\/wp-json\/wp\/v2\/media\/5941784"}],"wp:attachment":[{"href":"https:\/\/stoic-curie.212-227-153-4.plesk.page\/de\/wp-json\/wp\/v2\/media?parent=734809"}],"wp:term":[{"taxonomy":"product_brand","embeddable":true,"href":"https:\/\/stoic-curie.212-227-153-4.plesk.page\/de\/wp-json\/wp\/v2\/product_brand?post=734809"},{"taxonomy":"product_cat","embeddable":true,"href":"https:\/\/stoic-curie.212-227-153-4.plesk.page\/de\/wp-json\/wp\/v2\/product_cat?post=734809"},{"taxonomy":"product_tag","embeddable":true,"href":"https:\/\/stoic-curie.212-227-153-4.plesk.page\/de\/wp-json\/wp\/v2\/product_tag?post=734809"}],"curies":[{"name":"wp","href":"https:\/\/api.w.org\/{rel}","templated":true}]}}