{"id":734810,"date":"2025-03-03T16:25:17","date_gmt":"2025-03-03T15:25:17","guid":{"rendered":"https:\/\/stoic-curie.212-227-153-4.plesk.page\/producto\/luke-mit-aufbewahrungsbox-373-x-270-mm-box-160mm\/"},"modified":"2026-02-24T23:34:56","modified_gmt":"2026-02-24T23:34:56","slug":"luke-mit-aufbewahrungsbox-373-x-270-mm-box-160mm","status":"publish","type":"product","link":"https:\/\/stoic-curie.212-227-153-4.plesk.page\/de\/product\/luke-mit-aufbewahrungsbox-373-x-270-mm-box-160mm\/","title":{"rendered":"Luke mit Aufbewahrungsbox 373 x 270 mm (Box 160mm)"},"content":{"rendered":"<p>Luke mit Aufbewahrungsbox 373 x 270 mm (Box 160mm) &#8211; <\/p>\n<p>UV-best\u00e4ndiges ABS ASA 180\u00b0 \u00f6ffnendes, begehbares, wasserdichtes Zugangsfenster mit Box. Klappe mit doppeltem \u00d6ffnungssystem: klassisch und herausziehbar. Das herausziehbare System erm\u00f6glicht das \u00d6ffnen der Klappe in engen R\u00e4umen.<\/p>\n","protected":false},"excerpt":{"rendered":"<p>Luke mit Aufbewahrungsbox 373 x 270 mm (Box 160mm) &#8211; UV-best\u00e4ndiges ABS ASA 180\u00b0 \u00f6ffnendes, begehbares, wasserdichtes Zugangsfenster mit Box.<\/p>\n","protected":false},"featured_media":5941787,"comment_status":"open","ping_status":"closed","template":"","meta":[],"product_brand":[2855],"product_cat":[1357,1408],"product_tag":[],"class_list":{"0":"post-734810","1":"product","2":"type-product","3":"status-publish","4":"has-post-thumbnail","6":"product_brand-can-marine-de","7":"product_cat-aufbewahrungszubehoer","8":"product_cat-kunststoffluken","10":"first","11":"instock","12":"shipping-taxable","13":"purchasable","14":"product-type-simple"},"_links":{"self":[{"href":"https:\/\/stoic-curie.212-227-153-4.plesk.page\/de\/wp-json\/wp\/v2\/product\/734810","targetHints":{"allow":["GET"]}}],"collection":[{"href":"https:\/\/stoic-curie.212-227-153-4.plesk.page\/de\/wp-json\/wp\/v2\/product"}],"about":[{"href":"https:\/\/stoic-curie.212-227-153-4.plesk.page\/de\/wp-json\/wp\/v2\/types\/product"}],"replies":[{"embeddable":true,"href":"https:\/\/stoic-curie.212-227-153-4.plesk.page\/de\/wp-json\/wp\/v2\/comments?post=734810"}],"version-history":[{"count":0,"href":"https:\/\/stoic-curie.212-227-153-4.plesk.page\/de\/wp-json\/wp\/v2\/product\/734810\/revisions"}],"wp:featuredmedia":[{"embeddable":true,"href":"https:\/\/stoic-curie.212-227-153-4.plesk.page\/de\/wp-json\/wp\/v2\/media\/5941787"}],"wp:attachment":[{"href":"https:\/\/stoic-curie.212-227-153-4.plesk.page\/de\/wp-json\/wp\/v2\/media?parent=734810"}],"wp:term":[{"taxonomy":"product_brand","embeddable":true,"href":"https:\/\/stoic-curie.212-227-153-4.plesk.page\/de\/wp-json\/wp\/v2\/product_brand?post=734810"},{"taxonomy":"product_cat","embeddable":true,"href":"https:\/\/stoic-curie.212-227-153-4.plesk.page\/de\/wp-json\/wp\/v2\/product_cat?post=734810"},{"taxonomy":"product_tag","embeddable":true,"href":"https:\/\/stoic-curie.212-227-153-4.plesk.page\/de\/wp-json\/wp\/v2\/product_tag?post=734810"}],"curies":[{"name":"wp","href":"https:\/\/api.w.org\/{rel}","templated":true}]}}