{"id":734818,"date":"2025-03-03T16:25:19","date_gmt":"2025-03-03T15:25:19","guid":{"rendered":"https:\/\/stoic-curie.212-227-153-4.plesk.page\/producto\/automatische-bilgepumpe-bw-2000-gph-24v\/"},"modified":"2026-02-24T23:34:56","modified_gmt":"2026-02-24T23:34:56","slug":"automatische-bilgepumpe-bw-2000-gph-24v","status":"publish","type":"product","link":"https:\/\/stoic-curie.212-227-153-4.plesk.page\/de\/product\/automatische-bilgepumpe-bw-2000-gph-24v\/","title":{"rendered":"Automatische Bilgepumpe BW 2000 GPH 24V"},"content":{"rendered":"<p>Automatische Bilgepumpe BW 2000 GPH 24V &#8211; <\/p>\n<p>BW automatische Bilgepumpe, aktiviert sich automatisch, wenn Wasser im Bilgenbereich erkannt wird. Wassergek\u00fchlter Elektromotor f\u00fcr erh\u00f6hte Langlebigkeit. Der Filterboden kann zum einfachen Reinigen ge\u00f6ffnet werden.<\/p>\n","protected":false},"excerpt":{"rendered":"<p>Automatische Bilgepumpe BW 2000 GPH 24V &#8211; BW automatische Bilgepumpe, aktiviert sich automatisch, wenn Wasser im Bilgenbereich erkannt wird. Wassergek\u00fchlter<\/p>\n","protected":false},"featured_media":5941221,"comment_status":"open","ping_status":"closed","template":"","meta":[],"product_brand":[3045],"product_cat":[1372],"product_tag":[],"class_list":{"0":"post-734818","1":"product","2":"type-product","3":"status-publish","4":"has-post-thumbnail","6":"product_brand-johnson-marine-de","7":"product_cat-elektrische-bilgepumpen","9":"first","10":"instock","11":"shipping-taxable","12":"purchasable","13":"product-type-simple"},"_links":{"self":[{"href":"https:\/\/stoic-curie.212-227-153-4.plesk.page\/de\/wp-json\/wp\/v2\/product\/734818","targetHints":{"allow":["GET"]}}],"collection":[{"href":"https:\/\/stoic-curie.212-227-153-4.plesk.page\/de\/wp-json\/wp\/v2\/product"}],"about":[{"href":"https:\/\/stoic-curie.212-227-153-4.plesk.page\/de\/wp-json\/wp\/v2\/types\/product"}],"replies":[{"embeddable":true,"href":"https:\/\/stoic-curie.212-227-153-4.plesk.page\/de\/wp-json\/wp\/v2\/comments?post=734818"}],"version-history":[{"count":0,"href":"https:\/\/stoic-curie.212-227-153-4.plesk.page\/de\/wp-json\/wp\/v2\/product\/734818\/revisions"}],"wp:featuredmedia":[{"embeddable":true,"href":"https:\/\/stoic-curie.212-227-153-4.plesk.page\/de\/wp-json\/wp\/v2\/media\/5941221"}],"wp:attachment":[{"href":"https:\/\/stoic-curie.212-227-153-4.plesk.page\/de\/wp-json\/wp\/v2\/media?parent=734818"}],"wp:term":[{"taxonomy":"product_brand","embeddable":true,"href":"https:\/\/stoic-curie.212-227-153-4.plesk.page\/de\/wp-json\/wp\/v2\/product_brand?post=734818"},{"taxonomy":"product_cat","embeddable":true,"href":"https:\/\/stoic-curie.212-227-153-4.plesk.page\/de\/wp-json\/wp\/v2\/product_cat?post=734818"},{"taxonomy":"product_tag","embeddable":true,"href":"https:\/\/stoic-curie.212-227-153-4.plesk.page\/de\/wp-json\/wp\/v2\/product_tag?post=734818"}],"curies":[{"name":"wp","href":"https:\/\/api.w.org\/{rel}","templated":true}]}}