{"id":734823,"date":"2025-03-03T16:25:20","date_gmt":"2025-03-03T15:25:20","guid":{"rendered":"https:\/\/stoic-curie.212-227-153-4.plesk.page\/producto\/belueftungspumpe-attwood-tsunami-t800-12v\/"},"modified":"2026-02-24T23:34:56","modified_gmt":"2026-02-24T23:34:56","slug":"belueftungspumpe-attwood-tsunami-t800-12v","status":"publish","type":"product","link":"https:\/\/stoic-curie.212-227-153-4.plesk.page\/de\/product\/belueftungspumpe-attwood-tsunami-t800-12v\/","title":{"rendered":"Bel\u00fcftungspumpe Attwood Tsunami T800 12V"},"content":{"rendered":"<p>Bel\u00fcftungspumpe Attwood Tsunami T800 12V &#8211; <\/p>\n<p>Attwood Tsunami Bel\u00fcftungspumpen f\u00fcr lebende K\u00f6der mit 3 JAHREN GARANTIE. Einfache \u00d6ffnung zur Reinigung.<\/p>\n","protected":false},"excerpt":{"rendered":"<p>Bel\u00fcftungspumpe Attwood Tsunami T800 12V &#8211; Attwood Tsunami Bel\u00fcftungspumpen f\u00fcr lebende K\u00f6der mit 3 JAHREN GARANTIE. Einfache \u00d6ffnung zur Reinigung.<\/p>\n","protected":false},"featured_media":5941828,"comment_status":"open","ping_status":"closed","template":"","meta":[],"product_brand":[2805],"product_cat":[1556,1366],"product_tag":[],"class_list":{"0":"post-734823","1":"product","2":"type-product","3":"status-publish","4":"has-post-thumbnail","6":"product_brand-attwood-de","7":"product_cat-angelzubehoer","8":"product_cat-bootsbeluefterpumpen","10":"first","11":"instock","12":"shipping-taxable","13":"purchasable","14":"product-type-simple"},"_links":{"self":[{"href":"https:\/\/stoic-curie.212-227-153-4.plesk.page\/de\/wp-json\/wp\/v2\/product\/734823","targetHints":{"allow":["GET"]}}],"collection":[{"href":"https:\/\/stoic-curie.212-227-153-4.plesk.page\/de\/wp-json\/wp\/v2\/product"}],"about":[{"href":"https:\/\/stoic-curie.212-227-153-4.plesk.page\/de\/wp-json\/wp\/v2\/types\/product"}],"replies":[{"embeddable":true,"href":"https:\/\/stoic-curie.212-227-153-4.plesk.page\/de\/wp-json\/wp\/v2\/comments?post=734823"}],"version-history":[{"count":0,"href":"https:\/\/stoic-curie.212-227-153-4.plesk.page\/de\/wp-json\/wp\/v2\/product\/734823\/revisions"}],"wp:featuredmedia":[{"embeddable":true,"href":"https:\/\/stoic-curie.212-227-153-4.plesk.page\/de\/wp-json\/wp\/v2\/media\/5941828"}],"wp:attachment":[{"href":"https:\/\/stoic-curie.212-227-153-4.plesk.page\/de\/wp-json\/wp\/v2\/media?parent=734823"}],"wp:term":[{"taxonomy":"product_brand","embeddable":true,"href":"https:\/\/stoic-curie.212-227-153-4.plesk.page\/de\/wp-json\/wp\/v2\/product_brand?post=734823"},{"taxonomy":"product_cat","embeddable":true,"href":"https:\/\/stoic-curie.212-227-153-4.plesk.page\/de\/wp-json\/wp\/v2\/product_cat?post=734823"},{"taxonomy":"product_tag","embeddable":true,"href":"https:\/\/stoic-curie.212-227-153-4.plesk.page\/de\/wp-json\/wp\/v2\/product_tag?post=734823"}],"curies":[{"name":"wp","href":"https:\/\/api.w.org\/{rel}","templated":true}]}}