{"id":734826,"date":"2025-03-03T16:25:20","date_gmt":"2025-03-03T15:25:20","guid":{"rendered":"https:\/\/stoic-curie.212-227-153-4.plesk.page\/producto\/inline-elektrogeblaese-hd-dauerbetrieb-12v-1000-m3-h\/"},"modified":"2026-02-24T23:34:56","modified_gmt":"2026-02-24T23:34:56","slug":"inline-elektrogeblaese-hd-dauerbetrieb-12v-1000-m3-h","status":"publish","type":"product","link":"https:\/\/stoic-curie.212-227-153-4.plesk.page\/de\/product\/inline-elektrogeblaese-hd-dauerbetrieb-12v-1000-m3-h\/","title":{"rendered":"Inline-Elektrogebl\u00e4se HD Dauerbetrieb 12V-1000 m3\/h"},"content":{"rendered":"<p>Inline-Elektrogebl\u00e4se HD Dauerbetrieb 12V-1000 m3\/h &#8211; <\/p>\n<p>Gro\u00dfvolumige Inline-Elektrol\u00fcfter mit hoch effizientem, ger\u00e4uschlosem L\u00fcfter, der mit Luftfahrttechnik gem\u00e4\u00df ISO8846 EN55014 entworfen wurde.<\/p>\n","protected":false},"excerpt":{"rendered":"<p>Inline-Elektrogebl\u00e4se HD Dauerbetrieb 12V-1000 m3\/h &#8211; Gro\u00dfvolumige Inline-Elektrol\u00fcfter mit hoch effizientem, ger\u00e4uschlosem L\u00fcfter, der mit Luftfahrttechnik gem\u00e4\u00df ISO8846 EN55014 entworfen<\/p>\n","protected":false},"featured_media":5941830,"comment_status":"open","ping_status":"closed","template":"","meta":[],"product_brand":[3140],"product_cat":[1445,1539],"product_tag":[],"class_list":{"0":"post-734826","1":"product","2":"type-product","3":"status-publish","4":"has-post-thumbnail","6":"product_brand-matromarine-de","7":"product_cat-bilgengeblaese","8":"product_cat-motorlueftungssysteme","10":"first","11":"instock","12":"shipping-taxable","13":"purchasable","14":"product-type-simple"},"_links":{"self":[{"href":"https:\/\/stoic-curie.212-227-153-4.plesk.page\/de\/wp-json\/wp\/v2\/product\/734826","targetHints":{"allow":["GET"]}}],"collection":[{"href":"https:\/\/stoic-curie.212-227-153-4.plesk.page\/de\/wp-json\/wp\/v2\/product"}],"about":[{"href":"https:\/\/stoic-curie.212-227-153-4.plesk.page\/de\/wp-json\/wp\/v2\/types\/product"}],"replies":[{"embeddable":true,"href":"https:\/\/stoic-curie.212-227-153-4.plesk.page\/de\/wp-json\/wp\/v2\/comments?post=734826"}],"version-history":[{"count":0,"href":"https:\/\/stoic-curie.212-227-153-4.plesk.page\/de\/wp-json\/wp\/v2\/product\/734826\/revisions"}],"wp:featuredmedia":[{"embeddable":true,"href":"https:\/\/stoic-curie.212-227-153-4.plesk.page\/de\/wp-json\/wp\/v2\/media\/5941830"}],"wp:attachment":[{"href":"https:\/\/stoic-curie.212-227-153-4.plesk.page\/de\/wp-json\/wp\/v2\/media?parent=734826"}],"wp:term":[{"taxonomy":"product_brand","embeddable":true,"href":"https:\/\/stoic-curie.212-227-153-4.plesk.page\/de\/wp-json\/wp\/v2\/product_brand?post=734826"},{"taxonomy":"product_cat","embeddable":true,"href":"https:\/\/stoic-curie.212-227-153-4.plesk.page\/de\/wp-json\/wp\/v2\/product_cat?post=734826"},{"taxonomy":"product_tag","embeddable":true,"href":"https:\/\/stoic-curie.212-227-153-4.plesk.page\/de\/wp-json\/wp\/v2\/product_tag?post=734826"}],"curies":[{"name":"wp","href":"https:\/\/api.w.org\/{rel}","templated":true}]}}